{"id":114,"date":"2017-11-07T03:25:39","date_gmt":"2017-11-07T03:25:39","guid":{"rendered":"http:\/\/www1.hcmpreu.edu.vn\/?page_id=114"},"modified":"2022-11-11T08:03:26","modified_gmt":"2022-11-11T01:03:26","slug":"ban-giam-hieu","status":"publish","type":"page","link":"https:\/\/hcmpreu.edu.vn\/?page_id=114","title":{"rendered":"Ban Gi\u00e1m hi\u1ec7u"},"content":{"rendered":"<p>V\u1edbi nhi\u1ec7m v\u1ee5 l\u00e3nh \u0111\u1ea1o, \u0111i\u1ec1u h\u00e0nh c\u00e1c ho\u1ea1t \u0111\u1ed9ng c\u1ee7a Tr\u01b0\u1eddng, Ban Gi\u00e1m Hi\u1ec7u Tr\u01b0\u1eddng D\u1ef1 b\u1ecb \u0110\u1ea1i h\u1ecdc Th\u00e0nh ph\u1ed1 H\u1ed3 Ch\u00ed Minh hi\u1ec7n nay g\u1ed3m c\u00f3 c\u00e1c th\u00e0nh vi\u00ean sau \u0111\u00e2y:<\/p>\n<p><center><strong>HI\u1ec6U TR\u01af\u1edeNG<\/strong><\/center><\/p>\n<p style=\"text-align: center;\"><img loading=\"lazy\" decoding=\"async\" class=\"alignnone size-medium wp-image-115\" src=\"https:\/\/hcmpreu.edu.vn\/wp-content\/uploads\/2017\/11\/mg_4169-1-250x300.jpg\" alt=\"\" width=\"250\" height=\"300\" srcset=\"https:\/\/hcmpreu.edu.vn\/wp-content\/uploads\/2017\/11\/mg_4169-1-250x300.jpg 250w, https:\/\/hcmpreu.edu.vn\/wp-content\/uploads\/2017\/11\/mg_4169-1-125x150.jpg 125w, https:\/\/hcmpreu.edu.vn\/wp-content\/uploads\/2017\/11\/mg_4169-1.jpg 475w\" sizes=\"auto, (max-width: 250px) 100vw, 250px\" \/><\/p>\n<p><center><strong>ThS. L\u00ea H\u1eefu Th\u1ee9c<\/strong><br \/>\n<a href=\"mailto:lhthuc@hcmpreu.edu.vn\">lhthuc@hcmpreu.edu.vn<\/a><\/center><\/p>\n<hr \/>\n<p style=\"text-align: center;\"><strong>PH\u00d3 HI\u1ec6U TR\u01af\u1edeNG<\/strong><\/p>\n<p style=\"text-align: center;\"><img loading=\"lazy\" decoding=\"async\" class=\" wp-image-117 aligncenter\" src=\"https:\/\/hcmpreu.edu.vn\/wp-content\/uploads\/2017\/11\/mg_4175-1-246x300.jpg\" alt=\"\" width=\"246\" height=\"300\" srcset=\"https:\/\/hcmpreu.edu.vn\/wp-content\/uploads\/2017\/11\/mg_4175-1-246x300.jpg 246w, https:\/\/hcmpreu.edu.vn\/wp-content\/uploads\/2017\/11\/mg_4175-1-123x150.jpg 123w, https:\/\/hcmpreu.edu.vn\/wp-content\/uploads\/2017\/11\/mg_4175-1.jpg 475w\" sizes=\"auto, (max-width: 246px) 100vw, 246px\" \/><\/p>\n<p style=\"text-align: center;\"><strong>ThS. Nguy\u1ec5n Th\u1ecb MinhTh\u01b0<br \/>\n<\/strong><a href=\"mailto:ntmthu@hcmpreu.edu.vn\">ntmthu@hcmpreu.edu.vn<\/a><\/p>\n<p><img loading=\"lazy\" decoding=\"async\" class=\"wp-image-4641  aligncenter\" src=\"https:\/\/hcmpreu.edu.vn\/wp-content\/uploads\/2022\/11\/THAY_THIEN_PROFILE-225x300.jpg\" alt=\"\" width=\"247\" height=\"330\" srcset=\"https:\/\/hcmpreu.edu.vn\/wp-content\/uploads\/2022\/11\/THAY_THIEN_PROFILE-225x300.jpg 225w, https:\/\/hcmpreu.edu.vn\/wp-content\/uploads\/2022\/11\/THAY_THIEN_PROFILE-768x1023.jpg 768w, https:\/\/hcmpreu.edu.vn\/wp-content\/uploads\/2022\/11\/THAY_THIEN_PROFILE-1153x1536.jpg 1153w, https:\/\/hcmpreu.edu.vn\/wp-content\/uploads\/2022\/11\/THAY_THIEN_PROFILE-1537x2048.jpg 1537w, https:\/\/hcmpreu.edu.vn\/wp-content\/uploads\/2022\/11\/THAY_THIEN_PROFILE-150x200.jpg 150w, https:\/\/hcmpreu.edu.vn\/wp-content\/uploads\/2022\/11\/THAY_THIEN_PROFILE-113x150.jpg 113w, https:\/\/hcmpreu.edu.vn\/wp-content\/uploads\/2022\/11\/THAY_THIEN_PROFILE.jpg 1864w\" sizes=\"auto, (max-width: 247px) 100vw, 247px\" \/><\/p>\n<p style=\"text-align: center;\"><strong>ThS. Tr\u1ea7n Trung Thi\u1ec7n<\/strong><br \/>\n<a href=\"mailto:ttthien@hcmpreu.edu.vn\">ttthien@hcmpreu.edu.vn<\/a><\/p>\n","protected":false},"excerpt":{"rendered":"<p>V\u1edbi nhi\u1ec7m v\u1ee5 l\u00e3nh \u0111\u1ea1o, \u0111i\u1ec1u h\u00e0nh c\u00e1c ho\u1ea1t \u0111\u1ed9ng c\u1ee7a Tr\u01b0\u1eddng, Ban Gi\u00e1m Hi\u1ec7u Tr\u01b0\u1eddng D\u1ef1 b\u1ecb \u0110\u1ea1i h\u1ecdc Th\u00e0nh ph\u1ed1 H\u1ed3 Ch\u00ed Minh hi\u1ec7n nay g\u1ed3m c\u00f3 c\u00e1c th\u00e0nh vi\u00ean sau \u0111\u00e2y: HI\u1ec6U TR\u01af\u1edeNG ThS. L\u00ea H\u1eefu Th\u1ee9c lhthuc@hcmpreu.edu.vn PH\u00d3 HI\u1ec6U TR\u01af\u1edeNG ThS. Nguy\u1ec5n Th\u1ecb MinhTh\u01b0 ntmthu@hcmpreu.edu.vn ThS. Tr\u1ea7n Trung Thi\u1ec7n ttthien@hcmpreu.edu.vn<\/p>\n<p class=\"continue-reading-button\"> <a class=\"continue-reading-link\" href=\"https:\/\/hcmpreu.edu.vn\/?page_id=114\">\u0110\u1ecdc ti\u1ebfp<i class=\"crycon-right-dir\"><\/i><\/a><\/p>\n","protected":false},"author":1,"featured_media":0,"parent":0,"menu_order":0,"comment_status":"closed","ping_status":"closed","template":"","meta":{"footnotes":""},"class_list":["post-114","page","type-page","status-publish","hentry"],"yoast_head":"<!-- This site is optimized with the Yoast SEO plugin v27.4 - https:\/\/yoast.com\/product\/yoast-seo-wordpress\/ -->\n<title>Ban Gi\u00e1m hi\u1ec7u - TR\u01af\u1edcNG D\u1ef0 B\u1eca \u0110\u1ea0I H\u1eccC TP.HCM<\/title>\n<meta name=\"robots\" content=\"index, follow, max-snippet:-1, max-image-preview:large, max-video-preview:-1\" \/>\n<link rel=\"canonical\" href=\"https:\/\/hcmpreu.edu.vn\/?page_id=114\" \/>\n<meta property=\"og:locale\" content=\"en_US\" \/>\n<meta property=\"og:type\" content=\"article\" \/>\n<meta property=\"og:title\" content=\"Ban Gi\u00e1m hi\u1ec7u - TR\u01af\u1edcNG D\u1ef0 B\u1eca \u0110\u1ea0I H\u1eccC TP.HCM\" \/>\n<meta property=\"og:description\" content=\"V\u1edbi nhi\u1ec7m v\u1ee5 l\u00e3nh \u0111\u1ea1o, \u0111i\u1ec1u h\u00e0nh c\u00e1c ho\u1ea1t \u0111\u1ed9ng c\u1ee7a Tr\u01b0\u1eddng, Ban Gi\u00e1m Hi\u1ec7u Tr\u01b0\u1eddng D\u1ef1 b\u1ecb \u0110\u1ea1i h\u1ecdc Th\u00e0nh ph\u1ed1 H\u1ed3 Ch\u00ed Minh hi\u1ec7n nay g\u1ed3m c\u00f3 c\u00e1c th\u00e0nh vi\u00ean sau \u0111\u00e2y: HI\u1ec6U TR\u01af\u1edeNG ThS. L\u00ea H\u1eefu Th\u1ee9c lhthuc@hcmpreu.edu.vn PH\u00d3 HI\u1ec6U TR\u01af\u1edeNG ThS. Nguy\u1ec5n Th\u1ecb MinhTh\u01b0 ntmthu@hcmpreu.edu.vn ThS. Tr\u1ea7n Trung Thi\u1ec7n ttthien@hcmpreu.edu.vn \u0110\u1ecdc ti\u1ebfp\" \/>\n<meta property=\"og:url\" content=\"https:\/\/hcmpreu.edu.vn\/?page_id=114\" \/>\n<meta property=\"og:site_name\" content=\"TR\u01af\u1edcNG D\u1ef0 B\u1eca \u0110\u1ea0I H\u1eccC TP.HCM\" \/>\n<meta property=\"article:modified_time\" content=\"2022-11-11T01:03:26+00:00\" \/>\n<meta property=\"og:image\" content=\"https:\/\/hcmpreu.edu.vn\/wp-content\/uploads\/2017\/11\/mg_4169-1-250x300.jpg\" \/>\n<meta name=\"twitter:card\" content=\"summary_large_image\" \/>\n<meta name=\"twitter:label1\" content=\"Est. reading time\" \/>\n\t<meta name=\"twitter:data1\" content=\"1 minute\" \/>\n<script type=\"application\/ld+json\" class=\"yoast-schema-graph\">{\"@context\":\"https:\\\/\\\/schema.org\",\"@graph\":[{\"@type\":\"WebPage\",\"@id\":\"https:\\\/\\\/hcmpreu.edu.vn\\\/?page_id=114\",\"url\":\"https:\\\/\\\/hcmpreu.edu.vn\\\/?page_id=114\",\"name\":\"Ban Gi\u00e1m hi\u1ec7u - TR\u01af\u1edcNG D\u1ef0 B\u1eca \u0110\u1ea0I H\u1eccC TP.HCM\",\"isPartOf\":{\"@id\":\"https:\\\/\\\/hcmpreu.edu.vn\\\/#website\"},\"primaryImageOfPage\":{\"@id\":\"https:\\\/\\\/hcmpreu.edu.vn\\\/?page_id=114#primaryimage\"},\"image\":{\"@id\":\"https:\\\/\\\/hcmpreu.edu.vn\\\/?page_id=114#primaryimage\"},\"thumbnailUrl\":\"https:\\\/\\\/hcmpreu.edu.vn\\\/wp-content\\\/uploads\\\/2017\\\/11\\\/mg_4169-1-250x300.jpg\",\"datePublished\":\"2017-11-07T03:25:39+00:00\",\"dateModified\":\"2022-11-11T01:03:26+00:00\",\"breadcrumb\":{\"@id\":\"https:\\\/\\\/hcmpreu.edu.vn\\\/?page_id=114#breadcrumb\"},\"inLanguage\":\"en-US\",\"potentialAction\":[{\"@type\":\"ReadAction\",\"target\":[\"https:\\\/\\\/hcmpreu.edu.vn\\\/?page_id=114\"]}]},{\"@type\":\"ImageObject\",\"inLanguage\":\"en-US\",\"@id\":\"https:\\\/\\\/hcmpreu.edu.vn\\\/?page_id=114#primaryimage\",\"url\":\"https:\\\/\\\/hcmpreu.edu.vn\\\/wp-content\\\/uploads\\\/2017\\\/11\\\/mg_4169-1-250x300.jpg\",\"contentUrl\":\"https:\\\/\\\/hcmpreu.edu.vn\\\/wp-content\\\/uploads\\\/2017\\\/11\\\/mg_4169-1-250x300.jpg\"},{\"@type\":\"BreadcrumbList\",\"@id\":\"https:\\\/\\\/hcmpreu.edu.vn\\\/?page_id=114#breadcrumb\",\"itemListElement\":[{\"@type\":\"ListItem\",\"position\":1,\"name\":\"Home\",\"item\":\"https:\\\/\\\/hcmpreu.edu.vn\\\/\"},{\"@type\":\"ListItem\",\"position\":2,\"name\":\"Ban Gi\u00e1m hi\u1ec7u\"}]},{\"@type\":\"WebSite\",\"@id\":\"https:\\\/\\\/hcmpreu.edu.vn\\\/#website\",\"url\":\"https:\\\/\\\/hcmpreu.edu.vn\\\/\",\"name\":\"TR\u01af\u1edcNG D\u1ef0 B\u1eca \u0110\u1ea0I H\u1eccC TP.HCM\",\"description\":\"Pre-University\",\"potentialAction\":[{\"@type\":\"SearchAction\",\"target\":{\"@type\":\"EntryPoint\",\"urlTemplate\":\"https:\\\/\\\/hcmpreu.edu.vn\\\/?s={search_term_string}\"},\"query-input\":{\"@type\":\"PropertyValueSpecification\",\"valueRequired\":true,\"valueName\":\"search_term_string\"}}],\"inLanguage\":\"en-US\"}]}<\/script>\n<!-- \/ Yoast SEO plugin. -->","yoast_head_json":{"title":"Ban Gi\u00e1m hi\u1ec7u - TR\u01af\u1edcNG D\u1ef0 B\u1eca \u0110\u1ea0I H\u1eccC TP.HCM","robots":{"index":"index","follow":"follow","max-snippet":"max-snippet:-1","max-image-preview":"max-image-preview:large","max-video-preview":"max-video-preview:-1"},"canonical":"https:\/\/hcmpreu.edu.vn\/?page_id=114","og_locale":"en_US","og_type":"article","og_title":"Ban Gi\u00e1m hi\u1ec7u - TR\u01af\u1edcNG D\u1ef0 B\u1eca \u0110\u1ea0I H\u1eccC TP.HCM","og_description":"V\u1edbi nhi\u1ec7m v\u1ee5 l\u00e3nh \u0111\u1ea1o, \u0111i\u1ec1u h\u00e0nh c\u00e1c ho\u1ea1t \u0111\u1ed9ng c\u1ee7a Tr\u01b0\u1eddng, Ban Gi\u00e1m Hi\u1ec7u Tr\u01b0\u1eddng D\u1ef1 b\u1ecb \u0110\u1ea1i h\u1ecdc Th\u00e0nh ph\u1ed1 H\u1ed3 Ch\u00ed Minh hi\u1ec7n nay g\u1ed3m c\u00f3 c\u00e1c th\u00e0nh vi\u00ean sau \u0111\u00e2y: HI\u1ec6U TR\u01af\u1edeNG ThS. L\u00ea H\u1eefu Th\u1ee9c lhthuc@hcmpreu.edu.vn PH\u00d3 HI\u1ec6U TR\u01af\u1edeNG ThS. Nguy\u1ec5n Th\u1ecb MinhTh\u01b0 ntmthu@hcmpreu.edu.vn ThS. Tr\u1ea7n Trung Thi\u1ec7n ttthien@hcmpreu.edu.vn \u0110\u1ecdc ti\u1ebfp","og_url":"https:\/\/hcmpreu.edu.vn\/?page_id=114","og_site_name":"TR\u01af\u1edcNG D\u1ef0 B\u1eca \u0110\u1ea0I H\u1eccC TP.HCM","article_modified_time":"2022-11-11T01:03:26+00:00","og_image":[{"url":"https:\/\/hcmpreu.edu.vn\/wp-content\/uploads\/2017\/11\/mg_4169-1-250x300.jpg","type":"","width":"","height":""}],"twitter_card":"summary_large_image","twitter_misc":{"Est. reading time":"1 minute"},"schema":{"@context":"https:\/\/schema.org","@graph":[{"@type":"WebPage","@id":"https:\/\/hcmpreu.edu.vn\/?page_id=114","url":"https:\/\/hcmpreu.edu.vn\/?page_id=114","name":"Ban Gi\u00e1m hi\u1ec7u - TR\u01af\u1edcNG D\u1ef0 B\u1eca \u0110\u1ea0I H\u1eccC TP.HCM","isPartOf":{"@id":"https:\/\/hcmpreu.edu.vn\/#website"},"primaryImageOfPage":{"@id":"https:\/\/hcmpreu.edu.vn\/?page_id=114#primaryimage"},"image":{"@id":"https:\/\/hcmpreu.edu.vn\/?page_id=114#primaryimage"},"thumbnailUrl":"https:\/\/hcmpreu.edu.vn\/wp-content\/uploads\/2017\/11\/mg_4169-1-250x300.jpg","datePublished":"2017-11-07T03:25:39+00:00","dateModified":"2022-11-11T01:03:26+00:00","breadcrumb":{"@id":"https:\/\/hcmpreu.edu.vn\/?page_id=114#breadcrumb"},"inLanguage":"en-US","potentialAction":[{"@type":"ReadAction","target":["https:\/\/hcmpreu.edu.vn\/?page_id=114"]}]},{"@type":"ImageObject","inLanguage":"en-US","@id":"https:\/\/hcmpreu.edu.vn\/?page_id=114#primaryimage","url":"https:\/\/hcmpreu.edu.vn\/wp-content\/uploads\/2017\/11\/mg_4169-1-250x300.jpg","contentUrl":"https:\/\/hcmpreu.edu.vn\/wp-content\/uploads\/2017\/11\/mg_4169-1-250x300.jpg"},{"@type":"BreadcrumbList","@id":"https:\/\/hcmpreu.edu.vn\/?page_id=114#breadcrumb","itemListElement":[{"@type":"ListItem","position":1,"name":"Home","item":"https:\/\/hcmpreu.edu.vn\/"},{"@type":"ListItem","position":2,"name":"Ban Gi\u00e1m hi\u1ec7u"}]},{"@type":"WebSite","@id":"https:\/\/hcmpreu.edu.vn\/#website","url":"https:\/\/hcmpreu.edu.vn\/","name":"TR\u01af\u1edcNG D\u1ef0 B\u1eca \u0110\u1ea0I H\u1eccC TP.HCM","description":"Pre-University","potentialAction":[{"@type":"SearchAction","target":{"@type":"EntryPoint","urlTemplate":"https:\/\/hcmpreu.edu.vn\/?s={search_term_string}"},"query-input":{"@type":"PropertyValueSpecification","valueRequired":true,"valueName":"search_term_string"}}],"inLanguage":"en-US"}]}},"_links":{"self":[{"href":"https:\/\/hcmpreu.edu.vn\/index.php?rest_route=\/wp\/v2\/pages\/114","targetHints":{"allow":["GET"]}}],"collection":[{"href":"https:\/\/hcmpreu.edu.vn\/index.php?rest_route=\/wp\/v2\/pages"}],"about":[{"href":"https:\/\/hcmpreu.edu.vn\/index.php?rest_route=\/wp\/v2\/types\/page"}],"author":[{"embeddable":true,"href":"https:\/\/hcmpreu.edu.vn\/index.php?rest_route=\/wp\/v2\/users\/1"}],"replies":[{"embeddable":true,"href":"https:\/\/hcmpreu.edu.vn\/index.php?rest_route=%2Fwp%2Fv2%2Fcomments&post=114"}],"version-history":[{"count":72,"href":"https:\/\/hcmpreu.edu.vn\/index.php?rest_route=\/wp\/v2\/pages\/114\/revisions"}],"predecessor-version":[{"id":4652,"href":"https:\/\/hcmpreu.edu.vn\/index.php?rest_route=\/wp\/v2\/pages\/114\/revisions\/4652"}],"wp:attachment":[{"href":"https:\/\/hcmpreu.edu.vn\/index.php?rest_route=%2Fwp%2Fv2%2Fmedia&parent=114"}],"curies":[{"name":"wp","href":"https:\/\/api.w.org\/{rel}","templated":true}]}}