{"id":175,"date":"2020-02-19T20:43:00","date_gmt":"2020-02-19T13:43:00","guid":{"rendered":"http:\/\/www1.hcmpreu.edu.vn\/?page_id=175"},"modified":"2021-11-18T23:08:05","modified_gmt":"2021-11-18T16:08:05","slug":"bo-mon-toan","status":"publish","type":"page","link":"https:\/\/hcmpreu.edu.vn\/?page_id=175","title":{"rendered":"B\u1ed9 m\u00f4n To\u00e1n"},"content":{"rendered":"\n<p>Tr\u01b0\u1edbc th\u00e1ng 2\/2008 B\u1ed9 m\u00f4n c\u00f3 t\u00ean g\u1ecdi l\u00e0 B\u1ed9 m\u00f4n To\u00e1n \u2013 Tin h\u1ecdc g\u1ed3m hai t\u1ed5 \u0111\u00f3 l\u00e0 t\u1ed5 To\u00e1n h\u1ecdc v\u00e0 t\u1ed5 Tin h\u1ecdc. T\u1eeb th\u00e1ng 02\/2008, v\u1edbi Quy\u1ebft \u0111\u1ecbnh s\u1ed1 37\/Q\u0110-DB\u0110H ng\u00e0y 28\/2\/2008 c\u1ee7a Hi\u1ec7u tr\u01b0\u1edfng tr\u01b0\u1eddng D\u1ef1 b\u1ecb \u0111\u1ea1i h\u1ecdc TP. HCM, b\u1ed9 m\u00f4n To\u00e1n \u2013 Tin h\u1ecdc \u0111\u01b0\u1ee3c t\u00e1ch th\u00e0nh hai b\u1ed9 m\u00f4n l\u00e0 b\u1ed9 m\u00f4n To\u00e1n h\u1ecdc v\u00e0 b\u1ed9 m\u00f4n Tin h\u1ecdc.<\/p>\n<p>Hi\u1ec7n nay, b\u1ed9 m\u00f4n To\u00e1n h\u1ecdc c\u00f3 08 gi\u00e1o vi\u00ean.<\/p>\n<ul>\n<li>ThS L\u00ea H\u1eefu Th\u1ee9c (Hi\u1ec7u tr\u01b0\u1edfng, B\u00ed th\u01b0 \u0110\u1ea3ng \u1ee7y)<\/li>\n<li>ThS Nguy\u1ec5n Th\u1ecb Minh Th\u01b0 (Ph\u00f3 Hi\u1ec7u tr\u01b0\u1edfng, Ph\u00f3 B\u00ed th\u01b0 \u0110\u1ea3ng \u1ee7y)<\/li>\n<li>ThS Nguy\u1ec5n Th\u1ecb Hi\u1ec1n (Tr\u01b0\u1edfng B\u1ed9 m\u00f4n To\u00e1n)<\/li>\n<li>ThS Nguy\u1ec5n Th\u1ecb C\u00fac H\u01b0\u01a1ng<\/li>\n<li>ThS Tr\u01b0\u01a1ng Huy Ho\u00e0ng<\/li>\n<li>ThS Tr\u1ea7n H\u1ea1nh T\u01b0\u1eddng Vy<\/li>\n<li>ThS V\u00f5 Tr\u1ea7n An<\/li>\n<li>ThS Tr\u1ea7n Th\u1ecb Qu\u1ebf Tr\u00e2m (T\u1ed5 tr\u01b0\u1edfng C\u00f4ng \u0111o\u00e0n B\u1ed9 m\u00f4n To\u00e1n h\u1ecdc)<\/li>\n<\/ul>\n<p><img loading=\"lazy\" decoding=\"async\" class=\"size-full wp-image-2207 aligncenter\" src=\"https:\/\/hcmpreu.edu.vn\/wp-content\/uploads\/2020\/02\/181_1.jpg\" alt=\"\" width=\"265\" height=\"238\" srcset=\"https:\/\/hcmpreu.edu.vn\/wp-content\/uploads\/2020\/02\/181_1.jpg 265w, https:\/\/hcmpreu.edu.vn\/wp-content\/uploads\/2020\/02\/181_1-200x180.jpg 200w, https:\/\/hcmpreu.edu.vn\/wp-content\/uploads\/2020\/02\/181_1-150x135.jpg 150w\" sizes=\"auto, (max-width: 265px) 100vw, 265px\" \/><\/p>\n<p style=\"text-align: center;\">ThS Nguy\u1ec5n Th\u1ecb Hi\u1ec1n (Tr\u01b0\u1edfng B\u1ed9 m\u00f4n To\u00e1n)<\/p>\n<p><strong>C\u00e1c Tr\u01b0\u1edfng B\u1ed9 m\u00f4n To\u00e1n qua c\u00e1c th\u1eddi k\u1ef3:<\/strong><\/p>\n<ul>\n<li>Th\u1ea7y D\u01b0\u01a1ng Cao Th\u0103ng<\/li>\n<li>C\u00f4 \u0110o\u00e0n \u00c1i Th\u01a1<\/li>\n<li>Th\u1ea7y Tr\u1ea7n M\u1ea1nh H\u1ea3o<\/li>\n<li>Th\u1ea7y Chu \u0110\u1ee9c Kh\u00e1nh<\/li>\n<li>C\u00f4 Nguy\u1ec5n Th\u1ecb Thanh H\u01b0\u01a1ng<\/li>\n<li>C\u00f4 Nguy\u1ec5n Th\u1ecb Minh Th\u01b0<\/li>\n<li>C\u00f4 Nguy\u1ec5n Th\u1ecb Hi\u1ec1n<br \/><img loading=\"lazy\" decoding=\"async\" class=\" wp-image-2208 aligncenter\" src=\"https:\/\/hcmpreu.edu.vn\/wp-content\/uploads\/2020\/02\/181_1-1-300x192.jpg\" alt=\"\" width=\"423\" height=\"271\" srcset=\"https:\/\/hcmpreu.edu.vn\/wp-content\/uploads\/2020\/02\/181_1-1-300x192.jpg 300w, https:\/\/hcmpreu.edu.vn\/wp-content\/uploads\/2020\/02\/181_1-1-200x128.jpg 200w, https:\/\/hcmpreu.edu.vn\/wp-content\/uploads\/2020\/02\/181_1-1-150x96.jpg 150w, https:\/\/hcmpreu.edu.vn\/wp-content\/uploads\/2020\/02\/181_1-1.jpg 440w\" sizes=\"auto, (max-width: 423px) 100vw, 423px\" \/><\/li>\n<\/ul>\n<p style=\"text-align: center;\">C\u00c1C GI\u1ea2NG VI\u00caN B\u1ed8 M\u00d4N TO\u00c1N &#8211; N\u0102M 2010<\/p>\n<p>B\u1ed9 m\u00f4n To\u00e1n t\u1eeb nh\u1eefng ng\u00e0y \u0111\u1ea7u th\u00e0nh l\u1eadp tr\u01b0\u1eddng \u0111\u00e3 qui t\u1ee5 \u0111\u01b0\u1ee3c nhi\u1ec1u Th\u1ea7y C\u00f4 gi\u00e1o y\u00eau ngh\u1ec1, t\u1eadn t\u00e2m trong gi\u1ea3ng d\u1ea1y, \u0111\u00f3ng g\u00f3p m\u1ed9t ph\u1ea7n kh\u00f4ng nh\u1ecf v\u00e0o nh\u1eefng th\u00e0nh qu\u1ea3 c\u1ee7a Tr\u01b0\u1eddng su\u1ed1t t\u1eeb 1976 \u0111\u1ebfn nay.<\/p>\n<p>Gi\u1ea3ng vi\u00ean B\u1ed9 m\u00f4n To\u00e1n \u0111\u00e3 ngh\u1ec9 h\u01b0u ho\u1eb7c chuy\u1ec3n c\u00f4ng t\u00e1c: D\u01b0\u01a1ng Cao Th\u0103ng \u25cf Cao V\u0103n Th\u1ed1 \u25cf Nguy\u1ec5n V\u0103n Tr\u00ean \u25cf \u0110inh Ng\u1ecdc Thanh \u25cf Tr\u1ea7n V\u0103n Ngh\u0129a \u25cf L\u00ea \u0110\u00ecnh Ch\u01b0\u01a1ng \u25cf Nguy\u1ec5n Phan \u25cf \u0110o\u00e0n \u00c1i Th\u01a1 \u25cf \u0110\u00e1i Ph\u00f9ng Th\u1eddi \u25cf Cung B\u1ec9nh Duy\u1ec7t \u25cf Tr\u1ea7n C\u00f4ng Ch\u00edn \u25cf Nguy\u1ec5n V\u0103n S\u0129 \u25cf Nguy\u1ec5n Tr\u1ecdng Tu\u1ea5n \u25cf L\u00e2m S\u01b0 T\u00f9ng \u25cf Ch\u00e2u Ho\u00e0ng Ti\u1ec3ng \u25cf Ho\u00e0ng Ng\u1ecdc Quang \u25cf Nguy\u1ec5n Th\u1ecb Ninh \u25cf Nguy\u1ec5n Th\u1ecb Anh Th\u01b0 \u25cf Nguy\u1ec5n Th\u1ecb B\u00edch Th\u1ee7y \u25cf Hu\u1ef3nh Minh Hu\u1ec7 \u25cf Nguy\u1ec5n T\u1eeb T\u00e2m \u25cf Nguy\u1ec5n Loan \u25cf H\u1ed3 Kim Qu\u1ed1c \u25cf B\u00f9i V\u0103n H\u1ea3i \u25cf Nguy\u1ec5n V\u0103n B\u00e1 \u25cf Tr\u1ea7n M\u1ea1nh H\u1ea3o \u25cf Nguy\u1ec5n V\u0103n H\u00f2a \u25cf Chu \u0110\u1ee9c Kh\u00e1nh \u25cf L\u00ea Th\u1ecb Nh\u00e3\u00a0\u25cf Nguy\u1ec5n Th\u1ecb Thanh H\u01b0\u01a1ng \u25cf Phan L\u00ea Anh Nh\u1eadt\u00a0\u25cf Ph\u1ea1m T\u1ea5n T\u00e0i \u25cfV\u00f5 Th\u1ecb Minh Nh\u1eadt \u25cf Tr\u1ea7n Th\u1ecb Hi\u1ebfu Ngh\u0129a \u25cf Ph\u1ea1m Ng\u1ecdc Mi\u00ean \u25cf \u0110\u1eb7ng Tr\u1ea7n Th\u1ea3o Lam \u25cf Nguy\u1ec5n Thanh Long \u25cf L\u00ea Th\u1ecb Th\u1ea3o.<\/p>\n<p style=\"text-align: center;\"><img loading=\"lazy\" decoding=\"async\" class=\"alignnone  wp-image-2209 aligncenter\" src=\"https:\/\/hcmpreu.edu.vn\/wp-content\/uploads\/2020\/02\/181_1-2-300x192.jpg\" alt=\"\" width=\"452\" height=\"289\" srcset=\"https:\/\/hcmpreu.edu.vn\/wp-content\/uploads\/2020\/02\/181_1-2-300x192.jpg 300w, https:\/\/hcmpreu.edu.vn\/wp-content\/uploads\/2020\/02\/181_1-2-200x128.jpg 200w, https:\/\/hcmpreu.edu.vn\/wp-content\/uploads\/2020\/02\/181_1-2-150x96.jpg 150w, https:\/\/hcmpreu.edu.vn\/wp-content\/uploads\/2020\/02\/181_1-2.jpg 447w\" sizes=\"auto, (max-width: 452px) 100vw, 452px\" \/><br \/>T\u1eacP TH\u1ec2 GI\u1ea2NG VI\u00caN B\u1ed8 M\u00d4N TO\u00c1N N\u0102M H\u1eccC 2016 &#8211; 2017<\/p>\n<p><img loading=\"lazy\" decoding=\"async\" class=\" wp-image-2210 aligncenter\" src=\"https:\/\/hcmpreu.edu.vn\/wp-content\/uploads\/2020\/02\/181_1-3-300x225.jpg\" alt=\"\" width=\"440\" height=\"330\" srcset=\"https:\/\/hcmpreu.edu.vn\/wp-content\/uploads\/2020\/02\/181_1-3-300x225.jpg 300w, https:\/\/hcmpreu.edu.vn\/wp-content\/uploads\/2020\/02\/181_1-3-200x150.jpg 200w, https:\/\/hcmpreu.edu.vn\/wp-content\/uploads\/2020\/02\/181_1-3-150x113.jpg 150w, https:\/\/hcmpreu.edu.vn\/wp-content\/uploads\/2020\/02\/181_1-3.jpg 468w\" sizes=\"auto, (max-width: 440px) 100vw, 440px\" \/><\/p>\n<p style=\"text-align: center;\">T\u1eacP TH\u1ec2 GI\u00c1O VI\u00caN B\u1ed8 M\u00d4N TO\u00c1N N\u0102M H\u1eccC 2017 \u2013 2018 \u0110\u1ebeN NAY<\/p>\n<p>\u0110i c\u00f9ng v\u1edbi s\u1ef1 x\u00e2y d\u1ef1ng v\u00e0 ph\u00e1t tri\u1ec3n c\u1ee7a Nh\u00e0 tr\u01b0\u1eddng su\u1ed1t ch\u1eb7ng \u0111\u01b0\u1eddng 45 n\u0103m, v\u1edbi truy\u1ec1n th\u1ed1ng \u0111o\u00e0n k\u1ebft, l\u00e0m vi\u1ec7c v\u1edbi tinh th\u1ea7n tr\u00e1ch nhi\u1ec7m cao, B\u1ed9 m\u00f4n To\u00e1n \u0111\u00e3 g\u1eb7t h\u00e1i \u0111\u01b0\u1ee3c nhi\u1ec1u th\u00e0nh c\u00f4ng. Nh\u1eefng th\u00e0nh t\u00edch b\u1ed9 m\u00f4n To\u00e1n \u0111\u00e3 \u0111\u1ea1t \u0111\u01b0\u1ee3c trong th\u1eddi gian qua:<\/p>\n<ul>\n<li>\u0110\u1ea1t danh hi\u1ec7u <em>T\u1eadp th\u1ec3 Lao \u0111\u1ed9ng ti\u00ean ti\u1ebfn<\/em> c\u00e1c n\u0103m h\u1ecdc: 2000-2001, 2001-2002, 2002- 2003, 2003-2004, 2004-2005, 2007-2008, 2009-2010, 2015-2016.<\/li>\n<li>\u0110\u1ea1t danh hi\u1ec7u <em>T\u1eadp th\u1ec3 Lao \u0111\u1ed9ng xu\u1ea5t s\u1eafc<\/em> c\u00e1c n\u0103m h\u1ecdc: 2005- 2006, 2006-2007, 2008- 2009, 2010-2011, 2011-2012, 2012-2013, 2013-2014, 2014-2015, 2015-2016, 2017-2018, 2018 &#8211; 2019<\/li>\n<li>\u0110\u1ea1t danh hi\u1ec7u <em>T\u1eadp th\u1ec3 Lao \u0111\u1ed9ng xu\u1ea5t s\u1eafc c\u1ea5p B\u1ed9<\/em> n\u0103m h\u1ecdc: 2008-2009.<\/li>\n<li><em>B\u1ed9 Gi\u00e1o d\u1ee5c v\u00e0 \u0110\u00e0o t\u1ea1o t\u1eb7ng B\u1eb1ng khen:<\/em> c\u00e1c giai \u0111o\u1ea1n 1990-2000, 2000-2004, 1976 -2006. C\u00e1c n\u0103m h\u1ecdc 2005-2006, 2010 -2011, 2012-2013.<\/li>\n<li><em>\u1ee6y ban nh\u00e2n d\u00e2n Th\u00e0nh ph\u1ed1 H\u1ed3 Ch\u00ed Minh t\u1eb7ng B\u1eb1ng khen<\/em> giai \u0111o\u1ea1n: 1976 -2006.<\/li>\n<li>C\u00f3 2 c\u00e1 nh\u00e2n \u0111\u01b0\u1ee3c nh\u1eadn <em>B\u1eb1ng khen c\u1ee7a Th\u1ee7 t\u01b0\u1edbng.<\/em><\/li>\n<li>Nhi\u1ec1u gi\u1ea3ng vi\u00ean c\u1ee7a B\u1ed9 m\u00f4n li\u00ean t\u1ee5c nhi\u1ec1u n\u0103m \u0111\u1ea1t danh hi\u1ec7u <em>Chi\u1ebfn s\u0129 thi \u0111ua c\u1ea5p Tr\u01b0\u1eddng<\/em>, \u0111\u01b0\u1ee3c nh\u1eadn <em>b\u1eb1ng khen c\u1ee7a B\u1ed9 Gi\u00e1o d\u1ee5c v\u00e0 \u0110\u00e0o t\u1ea1o<\/em>.<\/li>\n<\/ul>\n<p>Ti\u1ebfp b\u01b0\u1edbc truy\u1ec1n th\u1ed1ng t\u1ed1t \u0111\u1eb9p c\u1ee7a B\u1ed9 m\u00f4n To\u00e1n, m\u1ed7i gi\u1ea3ng vi\u00ean quy\u1ebft t\u00e2m kh\u00f4ng ng\u1eebng h\u1ecdc t\u1eadp n\u00e2ng cao tr\u00ecnh \u0111\u1ed9, lu\u00f4n ph\u1ea5n \u0111\u1ea5u ho\u00e0n th\u00e0nh t\u1ed1t nhi\u1ec7m v\u1ee5 \u0111\u01b0\u1ee3c giao \u0111\u1ec3 c\u00f9ng nhau x\u00e2y d\u1ef1ng Tr\u01b0\u1eddng D\u1ef1 b\u1ecb \u0111\u1ea1i h\u1ecdc TP. H\u1ed3 Ch\u00ed Minh v\u1eefng b\u01b0\u1edbc \u0111i l\u00ean.<\/p>\n<p>\u00a0<\/p>\n","protected":false},"excerpt":{"rendered":"<p>Tr\u01b0\u1edbc th\u00e1ng 2\/2008 B\u1ed9 m\u00f4n c\u00f3 t\u00ean g\u1ecdi l\u00e0 B\u1ed9 m\u00f4n To\u00e1n \u2013 Tin h\u1ecdc g\u1ed3m hai t\u1ed5 \u0111\u00f3 l\u00e0 t\u1ed5 To\u00e1n h\u1ecdc v\u00e0 t\u1ed5 Tin h\u1ecdc. T\u1eeb th\u00e1ng 02\/2008, v\u1edbi Quy\u1ebft \u0111\u1ecbnh s\u1ed1 37\/Q\u0110-DB\u0110H ng\u00e0y 28\/2\/2008 c\u1ee7a Hi\u1ec7u tr\u01b0\u1edfng tr\u01b0\u1eddng D\u1ef1 b\u1ecb \u0111\u1ea1i h\u1ecdc TP. HCM, b\u1ed9 m\u00f4n To\u00e1n \u2013 Tin h\u1ecdc \u0111\u01b0\u1ee3c t\u00e1ch th\u00e0nh hai b\u1ed9 m\u00f4n l\u00e0 b\u1ed9 m\u00f4n To\u00e1n h\u1ecdc v\u00e0 b\u1ed9 m\u00f4n Tin h\u1ecdc. Hi\u1ec7n nay, b\u1ed9 m\u00f4n To\u00e1n h\u1ecdc c\u00f3 08 gi\u00e1o vi\u00ean. ThS L\u00ea H\u1eefu Th\u1ee9c (Hi\u1ec7u tr\u01b0\u1edfng, B\u00ed th\u01b0 \u0110\u1ea3ng \u1ee7y) ThS Nguy\u1ec5n Th\u1ecb Minh Th\u01b0 (Ph\u00f3 Hi\u1ec7u tr\u01b0\u1edfng, Ph\u00f3 B\u00ed th\u01b0\u2026<\/p>\n<p class=\"continue-reading-button\"> <a class=\"continue-reading-link\" href=\"https:\/\/hcmpreu.edu.vn\/?page_id=175\">\u0110\u1ecdc ti\u1ebfp<i class=\"crycon-right-dir\"><\/i><\/a><\/p>\n","protected":false},"author":3,"featured_media":0,"parent":0,"menu_order":0,"comment_status":"closed","ping_status":"closed","template":"","meta":{"_acf_changed":false,"footnotes":""},"class_list":["post-175","page","type-page","status-publish","hentry"],"acf":[],"yoast_head":"<!-- This site is optimized with the Yoast SEO plugin v27.4 - https:\/\/yoast.com\/product\/yoast-seo-wordpress\/ -->\n<title>B\u1ed9 m\u00f4n To\u00e1n - TR\u01af\u1edcNG D\u1ef0 B\u1eca \u0110\u1ea0I H\u1eccC TP.HCM<\/title>\n<meta name=\"robots\" content=\"index, follow, max-snippet:-1, max-image-preview:large, max-video-preview:-1\" \/>\n<link rel=\"canonical\" href=\"https:\/\/hcmpreu.edu.vn\/?page_id=175\" \/>\n<meta property=\"og:locale\" content=\"en_US\" \/>\n<meta property=\"og:type\" content=\"article\" \/>\n<meta property=\"og:title\" content=\"B\u1ed9 m\u00f4n To\u00e1n - TR\u01af\u1edcNG D\u1ef0 B\u1eca \u0110\u1ea0I H\u1eccC TP.HCM\" \/>\n<meta property=\"og:description\" content=\"Tr\u01b0\u1edbc th\u00e1ng 2\/2008 B\u1ed9 m\u00f4n c\u00f3 t\u00ean g\u1ecdi l\u00e0 B\u1ed9 m\u00f4n To\u00e1n \u2013 Tin h\u1ecdc g\u1ed3m hai t\u1ed5 \u0111\u00f3 l\u00e0 t\u1ed5 To\u00e1n h\u1ecdc v\u00e0 t\u1ed5 Tin h\u1ecdc. T\u1eeb th\u00e1ng 02\/2008, v\u1edbi Quy\u1ebft \u0111\u1ecbnh s\u1ed1 37\/Q\u0110-DB\u0110H ng\u00e0y 28\/2\/2008 c\u1ee7a Hi\u1ec7u tr\u01b0\u1edfng tr\u01b0\u1eddng D\u1ef1 b\u1ecb \u0111\u1ea1i h\u1ecdc TP. HCM, b\u1ed9 m\u00f4n To\u00e1n \u2013 Tin h\u1ecdc \u0111\u01b0\u1ee3c t\u00e1ch th\u00e0nh hai b\u1ed9 m\u00f4n l\u00e0 b\u1ed9 m\u00f4n To\u00e1n h\u1ecdc v\u00e0 b\u1ed9 m\u00f4n Tin h\u1ecdc. Hi\u1ec7n nay, b\u1ed9 m\u00f4n To\u00e1n h\u1ecdc c\u00f3 08 gi\u00e1o vi\u00ean. ThS L\u00ea H\u1eefu Th\u1ee9c (Hi\u1ec7u tr\u01b0\u1edfng, B\u00ed th\u01b0 \u0110\u1ea3ng \u1ee7y) ThS Nguy\u1ec5n Th\u1ecb Minh Th\u01b0 (Ph\u00f3 Hi\u1ec7u tr\u01b0\u1edfng, Ph\u00f3 B\u00ed th\u01b0\u2026 \u0110\u1ecdc ti\u1ebfp\" \/>\n<meta property=\"og:url\" content=\"https:\/\/hcmpreu.edu.vn\/?page_id=175\" \/>\n<meta property=\"og:site_name\" content=\"TR\u01af\u1edcNG D\u1ef0 B\u1eca \u0110\u1ea0I H\u1eccC TP.HCM\" \/>\n<meta property=\"article:modified_time\" content=\"2021-11-18T16:08:05+00:00\" \/>\n<meta property=\"og:image\" content=\"https:\/\/hcmpreu.edu.vn\/wp-content\/uploads\/2020\/02\/181_1.jpg\" \/>\n<meta name=\"twitter:card\" content=\"summary_large_image\" \/>\n<meta name=\"twitter:label1\" content=\"Est. reading time\" \/>\n\t<meta name=\"twitter:data1\" content=\"4 minutes\" \/>\n<script type=\"application\/ld+json\" class=\"yoast-schema-graph\">{\"@context\":\"https:\\\/\\\/schema.org\",\"@graph\":[{\"@type\":\"WebPage\",\"@id\":\"https:\\\/\\\/hcmpreu.edu.vn\\\/?page_id=175\",\"url\":\"https:\\\/\\\/hcmpreu.edu.vn\\\/?page_id=175\",\"name\":\"B\u1ed9 m\u00f4n To\u00e1n - TR\u01af\u1edcNG D\u1ef0 B\u1eca \u0110\u1ea0I H\u1eccC TP.HCM\",\"isPartOf\":{\"@id\":\"https:\\\/\\\/hcmpreu.edu.vn\\\/#website\"},\"primaryImageOfPage\":{\"@id\":\"https:\\\/\\\/hcmpreu.edu.vn\\\/?page_id=175#primaryimage\"},\"image\":{\"@id\":\"https:\\\/\\\/hcmpreu.edu.vn\\\/?page_id=175#primaryimage\"},\"thumbnailUrl\":\"https:\\\/\\\/hcmpreu.edu.vn\\\/wp-content\\\/uploads\\\/2020\\\/02\\\/181_1.jpg\",\"datePublished\":\"2020-02-19T13:43:00+00:00\",\"dateModified\":\"2021-11-18T16:08:05+00:00\",\"breadcrumb\":{\"@id\":\"https:\\\/\\\/hcmpreu.edu.vn\\\/?page_id=175#breadcrumb\"},\"inLanguage\":\"en-US\",\"potentialAction\":[{\"@type\":\"ReadAction\",\"target\":[\"https:\\\/\\\/hcmpreu.edu.vn\\\/?page_id=175\"]}]},{\"@type\":\"ImageObject\",\"inLanguage\":\"en-US\",\"@id\":\"https:\\\/\\\/hcmpreu.edu.vn\\\/?page_id=175#primaryimage\",\"url\":\"https:\\\/\\\/hcmpreu.edu.vn\\\/wp-content\\\/uploads\\\/2020\\\/02\\\/181_1.jpg\",\"contentUrl\":\"https:\\\/\\\/hcmpreu.edu.vn\\\/wp-content\\\/uploads\\\/2020\\\/02\\\/181_1.jpg\",\"width\":265,\"height\":238},{\"@type\":\"BreadcrumbList\",\"@id\":\"https:\\\/\\\/hcmpreu.edu.vn\\\/?page_id=175#breadcrumb\",\"itemListElement\":[{\"@type\":\"ListItem\",\"position\":1,\"name\":\"Home\",\"item\":\"https:\\\/\\\/hcmpreu.edu.vn\\\/\"},{\"@type\":\"ListItem\",\"position\":2,\"name\":\"B\u1ed9 m\u00f4n To\u00e1n\"}]},{\"@type\":\"WebSite\",\"@id\":\"https:\\\/\\\/hcmpreu.edu.vn\\\/#website\",\"url\":\"https:\\\/\\\/hcmpreu.edu.vn\\\/\",\"name\":\"TR\u01af\u1edcNG D\u1ef0 B\u1eca \u0110\u1ea0I H\u1eccC TP.HCM\",\"description\":\"Pre-University\",\"potentialAction\":[{\"@type\":\"SearchAction\",\"target\":{\"@type\":\"EntryPoint\",\"urlTemplate\":\"https:\\\/\\\/hcmpreu.edu.vn\\\/?s={search_term_string}\"},\"query-input\":{\"@type\":\"PropertyValueSpecification\",\"valueRequired\":true,\"valueName\":\"search_term_string\"}}],\"inLanguage\":\"en-US\"}]}<\/script>\n<!-- \/ Yoast SEO plugin. -->","yoast_head_json":{"title":"B\u1ed9 m\u00f4n To\u00e1n - TR\u01af\u1edcNG D\u1ef0 B\u1eca \u0110\u1ea0I H\u1eccC TP.HCM","robots":{"index":"index","follow":"follow","max-snippet":"max-snippet:-1","max-image-preview":"max-image-preview:large","max-video-preview":"max-video-preview:-1"},"canonical":"https:\/\/hcmpreu.edu.vn\/?page_id=175","og_locale":"en_US","og_type":"article","og_title":"B\u1ed9 m\u00f4n To\u00e1n - TR\u01af\u1edcNG D\u1ef0 B\u1eca \u0110\u1ea0I H\u1eccC TP.HCM","og_description":"Tr\u01b0\u1edbc th\u00e1ng 2\/2008 B\u1ed9 m\u00f4n c\u00f3 t\u00ean g\u1ecdi l\u00e0 B\u1ed9 m\u00f4n To\u00e1n \u2013 Tin h\u1ecdc g\u1ed3m hai t\u1ed5 \u0111\u00f3 l\u00e0 t\u1ed5 To\u00e1n h\u1ecdc v\u00e0 t\u1ed5 Tin h\u1ecdc. T\u1eeb th\u00e1ng 02\/2008, v\u1edbi Quy\u1ebft \u0111\u1ecbnh s\u1ed1 37\/Q\u0110-DB\u0110H ng\u00e0y 28\/2\/2008 c\u1ee7a Hi\u1ec7u tr\u01b0\u1edfng tr\u01b0\u1eddng D\u1ef1 b\u1ecb \u0111\u1ea1i h\u1ecdc TP. HCM, b\u1ed9 m\u00f4n To\u00e1n \u2013 Tin h\u1ecdc \u0111\u01b0\u1ee3c t\u00e1ch th\u00e0nh hai b\u1ed9 m\u00f4n l\u00e0 b\u1ed9 m\u00f4n To\u00e1n h\u1ecdc v\u00e0 b\u1ed9 m\u00f4n Tin h\u1ecdc. Hi\u1ec7n nay, b\u1ed9 m\u00f4n To\u00e1n h\u1ecdc c\u00f3 08 gi\u00e1o vi\u00ean. ThS L\u00ea H\u1eefu Th\u1ee9c (Hi\u1ec7u tr\u01b0\u1edfng, B\u00ed th\u01b0 \u0110\u1ea3ng \u1ee7y) ThS Nguy\u1ec5n Th\u1ecb Minh Th\u01b0 (Ph\u00f3 Hi\u1ec7u tr\u01b0\u1edfng, Ph\u00f3 B\u00ed th\u01b0\u2026 \u0110\u1ecdc ti\u1ebfp","og_url":"https:\/\/hcmpreu.edu.vn\/?page_id=175","og_site_name":"TR\u01af\u1edcNG D\u1ef0 B\u1eca \u0110\u1ea0I H\u1eccC TP.HCM","article_modified_time":"2021-11-18T16:08:05+00:00","og_image":[{"url":"https:\/\/hcmpreu.edu.vn\/wp-content\/uploads\/2020\/02\/181_1.jpg","type":"","width":"","height":""}],"twitter_card":"summary_large_image","twitter_misc":{"Est. reading time":"4 minutes"},"schema":{"@context":"https:\/\/schema.org","@graph":[{"@type":"WebPage","@id":"https:\/\/hcmpreu.edu.vn\/?page_id=175","url":"https:\/\/hcmpreu.edu.vn\/?page_id=175","name":"B\u1ed9 m\u00f4n To\u00e1n - TR\u01af\u1edcNG D\u1ef0 B\u1eca \u0110\u1ea0I H\u1eccC TP.HCM","isPartOf":{"@id":"https:\/\/hcmpreu.edu.vn\/#website"},"primaryImageOfPage":{"@id":"https:\/\/hcmpreu.edu.vn\/?page_id=175#primaryimage"},"image":{"@id":"https:\/\/hcmpreu.edu.vn\/?page_id=175#primaryimage"},"thumbnailUrl":"https:\/\/hcmpreu.edu.vn\/wp-content\/uploads\/2020\/02\/181_1.jpg","datePublished":"2020-02-19T13:43:00+00:00","dateModified":"2021-11-18T16:08:05+00:00","breadcrumb":{"@id":"https:\/\/hcmpreu.edu.vn\/?page_id=175#breadcrumb"},"inLanguage":"en-US","potentialAction":[{"@type":"ReadAction","target":["https:\/\/hcmpreu.edu.vn\/?page_id=175"]}]},{"@type":"ImageObject","inLanguage":"en-US","@id":"https:\/\/hcmpreu.edu.vn\/?page_id=175#primaryimage","url":"https:\/\/hcmpreu.edu.vn\/wp-content\/uploads\/2020\/02\/181_1.jpg","contentUrl":"https:\/\/hcmpreu.edu.vn\/wp-content\/uploads\/2020\/02\/181_1.jpg","width":265,"height":238},{"@type":"BreadcrumbList","@id":"https:\/\/hcmpreu.edu.vn\/?page_id=175#breadcrumb","itemListElement":[{"@type":"ListItem","position":1,"name":"Home","item":"https:\/\/hcmpreu.edu.vn\/"},{"@type":"ListItem","position":2,"name":"B\u1ed9 m\u00f4n To\u00e1n"}]},{"@type":"WebSite","@id":"https:\/\/hcmpreu.edu.vn\/#website","url":"https:\/\/hcmpreu.edu.vn\/","name":"TR\u01af\u1edcNG D\u1ef0 B\u1eca \u0110\u1ea0I H\u1eccC TP.HCM","description":"Pre-University","potentialAction":[{"@type":"SearchAction","target":{"@type":"EntryPoint","urlTemplate":"https:\/\/hcmpreu.edu.vn\/?s={search_term_string}"},"query-input":{"@type":"PropertyValueSpecification","valueRequired":true,"valueName":"search_term_string"}}],"inLanguage":"en-US"}]}},"rttpg_featured_image_url":null,"rttpg_author":{"display_name":"Tr\u00ecnh Nguy\u1ec5n","author_link":"https:\/\/hcmpreu.edu.vn\/?author=3"},"rttpg_comment":0,"rttpg_category":null,"rttpg_excerpt":"Tr\u01b0\u1edbc th\u00e1ng 2\/2008 B\u1ed9 m\u00f4n c\u00f3 t\u00ean g\u1ecdi l\u00e0 B\u1ed9 m\u00f4n To\u00e1n \u2013 Tin h\u1ecdc g\u1ed3m hai t\u1ed5 \u0111\u00f3 l\u00e0 t\u1ed5 To\u00e1n h\u1ecdc v\u00e0 t\u1ed5 Tin h\u1ecdc. T\u1eeb th\u00e1ng 02\/2008, v\u1edbi Quy\u1ebft \u0111\u1ecbnh s\u1ed1 37\/Q\u0110-DB\u0110H ng\u00e0y 28\/2\/2008 c\u1ee7a Hi\u1ec7u tr\u01b0\u1edfng tr\u01b0\u1eddng D\u1ef1 b\u1ecb \u0111\u1ea1i h\u1ecdc TP. HCM, b\u1ed9 m\u00f4n To\u00e1n \u2013 Tin h\u1ecdc \u0111\u01b0\u1ee3c t\u00e1ch&hellip;","_links":{"self":[{"href":"https:\/\/hcmpreu.edu.vn\/index.php?rest_route=\/wp\/v2\/pages\/175","targetHints":{"allow":["GET"]}}],"collection":[{"href":"https:\/\/hcmpreu.edu.vn\/index.php?rest_route=\/wp\/v2\/pages"}],"about":[{"href":"https:\/\/hcmpreu.edu.vn\/index.php?rest_route=\/wp\/v2\/types\/page"}],"author":[{"embeddable":true,"href":"https:\/\/hcmpreu.edu.vn\/index.php?rest_route=\/wp\/v2\/users\/3"}],"replies":[{"embeddable":true,"href":"https:\/\/hcmpreu.edu.vn\/index.php?rest_route=%2Fwp%2Fv2%2Fcomments&post=175"}],"version-history":[{"count":11,"href":"https:\/\/hcmpreu.edu.vn\/index.php?rest_route=\/wp\/v2\/pages\/175\/revisions"}],"predecessor-version":[{"id":4262,"href":"https:\/\/hcmpreu.edu.vn\/index.php?rest_route=\/wp\/v2\/pages\/175\/revisions\/4262"}],"wp:attachment":[{"href":"https:\/\/hcmpreu.edu.vn\/index.php?rest_route=%2Fwp%2Fv2%2Fmedia&parent=175"}],"curies":[{"name":"wp","href":"https:\/\/api.w.org\/{rel}","templated":true}]}}