{"id":190,"date":"2017-11-08T01:50:03","date_gmt":"2017-11-07T18:50:03","guid":{"rendered":"http:\/\/www1.hcmpreu.edu.vn\/?page_id=190"},"modified":"2021-11-18T23:01:24","modified_gmt":"2021-11-18T16:01:24","slug":"bo-mon-ngoai-ngu","status":"publish","type":"page","link":"https:\/\/hcmpreu.edu.vn\/?page_id=190","title":{"rendered":"B\u1ed9 m\u00f4n Ngo\u1ea1i ng\u1eef"},"content":{"rendered":"\n<p>\u0110\u1ed4I M\u1edaI \u0110\u1ec2 PH\u00c1T TRI\u1ec2N&nbsp;<\/p>\n\n\n\n<p>Ch\u00e0o n\u0103m h\u1ecdc m\u1edbi 2021 &#8211; 2022.&nbsp;<\/p>\n\n\n\n<p>Ch\u00e0o Kho\u00e1 h\u1ecdc th\u1ee9 32 c\u1ee7a tr\u01b0\u1eddng D\u1ef1 B\u1ecb \u0110\u1ea1i h\u1ecdc th\u00e0nh ph\u1ed1 H\u1ed3 Ch\u00ed Minh.<\/p>\n\n\n\n<p>Ch\u00e0o m\u1eebng k\u1ef7 ni\u1ec7m 45 n\u0103m th\u00e0nh l\u1eadp tr\u01b0\u1eddng D\u1ef1 b\u1ecb \u0110\u1ea1i h\u1ecdc th\u00e0nh ph\u1ed1 H\u1ed3 Ch\u00ed Minh (1976 &#8211; 2021)&nbsp;<\/p>\n\n\n\n<p>N\u0103m h\u1ecdc m\u1edbi 2021 &#8211; 2022 \u0111\u00e3 th\u1ef1c s\u1ef1 b\u1eaft \u0111\u1ea7u trong c\u1ea3 n\u01b0\u1edbc v\u00e0 \u1edf tr\u01b0\u1eddng D\u1ef1 b\u1ecb \u0110\u1ea1i h\u1ecdc th\u00e0nh ph\u1ed1 H\u1ed3 Ch\u00ed Minh. M\u1ed9t n\u0103m h\u1ecdc tuy b\u1eaft \u0111\u1ea7u v\u1edbi nhi\u1ec1u s\u1ef1 kh\u00f3 kh\u0103n, th\u00e1ch th\u1ee9c nh\u01b0ng tr\u00e0n \u0111\u1ea7y ni\u1ec1m tin v\u00e0 h\u1ee9a h\u1eb9n m\u1ed9t s\u1ef1 thay \u0111\u1ed5i l\u1edbn trong ng\u00e0nh gi\u00e1o d\u1ee5c n\u01b0\u1edbc nh\u00e0 v\u00e0 trong tr\u01b0\u1eddng D\u1ef1 b\u1ecb \u0110\u1ea1i h\u1ecdc th\u00e0nh ph\u1ed3 H\u1ed3 Ch\u00ed Minh.&nbsp;<\/p>\n\n\n\n<p>William&nbsp;Arthur Ward &#8211; m\u1ed9t nh\u00e0 gi\u00e1o d\u1ee5c&nbsp;ng\u01b0\u1eddi&nbsp;M\u1ef9, t\u00e1c gi\u1ea3 cu\u1ed1n&nbsp;<em>Fountains of Faith &#8211; Su\u1ed1i ngu\u1ed3n Ni\u1ec1m tin<\/em>&nbsp;\u0111\u00e3 t\u1eebng n\u00f3i &#8220;Ng\u01b0\u1eddi th\u1ea7y trung b\u00ecnh ch\u1ec9 bi\u1ebft n\u00f3i, ng\u01b0\u1eddi th\u1ea7y xu\u1ea5t ch\u00fang bi\u1ebft minh ho\u1ea1, ng\u01b0\u1eddi th\u1ea7y v\u0129 \u0111\u1ea1i bi\u1ebft truy\u1ec1n c\u1ea3m h\u1ee9ng&#8221;. C\u00e2u n\u00f3i n\u00e0y, c\u00f3 l\u1ebd, trong th\u1eddi kh\u1eafc n\u00e0y &#8211; th\u1eddi kh\u1eafc c\u1ee7a n\u0103m h\u1ecdc di\u1ec5n ra trong khi d\u1ecbch Covid 19 v\u1eabn c\u00f2n &#8211; \u0111\u01b0\u1ee3c hi\u1ec3u \u0111\u1ea7y \u0111\u1ee7 v\u00e0 tr\u1ecdn v\u1eb9n h\u01a1n c\u1ea3.&nbsp;<\/p>\n\n\n\n<p>N\u0103m h\u1ecdc 2021 &#8211; 2022 \u0111\u01b0\u1ee3c b\u1eaft \u0111\u1ea7u tr\u00ean c\u1ea3 n\u01b0\u1edbc v\u1edbi nh\u1eefng gi\u1edd h\u1ecdc tr\u1ef1c tuy\u1ebfn, nh\u1eefng h\u1ecdc li\u1ec7u s\u1ed1, nh\u1eefng b\u00e0i gi\u1ea3ng \u0111\u01b0\u1ee3c thu \u00e2m v\u00e0 nh\u1eefng ch\u01b0\u01a1ng tr\u00ecnh h\u1ed7 tr\u1ee3 so\u1ea1n gi\u1ea3ng.&nbsp;&nbsp;Kh\u1eafp n\u01a1i, c\u00e1c th\u1ea7y c\u00f4 gi\u00e1o v\u00e0 c\u1ea3 c\u00e1c em h\u1ecdc sinh, c\u00e1c v\u1ecb ph\u1ee5 huynh \u0111\u1ec1u h\u1ebft s\u1ee9c t\u00e2m t\u01b0 khi nh\u1eefng gi\u1edd h\u1ecdc truy\u1ec1n th\u1ed1ng v\u1edbi b\u1ea3ng \u0111en, ph\u1ea5n tr\u1eafng \u0111\u01b0\u1ee3c thay b\u1eb1ng m\u00e0n h\u00ecnh c\u1ee7a m\u00e1y t\u00ednh, c\u1ee7a \u0111i\u1ec7n tho\u1ea1i, th\u1ea7y c\u00f4 v\u00e0 h\u1ecdc sinh th\u00ec ch\u1ec9 nh\u00ecn th\u1ea5y nhau qua camera.&nbsp;<\/p>\n\n\n\n<p>Ho\u00e0 trong d\u00f2ng ch\u1ea3y c\u1ee7a gi\u00e1o vi\u00ean v\u00e0 h\u1ecdc sinh c\u1ea3 n\u01b0\u1edbc d\u1ea1y v\u00e0 h\u1ecdc tr\u1ef1c tuy\u1ebfn, gi\u00e1o vi\u00ean c\u1ee7a b\u1ed9 m\u00f4n Ngo\u1ea1i ng\u1eef, tr\u01b0\u1eddng D\u1ef1 b\u1ecb \u0110\u1ea1i h\u1ecdc th\u00e0nh ph\u1ed1 H\u1ed3 Ch\u00ed Minh c\u0169ng \u0111\u00e3 c\u00f3 s\u1ef1 chu\u1ea9n b\u1ecb h\u1ebft s\u1ee9c chu \u0111\u00e1o t\u1eeb nh\u1eefng bu\u1ed5i h\u1ecdp chuy\u00ean m\u00f4n b\u00e0n v\u1ec1 ch\u01b0\u01a1ng tr\u00ecnh \u0111\u1ebfn nh\u1eefng bu\u1ed5i th\u1ea3o lu\u1eadn, chia s\u1ebb nh\u1eefng c\u00e1c th\u1ee9c \u0111\u0103ng t\u1ea3i b\u00e0i, c\u00e1ch t\u1ea1o n\u00ean nh\u1eefng b\u00e0i gi\u1ea3ng vui t\u01b0\u01a1i, thu h\u00fat ng\u01b0\u1eddi h\u1ecdc m\u00e0 v\u1eabn \u0111\u1ea3m b\u1ea3o n\u1ed9i dung, ch\u1ea5t l\u01b0\u1ee3ng. \u0110\u00e2y ch\u00ednh l\u00e0 th\u1eddi kh\u1eafc gi\u00e1o vi\u00ean c\u1ee7a b\u1ed9 m\u00f4n Ngo\u1ea1i ng\u1eef c\u00f3 nh\u1eefng c\u00e1ch l\u00e0m r\u1ea5t ri\u00eang \u0111\u1ec3 &#8220;truy\u1ec1n c\u1ea3m h\u1ee9ng&#8221; cho ng\u01b0\u1eddi h\u1ecdc qua m\u00e0n h\u00ecnh, qua ti\u1ebfng n\u00f3i.<\/p>\n\n\n\n<p>Trong&nbsp;n\u0103m h\u1ecdc 2021 &#8211; 2022, B\u1ed9&nbsp;m\u00f4n Ngo\u1ea1i ng\u1eef c\u1ee7a tr\u01b0\u1eddng D\u1ef1 b\u1ecb \u0110\u1ea1i h\u1ecdc th\u00e0nh ph\u1ed1 H\u1ed3 Ch\u00ed Minh c\u00f3 4 gi\u00e1o vi\u00ean&nbsp;<\/p>\n\n\n\n<ul class=\"wp-block-list\"><li>C\u00f4 L\u00ea Th\u1ecb Kim Thu\u1ef3 &#8211; Th\u1ea1c s\u0129 &#8211; Tr\u01b0\u1edfng b\u1ed9 m\u00f4n&nbsp;<\/li><li>Th\u1ea7y&nbsp;Tr\u1ea7n Trung Thi\u1ec7n &#8211;&nbsp;&nbsp;Th\u1ea1c s\u0129 &#8211; ki\u00eam Tr\u01b0\u1edfng ph\u00f2ng T\u1ed5 ch\u1ee9c &#8211; H\u00e0nh ch\u00ednh &#8211; Ch\u00ednh tr\u1ecb&nbsp;<\/li><li>C\u00f4 L\u00ea Ng\u1ecdc H\u00e2n &#8211; Th\u1ea1c s\u0129<\/li><li>C\u00f4 Ng\u00f4 Thu\u00fd Nh\u00e3 Tr\u00fac &#8211; Th\u1ea1c s\u0129&nbsp;<\/li><\/ul>\n\n\n\n<div class=\"wp-block-image\"><figure class=\"aligncenter size-large is-resized\"><img loading=\"lazy\" decoding=\"async\" src=\"https:\/\/hcmpreu.edu.vn\/wp-content\/uploads\/2021\/11\/7c307ecc4a63823ddb72-683x1024.jpg\" alt=\"\" class=\"wp-image-4249\" width=\"378\" height=\"567\" srcset=\"https:\/\/hcmpreu.edu.vn\/wp-content\/uploads\/2021\/11\/7c307ecc4a63823ddb72-683x1024.jpg 683w, https:\/\/hcmpreu.edu.vn\/wp-content\/uploads\/2021\/11\/7c307ecc4a63823ddb72-200x300.jpg 200w, https:\/\/hcmpreu.edu.vn\/wp-content\/uploads\/2021\/11\/7c307ecc4a63823ddb72-768x1152.jpg 768w, https:\/\/hcmpreu.edu.vn\/wp-content\/uploads\/2021\/11\/7c307ecc4a63823ddb72-1024x1536.jpg 1024w, https:\/\/hcmpreu.edu.vn\/wp-content\/uploads\/2021\/11\/7c307ecc4a63823ddb72-133x200.jpg 133w, https:\/\/hcmpreu.edu.vn\/wp-content\/uploads\/2021\/11\/7c307ecc4a63823ddb72-100x150.jpg 100w, https:\/\/hcmpreu.edu.vn\/wp-content\/uploads\/2021\/11\/7c307ecc4a63823ddb72.jpg 1365w\" sizes=\"auto, (max-width: 378px) 100vw, 378px\" \/><figcaption>T\u1eadp th\u1ec3 GV B\u1ed9 m\u00f4n Ngo\u1ea1i ng\u1eef<\/figcaption><\/figure><\/div>\n\n\n\n<p>Nh\u1eb1m&nbsp;th\u1ef1c hi\u1ec7n ch\u1ec9 \u0111\u1ea1o c\u1ee7a B\u1ed9 gi\u00e1o d\u1ee5c v\u00e0 \u0111\u00e0o t\u1ea1o v\u1ec1 &#8220;\u0110\u1ec1 \u00e1n d\u1ea1y v\u00e0 h\u1ecdc ngo\u1ea1i ng\u1eef trong h\u1ec7 th\u1ed1ng gi\u00e1o d\u1ee5c qu\u1ed1c d\u00e2n&#8221;, gi\u00e1o vi\u00ean c\u1ee7a b\u1ed9 m\u00f4n Ngo\u1ea1i ng\u1eef lu\u00f4n ch\u00fa tr\u1ecdng \u0111\u1ed5i m\u1edbi ph\u01b0\u01a1ng ph\u00e1p gi\u1ea3ng d\u1ea1y v\u00e0 c\u1eadp nh\u1eadt t\u00e0i li\u1ec7u h\u1ecdc nh\u1eb1m n\u00e2ng cao ch\u1ea5t l\u01b0\u1ee3ng d\u1ea1y v\u00e0 h\u1ecdc ngo\u1ea1i ng\u1eef cho sinh vi\u00ean c\u00e1c kh\u1ed1i. \u0110\u1ec3 t\u1ea1o m\u00f4i tr\u01b0\u1eddng d\u1ea1y v\u00e0 h\u1ecdc ngo\u1ea1i ng\u1eef, b\u00ean l\u1ec1 c\u1ee7a ho\u1ea1t \u0111\u1ed9ng d\u1ea1y v\u00e0 h\u1ecdc tr\u00ean l\u1edbp, h\u1eb1ng n\u0103m gi\u00e1o vi\u00ean c\u1ee7a b\u1ed9 m\u00f4n v\u00e0 h\u1ecdc sinh c\u00e1c kh\u1ed1i \u0111\u00e3 t\u1ed5 ch\u1ee9c r\u1ea5t nhi\u1ec1u ho\u1ea1t \u0111\u1ed9ng, c\u00f3 th\u1ec3 k\u1ec3 ra nh\u01b0:&nbsp;&nbsp;<\/p>\n\n\n\n<ul class=\"wp-block-list\"><li>D\u1ea1y h\u1ecdc theo d\u1ef1 \u00e1n &#8211; d\u1ef1 \u00e1n thi\u1ebft k\u1ebf c\u00e2u h\u1ecfi ti\u1ebfng Anh v\u1edbi c\u00e1c ch\u1ee7 \u0111\u1ec1 \u00e2m nh\u1ea1c, l\u1ecbch s\u1eed, \u0111\u1ecba l\u00fd, v\u0103n h\u1ecdc, d\u1ef1 \u00e1n thi\u1ebft k\u1ebf b\u1eefa \u0103n \u0111\u1ee7 ch\u1ea5t cho sinh vi\u00ean, d\u1ef1 \u00e1n v\u1ebd tranh minh ho\u1ea1 cho chuy\u1ec7n c\u1ed5 t\u00edch, d\u1ef1 \u00e1n t\u00ecm hi\u1ec3u v\u1ec1 b\u1ea3o t\u1ed3n \u0111\u1ed9ng v\u1eadt qu\u00fd hi\u1ebfm,&#8230;&nbsp;<\/li><li>Thi h\u00e1t karaoke c\u00e1c b\u00e0i h\u00e1t ti\u1ebfng Anh v\u1edbi t\u00ean g\u1ecdi&nbsp;<em>The Spring&#8217;s coming voice<\/em>, t\u1ea1o \u0111i\u1ec1u ki\u1ec7n cho h\u1ecdc sinh th\u1ec3 hi\u1ec7n n\u0103ng khi\u1ebfu ca, h\u00e1t, nh\u1ea3y, m\u00faa c\u00e1c b\u00e0i h\u00e1t ti\u1ebfng Anh<\/li><li>T\u1ea1p&nbsp;ch\u00ed chuy\u00ean ng\u1eef&nbsp;<em>New Age<\/em>&nbsp;\u0111\u01b0\u1ee3c ph\u00e1t h\u00e0nh b\u1ea3n in v\u00e0 b\u1ea3n online c\u00f3 nhi\u1ec1u chuy\u00ean m\u1ee5c nh\u01b0 l\u00fd thuy\u1ebft ng\u1eef ph\u00e1p, b\u00e0i h\u00e1t ti\u1ebfng Anh, tin t\u1ee9c, c\u00e2u \u0111\u1ed1, ph\u00e1t tri\u1ec3n t\u1eeb v\u1ef1ng, &#8230;.<\/li><li>\u0110\u0103ng t\u1ea3i b\u00e0i thi m\u1eabu, b\u00e0i ki\u1ec3m tra c\u00e1c k\u1ef9 n\u0103ng trong t\u1eadp san &#8220;<em>Ch\u1eafp c\u00e1nh t\u01b0\u01a1ng lai<\/em>&#8221; do Ban ch\u1ea5p h\u00e0nh \u0110o\u00e0n tr\u01b0\u1eddng ph\u00e1t h\u00e0nh.&nbsp;<\/li><li>Thu \u00e2m nhi\u1ec1u b\u00e0i gi\u1ea3ng c\u00f3 nhi\u1ec1u h\u00ecnh \u1ea3nh minh ho\u1ea1, c\u00f3 h\u01b0\u1edbng d\u1eabn gi\u1ea3i b\u00e0i t\u1eadp \u0111\u1ec3 h\u1ecdc sinh c\u00f3 th\u1ec3 t\u1ef1 h\u1ecdc<\/li><\/ul>\n\n\n\n<div class=\"wp-block-image\"><figure class=\"aligncenter size-large\"><img loading=\"lazy\" decoding=\"async\" width=\"1024\" height=\"768\" src=\"https:\/\/hcmpreu.edu.vn\/wp-content\/uploads\/2021\/11\/39f55ed96c76a428fd67-1024x768.jpg\" alt=\"\" class=\"wp-image-4253\" srcset=\"https:\/\/hcmpreu.edu.vn\/wp-content\/uploads\/2021\/11\/39f55ed96c76a428fd67-1024x768.jpg 1024w, https:\/\/hcmpreu.edu.vn\/wp-content\/uploads\/2021\/11\/39f55ed96c76a428fd67-300x225.jpg 300w, https:\/\/hcmpreu.edu.vn\/wp-content\/uploads\/2021\/11\/39f55ed96c76a428fd67-768x576.jpg 768w, https:\/\/hcmpreu.edu.vn\/wp-content\/uploads\/2021\/11\/39f55ed96c76a428fd67-1536x1152.jpg 1536w, https:\/\/hcmpreu.edu.vn\/wp-content\/uploads\/2021\/11\/39f55ed96c76a428fd67-2048x1536.jpg 2048w, https:\/\/hcmpreu.edu.vn\/wp-content\/uploads\/2021\/11\/39f55ed96c76a428fd67-200x150.jpg 200w, https:\/\/hcmpreu.edu.vn\/wp-content\/uploads\/2021\/11\/39f55ed96c76a428fd67-150x113.jpg 150w\" sizes=\"auto, (max-width: 1024px) 100vw, 1024px\" \/><\/figure><\/div>\n\n\n\n<div class=\"wp-block-image\"><figure class=\"aligncenter size-large is-resized\"><img loading=\"lazy\" decoding=\"async\" src=\"https:\/\/hcmpreu.edu.vn\/wp-content\/uploads\/2021\/11\/4712156426cbee95b7da-768x1024.jpg\" alt=\"\" class=\"wp-image-4251\" width=\"402\" height=\"536\" srcset=\"https:\/\/hcmpreu.edu.vn\/wp-content\/uploads\/2021\/11\/4712156426cbee95b7da-768x1024.jpg 768w, https:\/\/hcmpreu.edu.vn\/wp-content\/uploads\/2021\/11\/4712156426cbee95b7da-225x300.jpg 225w, https:\/\/hcmpreu.edu.vn\/wp-content\/uploads\/2021\/11\/4712156426cbee95b7da-1152x1536.jpg 1152w, https:\/\/hcmpreu.edu.vn\/wp-content\/uploads\/2021\/11\/4712156426cbee95b7da-1536x2048.jpg 1536w, https:\/\/hcmpreu.edu.vn\/wp-content\/uploads\/2021\/11\/4712156426cbee95b7da-150x200.jpg 150w, https:\/\/hcmpreu.edu.vn\/wp-content\/uploads\/2021\/11\/4712156426cbee95b7da-113x150.jpg 113w, https:\/\/hcmpreu.edu.vn\/wp-content\/uploads\/2021\/11\/4712156426cbee95b7da-scaled.jpg 1920w\" sizes=\"auto, (max-width: 402px) 100vw, 402px\" \/><figcaption>D\u1ea1y h\u1ecdc theo d\u1ef1 \u00e1n<\/figcaption><\/figure><\/div>\n\n\n\n<div class=\"wp-block-image\"><figure class=\"aligncenter size-full\"><img loading=\"lazy\" decoding=\"async\" width=\"600\" height=\"400\" src=\"https:\/\/hcmpreu.edu.vn\/wp-content\/uploads\/2021\/11\/e5c760c645698d37d478.jpg\" alt=\"\" class=\"wp-image-4252\" srcset=\"https:\/\/hcmpreu.edu.vn\/wp-content\/uploads\/2021\/11\/e5c760c645698d37d478.jpg 600w, https:\/\/hcmpreu.edu.vn\/wp-content\/uploads\/2021\/11\/e5c760c645698d37d478-300x200.jpg 300w, https:\/\/hcmpreu.edu.vn\/wp-content\/uploads\/2021\/11\/e5c760c645698d37d478-200x133.jpg 200w, https:\/\/hcmpreu.edu.vn\/wp-content\/uploads\/2021\/11\/e5c760c645698d37d478-150x100.jpg 150w\" sizes=\"auto, (max-width: 600px) 100vw, 600px\" \/><figcaption>H\u1ed9i thi karaoke ti\u1ebfng Anh<\/figcaption><\/figure><\/div>\n\n\n\n<p>Kh\u00f4ng ng\u1eebng \u0111\u1ed5i m\u1edbi \u0111\u1ec3 ph\u00e1t tri\u1ec3n l\u00e0 ph\u01b0\u01a1ng ch\u00e2m m\u00e0 gi\u00e1o vi\u00ean c\u1ee7a b\u1ed9 m\u00f4n Ngo\u1ea1i ng\u1eef lu\u00f4n t\u00e2m ni\u1ec7m. Cho d\u00f9 ng\u00e0y nay v\u00e0 trong t\u01b0\u01a1ng lai, c\u00f3 r\u1ea5t nhi\u1ec1u ph\u01b0\u01a1ng ti\u1ec7n, trang thi\u1ebft b\u1ecb hi\u1ec7n \u0111\u1ea1i \u0111\u01b0\u1ee3c \u00e1p d\u1ee5ng \u0111\u1ec3 h\u1ed7 tr\u1ee3 qu\u00e1 tr\u00ecnh d\u1ea1y h\u1ecdc, gi\u00e1o vi\u00ean c\u1ee7a b\u1ed9 m\u00f4n Ngo\u1ea1i ng\u1eef v\u1eabn lu\u00f4n gi\u1eef cho m\u00ecnh t\u00e2m th\u1ebf c\u1ee7a ng\u01b0\u1eddi truy\u1ec1n \u0111\u1ea1t ki\u1ebfn th\u1ee9c v\u00e0 truy\u1ec1n cho c\u00e1c em h\u1ecdc sinh ngu\u1ed3n c\u1ea3m h\u1ee9ng, gi\u00fap c\u00e1c em m\u1ea1nh d\u1ea1n, t\u1ef1 tin b\u01b0\u1edbc \u0111\u1ebfn nh\u1eefng ch\u00e2n tr\u1eddi hi\u1ec3u bi\u1ebft m\u1edbi.&nbsp;<\/p>\n\n\n\n<p class=\"has-text-align-right\">10\/2021<br><strong>Th.S L\u00ca TH\u1eca KIM THU\u1ef2<\/strong><\/p>\n","protected":false},"excerpt":{"rendered":"<p>\u0110\u1ed4I M\u1edaI \u0110\u1ec2 PH\u00c1T TRI\u1ec2N&nbsp; Ch\u00e0o n\u0103m h\u1ecdc m\u1edbi 2021 &#8211; 2022.&nbsp; Ch\u00e0o Kho\u00e1 h\u1ecdc th\u1ee9 32 c\u1ee7a tr\u01b0\u1eddng D\u1ef1 B\u1ecb \u0110\u1ea1i h\u1ecdc th\u00e0nh ph\u1ed1 H\u1ed3 Ch\u00ed Minh. Ch\u00e0o m\u1eebng k\u1ef7 ni\u1ec7m 45 n\u0103m th\u00e0nh l\u1eadp tr\u01b0\u1eddng D\u1ef1 b\u1ecb \u0110\u1ea1i h\u1ecdc th\u00e0nh ph\u1ed1 H\u1ed3 Ch\u00ed Minh (1976 &#8211; 2021)&nbsp; N\u0103m h\u1ecdc m\u1edbi 2021 &#8211; 2022 \u0111\u00e3 th\u1ef1c s\u1ef1 b\u1eaft \u0111\u1ea7u trong c\u1ea3 n\u01b0\u1edbc v\u00e0 \u1edf tr\u01b0\u1eddng D\u1ef1 b\u1ecb \u0110\u1ea1i h\u1ecdc th\u00e0nh ph\u1ed1 H\u1ed3 Ch\u00ed Minh. M\u1ed9t n\u0103m h\u1ecdc tuy b\u1eaft \u0111\u1ea7u v\u1edbi nhi\u1ec1u s\u1ef1 kh\u00f3 kh\u0103n, th\u00e1ch th\u1ee9c nh\u01b0ng tr\u00e0n \u0111\u1ea7y ni\u1ec1m tin v\u00e0 h\u1ee9a h\u1eb9n m\u1ed9t s\u1ef1 thay \u0111\u1ed5i\u2026<\/p>\n<p class=\"continue-reading-button\"> <a class=\"continue-reading-link\" href=\"https:\/\/hcmpreu.edu.vn\/?page_id=190\">\u0110\u1ecdc ti\u1ebfp<i class=\"crycon-right-dir\"><\/i><\/a><\/p>\n","protected":false},"author":3,"featured_media":0,"parent":0,"menu_order":0,"comment_status":"closed","ping_status":"closed","template":"","meta":{"_acf_changed":false,"footnotes":""},"class_list":["post-190","page","type-page","status-publish","hentry"],"acf":[],"yoast_head":"<!-- This site is optimized with the Yoast SEO plugin v27.4 - https:\/\/yoast.com\/product\/yoast-seo-wordpress\/ -->\n<title>B\u1ed9 m\u00f4n Ngo\u1ea1i ng\u1eef - TR\u01af\u1edcNG D\u1ef0 B\u1eca \u0110\u1ea0I H\u1eccC TP.HCM<\/title>\n<meta name=\"robots\" content=\"index, follow, max-snippet:-1, max-image-preview:large, max-video-preview:-1\" \/>\n<link rel=\"canonical\" href=\"https:\/\/hcmpreu.edu.vn\/?page_id=190\" \/>\n<meta property=\"og:locale\" content=\"en_US\" \/>\n<meta property=\"og:type\" content=\"article\" \/>\n<meta property=\"og:title\" content=\"B\u1ed9 m\u00f4n Ngo\u1ea1i ng\u1eef - TR\u01af\u1edcNG D\u1ef0 B\u1eca \u0110\u1ea0I H\u1eccC TP.HCM\" \/>\n<meta property=\"og:description\" content=\"\u0110\u1ed4I M\u1edaI \u0110\u1ec2 PH\u00c1T TRI\u1ec2N&nbsp; Ch\u00e0o n\u0103m h\u1ecdc m\u1edbi 2021 &#8211; 2022.&nbsp; Ch\u00e0o Kho\u00e1 h\u1ecdc th\u1ee9 32 c\u1ee7a tr\u01b0\u1eddng D\u1ef1 B\u1ecb \u0110\u1ea1i h\u1ecdc th\u00e0nh ph\u1ed1 H\u1ed3 Ch\u00ed Minh. Ch\u00e0o m\u1eebng k\u1ef7 ni\u1ec7m 45 n\u0103m th\u00e0nh l\u1eadp tr\u01b0\u1eddng D\u1ef1 b\u1ecb \u0110\u1ea1i h\u1ecdc th\u00e0nh ph\u1ed1 H\u1ed3 Ch\u00ed Minh (1976 &#8211; 2021)&nbsp; N\u0103m h\u1ecdc m\u1edbi 2021 &#8211; 2022 \u0111\u00e3 th\u1ef1c s\u1ef1 b\u1eaft \u0111\u1ea7u trong c\u1ea3 n\u01b0\u1edbc v\u00e0 \u1edf tr\u01b0\u1eddng D\u1ef1 b\u1ecb \u0110\u1ea1i h\u1ecdc th\u00e0nh ph\u1ed1 H\u1ed3 Ch\u00ed Minh. M\u1ed9t n\u0103m h\u1ecdc tuy b\u1eaft \u0111\u1ea7u v\u1edbi nhi\u1ec1u s\u1ef1 kh\u00f3 kh\u0103n, th\u00e1ch th\u1ee9c nh\u01b0ng tr\u00e0n \u0111\u1ea7y ni\u1ec1m tin v\u00e0 h\u1ee9a h\u1eb9n m\u1ed9t s\u1ef1 thay \u0111\u1ed5i\u2026 \u0110\u1ecdc ti\u1ebfp\" \/>\n<meta property=\"og:url\" content=\"https:\/\/hcmpreu.edu.vn\/?page_id=190\" \/>\n<meta property=\"og:site_name\" content=\"TR\u01af\u1edcNG D\u1ef0 B\u1eca \u0110\u1ea0I H\u1eccC TP.HCM\" \/>\n<meta property=\"article:modified_time\" content=\"2021-11-18T16:01:24+00:00\" \/>\n<meta property=\"og:image\" content=\"https:\/\/hcmpreu.edu.vn\/wp-content\/uploads\/2021\/11\/7c307ecc4a63823ddb72-683x1024.jpg\" \/>\n<meta name=\"twitter:card\" content=\"summary_large_image\" \/>\n<meta name=\"twitter:label1\" content=\"Est. reading time\" \/>\n\t<meta name=\"twitter:data1\" content=\"5 minutes\" \/>\n<script type=\"application\/ld+json\" class=\"yoast-schema-graph\">{\"@context\":\"https:\\\/\\\/schema.org\",\"@graph\":[{\"@type\":\"WebPage\",\"@id\":\"https:\\\/\\\/hcmpreu.edu.vn\\\/?page_id=190\",\"url\":\"https:\\\/\\\/hcmpreu.edu.vn\\\/?page_id=190\",\"name\":\"B\u1ed9 m\u00f4n Ngo\u1ea1i ng\u1eef - TR\u01af\u1edcNG D\u1ef0 B\u1eca \u0110\u1ea0I H\u1eccC TP.HCM\",\"isPartOf\":{\"@id\":\"https:\\\/\\\/hcmpreu.edu.vn\\\/#website\"},\"primaryImageOfPage\":{\"@id\":\"https:\\\/\\\/hcmpreu.edu.vn\\\/?page_id=190#primaryimage\"},\"image\":{\"@id\":\"https:\\\/\\\/hcmpreu.edu.vn\\\/?page_id=190#primaryimage\"},\"thumbnailUrl\":\"https:\\\/\\\/hcmpreu.edu.vn\\\/wp-content\\\/uploads\\\/2021\\\/11\\\/7c307ecc4a63823ddb72-683x1024.jpg\",\"datePublished\":\"2017-11-07T18:50:03+00:00\",\"dateModified\":\"2021-11-18T16:01:24+00:00\",\"breadcrumb\":{\"@id\":\"https:\\\/\\\/hcmpreu.edu.vn\\\/?page_id=190#breadcrumb\"},\"inLanguage\":\"en-US\",\"potentialAction\":[{\"@type\":\"ReadAction\",\"target\":[\"https:\\\/\\\/hcmpreu.edu.vn\\\/?page_id=190\"]}]},{\"@type\":\"ImageObject\",\"inLanguage\":\"en-US\",\"@id\":\"https:\\\/\\\/hcmpreu.edu.vn\\\/?page_id=190#primaryimage\",\"url\":\"https:\\\/\\\/hcmpreu.edu.vn\\\/wp-content\\\/uploads\\\/2021\\\/11\\\/7c307ecc4a63823ddb72.jpg\",\"contentUrl\":\"https:\\\/\\\/hcmpreu.edu.vn\\\/wp-content\\\/uploads\\\/2021\\\/11\\\/7c307ecc4a63823ddb72.jpg\",\"width\":1365,\"height\":2048},{\"@type\":\"BreadcrumbList\",\"@id\":\"https:\\\/\\\/hcmpreu.edu.vn\\\/?page_id=190#breadcrumb\",\"itemListElement\":[{\"@type\":\"ListItem\",\"position\":1,\"name\":\"Home\",\"item\":\"https:\\\/\\\/hcmpreu.edu.vn\\\/\"},{\"@type\":\"ListItem\",\"position\":2,\"name\":\"B\u1ed9 m\u00f4n Ngo\u1ea1i ng\u1eef\"}]},{\"@type\":\"WebSite\",\"@id\":\"https:\\\/\\\/hcmpreu.edu.vn\\\/#website\",\"url\":\"https:\\\/\\\/hcmpreu.edu.vn\\\/\",\"name\":\"TR\u01af\u1edcNG D\u1ef0 B\u1eca \u0110\u1ea0I H\u1eccC TP.HCM\",\"description\":\"Pre-University\",\"potentialAction\":[{\"@type\":\"SearchAction\",\"target\":{\"@type\":\"EntryPoint\",\"urlTemplate\":\"https:\\\/\\\/hcmpreu.edu.vn\\\/?s={search_term_string}\"},\"query-input\":{\"@type\":\"PropertyValueSpecification\",\"valueRequired\":true,\"valueName\":\"search_term_string\"}}],\"inLanguage\":\"en-US\"}]}<\/script>\n<!-- \/ Yoast SEO plugin. -->","yoast_head_json":{"title":"B\u1ed9 m\u00f4n Ngo\u1ea1i ng\u1eef - TR\u01af\u1edcNG D\u1ef0 B\u1eca \u0110\u1ea0I H\u1eccC TP.HCM","robots":{"index":"index","follow":"follow","max-snippet":"max-snippet:-1","max-image-preview":"max-image-preview:large","max-video-preview":"max-video-preview:-1"},"canonical":"https:\/\/hcmpreu.edu.vn\/?page_id=190","og_locale":"en_US","og_type":"article","og_title":"B\u1ed9 m\u00f4n Ngo\u1ea1i ng\u1eef - TR\u01af\u1edcNG D\u1ef0 B\u1eca \u0110\u1ea0I H\u1eccC TP.HCM","og_description":"\u0110\u1ed4I M\u1edaI \u0110\u1ec2 PH\u00c1T TRI\u1ec2N&nbsp; Ch\u00e0o n\u0103m h\u1ecdc m\u1edbi 2021 &#8211; 2022.&nbsp; Ch\u00e0o Kho\u00e1 h\u1ecdc th\u1ee9 32 c\u1ee7a tr\u01b0\u1eddng D\u1ef1 B\u1ecb \u0110\u1ea1i h\u1ecdc th\u00e0nh ph\u1ed1 H\u1ed3 Ch\u00ed Minh. Ch\u00e0o m\u1eebng k\u1ef7 ni\u1ec7m 45 n\u0103m th\u00e0nh l\u1eadp tr\u01b0\u1eddng D\u1ef1 b\u1ecb \u0110\u1ea1i h\u1ecdc th\u00e0nh ph\u1ed1 H\u1ed3 Ch\u00ed Minh (1976 &#8211; 2021)&nbsp; N\u0103m h\u1ecdc m\u1edbi 2021 &#8211; 2022 \u0111\u00e3 th\u1ef1c s\u1ef1 b\u1eaft \u0111\u1ea7u trong c\u1ea3 n\u01b0\u1edbc v\u00e0 \u1edf tr\u01b0\u1eddng D\u1ef1 b\u1ecb \u0110\u1ea1i h\u1ecdc th\u00e0nh ph\u1ed1 H\u1ed3 Ch\u00ed Minh. M\u1ed9t n\u0103m h\u1ecdc tuy b\u1eaft \u0111\u1ea7u v\u1edbi nhi\u1ec1u s\u1ef1 kh\u00f3 kh\u0103n, th\u00e1ch th\u1ee9c nh\u01b0ng tr\u00e0n \u0111\u1ea7y ni\u1ec1m tin v\u00e0 h\u1ee9a h\u1eb9n m\u1ed9t s\u1ef1 thay \u0111\u1ed5i\u2026 \u0110\u1ecdc ti\u1ebfp","og_url":"https:\/\/hcmpreu.edu.vn\/?page_id=190","og_site_name":"TR\u01af\u1edcNG D\u1ef0 B\u1eca \u0110\u1ea0I H\u1eccC TP.HCM","article_modified_time":"2021-11-18T16:01:24+00:00","og_image":[{"url":"https:\/\/hcmpreu.edu.vn\/wp-content\/uploads\/2021\/11\/7c307ecc4a63823ddb72-683x1024.jpg","type":"","width":"","height":""}],"twitter_card":"summary_large_image","twitter_misc":{"Est. reading time":"5 minutes"},"schema":{"@context":"https:\/\/schema.org","@graph":[{"@type":"WebPage","@id":"https:\/\/hcmpreu.edu.vn\/?page_id=190","url":"https:\/\/hcmpreu.edu.vn\/?page_id=190","name":"B\u1ed9 m\u00f4n Ngo\u1ea1i ng\u1eef - TR\u01af\u1edcNG D\u1ef0 B\u1eca \u0110\u1ea0I H\u1eccC TP.HCM","isPartOf":{"@id":"https:\/\/hcmpreu.edu.vn\/#website"},"primaryImageOfPage":{"@id":"https:\/\/hcmpreu.edu.vn\/?page_id=190#primaryimage"},"image":{"@id":"https:\/\/hcmpreu.edu.vn\/?page_id=190#primaryimage"},"thumbnailUrl":"https:\/\/hcmpreu.edu.vn\/wp-content\/uploads\/2021\/11\/7c307ecc4a63823ddb72-683x1024.jpg","datePublished":"2017-11-07T18:50:03+00:00","dateModified":"2021-11-18T16:01:24+00:00","breadcrumb":{"@id":"https:\/\/hcmpreu.edu.vn\/?page_id=190#breadcrumb"},"inLanguage":"en-US","potentialAction":[{"@type":"ReadAction","target":["https:\/\/hcmpreu.edu.vn\/?page_id=190"]}]},{"@type":"ImageObject","inLanguage":"en-US","@id":"https:\/\/hcmpreu.edu.vn\/?page_id=190#primaryimage","url":"https:\/\/hcmpreu.edu.vn\/wp-content\/uploads\/2021\/11\/7c307ecc4a63823ddb72.jpg","contentUrl":"https:\/\/hcmpreu.edu.vn\/wp-content\/uploads\/2021\/11\/7c307ecc4a63823ddb72.jpg","width":1365,"height":2048},{"@type":"BreadcrumbList","@id":"https:\/\/hcmpreu.edu.vn\/?page_id=190#breadcrumb","itemListElement":[{"@type":"ListItem","position":1,"name":"Home","item":"https:\/\/hcmpreu.edu.vn\/"},{"@type":"ListItem","position":2,"name":"B\u1ed9 m\u00f4n Ngo\u1ea1i ng\u1eef"}]},{"@type":"WebSite","@id":"https:\/\/hcmpreu.edu.vn\/#website","url":"https:\/\/hcmpreu.edu.vn\/","name":"TR\u01af\u1edcNG D\u1ef0 B\u1eca \u0110\u1ea0I H\u1eccC TP.HCM","description":"Pre-University","potentialAction":[{"@type":"SearchAction","target":{"@type":"EntryPoint","urlTemplate":"https:\/\/hcmpreu.edu.vn\/?s={search_term_string}"},"query-input":{"@type":"PropertyValueSpecification","valueRequired":true,"valueName":"search_term_string"}}],"inLanguage":"en-US"}]}},"rttpg_featured_image_url":null,"rttpg_author":{"display_name":"Tr\u00ecnh Nguy\u1ec5n","author_link":"https:\/\/hcmpreu.edu.vn\/?author=3"},"rttpg_comment":0,"rttpg_category":null,"rttpg_excerpt":"\u0110\u1ed4I M\u1edaI \u0110\u1ec2 PH\u00c1T TRI\u1ec2N&nbsp; Ch\u00e0o n\u0103m h\u1ecdc m\u1edbi 2021 &#8211; 2022.&nbsp; Ch\u00e0o Kho\u00e1 h\u1ecdc th\u1ee9 32 c\u1ee7a tr\u01b0\u1eddng D\u1ef1 B\u1ecb \u0110\u1ea1i h\u1ecdc th\u00e0nh ph\u1ed1 H\u1ed3 Ch\u00ed Minh. Ch\u00e0o m\u1eebng k\u1ef7 ni\u1ec7m 45 n\u0103m th\u00e0nh l\u1eadp tr\u01b0\u1eddng D\u1ef1 b\u1ecb \u0110\u1ea1i h\u1ecdc th\u00e0nh ph\u1ed1 H\u1ed3 Ch\u00ed Minh (1976 &#8211; 2021)&nbsp; N\u0103m h\u1ecdc m\u1edbi 2021 &#8211; 2022&hellip;","_links":{"self":[{"href":"https:\/\/hcmpreu.edu.vn\/index.php?rest_route=\/wp\/v2\/pages\/190","targetHints":{"allow":["GET"]}}],"collection":[{"href":"https:\/\/hcmpreu.edu.vn\/index.php?rest_route=\/wp\/v2\/pages"}],"about":[{"href":"https:\/\/hcmpreu.edu.vn\/index.php?rest_route=\/wp\/v2\/types\/page"}],"author":[{"embeddable":true,"href":"https:\/\/hcmpreu.edu.vn\/index.php?rest_route=\/wp\/v2\/users\/3"}],"replies":[{"embeddable":true,"href":"https:\/\/hcmpreu.edu.vn\/index.php?rest_route=%2Fwp%2Fv2%2Fcomments&post=190"}],"version-history":[{"count":9,"href":"https:\/\/hcmpreu.edu.vn\/index.php?rest_route=\/wp\/v2\/pages\/190\/revisions"}],"predecessor-version":[{"id":4256,"href":"https:\/\/hcmpreu.edu.vn\/index.php?rest_route=\/wp\/v2\/pages\/190\/revisions\/4256"}],"wp:attachment":[{"href":"https:\/\/hcmpreu.edu.vn\/index.php?rest_route=%2Fwp%2Fv2%2Fmedia&parent=190"}],"curies":[{"name":"wp","href":"https:\/\/api.w.org\/{rel}","templated":true}]}}