{"id":198,"date":"2017-11-08T01:54:00","date_gmt":"2017-11-08T01:54:00","guid":{"rendered":"http:\/\/www1.hcmpreu.edu.vn\/?page_id=198"},"modified":"2021-11-18T22:55:58","modified_gmt":"2021-11-18T15:55:58","slug":"cong-doan-truong-du-bi-dai-hoc-tp-hcm","status":"publish","type":"page","link":"https:\/\/hcmpreu.edu.vn\/?page_id=198","title":{"rendered":"C\u00f4ng \u0111o\u00e0n Tr\u01b0\u1eddng D\u1ef1 b\u1ecb \u0110\u1ea1i h\u1ecdc TP.HCM"},"content":{"rendered":"<div><strong>I. L\u1ecaCH S\u1eec H\u00ccNH TH\u00c0NH<\/strong><\/div>\n<div><span lang=\"VI\">T\u1eeb ng\u00e0y th\u00e0nh l\u1eadp Tr\u01b0\u1eddng (<\/span>0<span lang=\"VI\">6\/12\/1976) \u0111\u1ebfn nay, C\u00f4ng \u0111o\u00e0n Tr\u01b0\u1eddng D\u1ef1 b\u1ecb \u0111\u1ea1i h\u1ecdc th\u00e0nh ph\u1ed1 H\u1ed3 Ch\u00ed Minh \u0111\u00e3 tr<\/span>\u00e3<span lang=\"VI\">i qua 1<\/span>6\u00a0<span lang=\"VI\" style=\"color: initial;\">nhi\u1ec7m k\u1ef3<\/span><span style=\"color: initial;\">. Hi\u1ec7n n<\/span><span lang=\"VI\" style=\"color: initial;\">ay l\u00e0 nhi\u1ec7m k\u1ef3 XV<\/span><span style=\"color: initial;\">I\u00a0<\/span><span lang=\"VI\" style=\"color: initial;\">(201<\/span><span style=\"color: initial;\">7<\/span><span lang=\"VI\" style=\"color: initial;\">\u2013 20<\/span><span style=\"color: initial;\">22<\/span><span lang=\"VI\" style=\"color: initial;\">). Qua ch\u1eb7ng \u0111\u01b0\u1eddng <\/span><span style=\"color: initial;\">45\u00a0<\/span><span lang=\"VI\" style=\"color: initial;\">n\u0103m, d\u01b0\u1edbi s\u1ef1 l\u00e3nh \u0111\u1ea1o c\u1ee7a \u0110\u1ea3ng \u1ee7y Nh\u00e0 tr\u01b0\u1eddng,\u00a0<\/span><span style=\"color: initial;\">C\u00f4ng \u0111o\u00e0n th\u1ef1c hi\u1ec7n ch\u1ee9c n\u0103ng l\u00e0 m\u1ed9t t\u1ed5 ch\u1ee9c x\u00e3 h\u1ed9i ch\u0103m lo,\u00a0<\/span><span lang=\"VI\" style=\"color: initial;\">b\u1ea3o v\u1ec7\u00a0<\/span><span style=\"color: initial;\">quy\u1ec1n v\u00e0\u00a0<\/span><span lang=\"VI\" style=\"color: initial;\">l\u1ee3i \u00edch <\/span><span style=\"color: initial;\">h\u1ee3p ph\u00e1p c\u1ee7a vi\u00ean ch\u1ee9c v\u00e0 ng\u01b0\u1eddi lao \u0111\u1ed9ng.<\/span><\/div>\n<div><\/div>\n<div><strong>II. NH\u00c2N S\u1ef0<\/strong><\/div>\n<div>\n<p>Nh\u00e2n s\u1ef1 BCH C\u00f4ng \u0111o\u00e0n nhi\u1ec7m k\u1ef3 2017 \u2013 2022 g\u1ed3m c\u00f3:<\/p>\n<ol>\n<li>C\u00f4 Nguy\u1ec5n Th\u1ecb Thanh H\u1ea3i \u2013 Ch\u1ee7 t\u1ecbch C\u00f4ng \u0111o\u00e0n<\/li>\n<li>C\u00f4 Nguy\u1ec5n Kim Kh\u00e1nh \u2013 Ph\u00f3 ch\u1ee7 t\u1ecbch C\u00f4ng \u0111o\u00e0n<\/li>\n<li>C\u00f4 \u0110o\u00e0n Th\u1ecb Ph\u01b0\u01a1ng Huy\u1ec1n \u2013 UVBCH C\u00f4ng \u0111o\u00e0n \u2013 Tr\u01b0\u1edfng Ban n\u1eef C\u00f4ng<\/li>\n<li>C\u00f4 \u0110inh Th\u1ecb B\u00edch Li\u00ean \u2013 UVBCH C\u00f4ng \u0111o\u00e0n<\/li>\n<li><span style=\"color: initial;\">Th\u1ea7y L\u00ea H\u1ed3ng V\u0103n \u2013 Ch\u1ee7 nhi\u1ec7m UBKT<\/span><\/li>\n<\/ol>\n<p><img loading=\"lazy\" decoding=\"async\" class=\"alignnone  wp-image-4272 aligncenter\" src=\"https:\/\/hcmpreu.edu.vn\/wp-content\/uploads\/2021\/11\/cdcs1.jpg-206x300.jpg\" alt=\"\" width=\"356\" height=\"518\" srcset=\"https:\/\/hcmpreu.edu.vn\/wp-content\/uploads\/2021\/11\/cdcs1.jpg-206x300.jpg 206w, https:\/\/hcmpreu.edu.vn\/wp-content\/uploads\/2021\/11\/cdcs1.jpg-703x1024.jpg 703w, https:\/\/hcmpreu.edu.vn\/wp-content\/uploads\/2021\/11\/cdcs1.jpg-137x200.jpg 137w, https:\/\/hcmpreu.edu.vn\/wp-content\/uploads\/2021\/11\/cdcs1.jpg-103x150.jpg 103w, https:\/\/hcmpreu.edu.vn\/wp-content\/uploads\/2021\/11\/cdcs1.jpg.jpg 748w\" sizes=\"auto, (max-width: 356px) 100vw, 356px\" \/><\/p>\n<\/div>\n<div class=\"img_caption left\"><\/div>\n<p>T\u1eeb n\u0103m 2019 \u2013 2020, nh\u00e2n s\u1ef1 BCH C\u00f4ng \u0111o\u00e0n c\u00f3 s\u1ef1 thay \u0111\u1ed5i v\u1edbi 2 th\u00e0nh vi\u00ean m\u1edbi l\u00e0<\/p>\n<ul>\n<li>C\u00f4 Nguy\u1ec5n Th\u1ecb Hi\u1ec1n \u2013 Ph\u00f3 ch\u1ee7 t\u1ecbch C\u00f4ng \u0111o\u00e0n<\/li>\n<li>C\u00f4 Nguy\u1ec5n H\u00e0 Nh\u01b0 Mai \u2013 UVBCH C\u00f4ng \u0111o\u00e0n \u2013 Tr\u01b0\u1edfng Ban n\u1eef c\u00f4ng<\/li>\n<\/ul>\n<p><strong>III. QU\u00c1 TR\u00ccNH PH\u00c1T TRI\u1ec2N<\/strong><\/p>\n<p>Ho\u1ea1t \u0111\u1ed9ng c\u1ee7a C\u00f4ng \u0111o\u00e0n Tr\u01b0\u1eddng c\u00f3 th\u1ec3 chia th\u00e0nh nh\u1eefng giai \u0111o\u1ea1i nh\u01b0 sau:<\/p>\n<ul>\n<li><strong>T\u1eeb <\/strong><strong>n\u0103m <\/strong><strong>1976 \u2013 1986:<\/strong>Trong giai \u0111o\u1ea1n \u0111\u1ea5t n\u01b0\u1edbc g\u1eb7p nhi\u1ec1u kh\u00f3 kh\u0103n sau chi\u1ebfn tranh, C\u00f4ng \u0111o\u00e0n t\u1eadp trung ch\u0103m lo \u1ed5n \u0111\u1ecbnh v\u00e0 c\u1ea3i thi\u1ec7n \u0111\u1eddi s\u1ed1ng c\u00e1n b\u1ed9, gi\u1ea3ng vi\u00ean, vi\u00ean ch\u1ee9c sao cho kh\u00f4ng qu\u00e1 thi\u1ebfu h\u1ee5t, \u0111\u1ec3 \u0111\u1ee7 s\u1ee9c gi\u1ea3ng d\u1ea1y v\u00e0 ph\u1ee5c v\u1ee5 gi\u1ea3ng d\u1ea1y.<\/li>\n<li><strong>T\u1eeb <\/strong><strong>n\u0103m <\/strong><strong>1986 \u2013 2000:<\/strong>T\u1eebng b\u01b0\u1edbc \u1ed5n \u0111\u1ecbnh v\u00e0 n\u00e2ng cao \u0111\u1eddi s\u1ed1ng v\u1eadt ch\u1ea5t, tinh th\u1ea7n cho c\u00e1n b\u1ed9 \u2013 vi\u00ean ch\u1ee9c. \u0110\u00e2y l\u00e0 giai \u0111o\u1ea1n c\u1ea3 n\u01b0\u1edbc b\u1eaft \u0111\u1ea7u c\u00f4ng cu\u1ed9c \u0111\u1ed5i m\u1edbi kinh t\u1ebf, ch\u00ednh tr\u1ecb, v\u00e0 x\u00e3 h\u1ed9i. C\u00f9ng v\u1edbi Ban gi\u00e1m hi\u1ec7u, C\u00f4ng \u0111o\u00e0n Tr\u01b0\u1eddng \u0111\u00e3 t\u1eebng b\u01b0\u1edbc x\u00e2y d\u1ef1ng Nh\u00e0 tr\u01b0\u1eddng \u1ed5n \u0111\u1ecbnh, n\u00e2ng d\u1ea7n m\u1ee9c s\u1ed1ng v\u00e0 thu nh\u1eadp c\u1ee7a c\u00e1n b\u1ed9 \u2013 vi\u00ean ch\u1ee9c.<\/li>\n<li><strong>T\u1eeb <\/strong><strong>n\u0103m <\/strong><strong>2001<\/strong><strong> \u0111\u1ebfn<\/strong><strong> nay:\u00a0<\/strong>N\u00e2ng cao ph\u1ea9m ch\u1ea5t v\u00e0 n\u0103ng l\u1ef1c c\u1ee7a \u0111\u1ed9i ng\u0169 vi\u00ean ch\u1ee9c -ng\u01b0\u1eddi lao \u0111\u1ed9ng \u0111\u1ec3 \u0111\u00e1p \u1ee9ng y\u00eau c\u1ea7u \u0111\u1ed5i m\u1edbi gi\u00e1o d\u1ee5c \u2013 \u0111\u00e0o t\u1ea1o, ph\u1ee5c v\u1ee5 s\u1ef1 nghi\u1ec7p c\u00f4ng nghi\u1ec7p h\u00f3a, hi\u1ec7n \u0111\u1ea1i h\u00f3a \u0111\u1ea5t n\u01b0\u1edbc. Ph\u1ed1i h\u1ee3p v\u1edbi Ban gi\u00e1m hi\u1ec7u, C\u00f4ng \u0111o\u00e0n Tr\u01b0\u1eddng \u0111\u00e3 t\u1ea1o m\u1ecdi \u0111i\u1ec1u ki\u1ec7n thu\u1eadn l\u1ee3i \u0111\u1ec3 vi\u00ean ch\u1ee9c c\u00f3 th\u1ec3 th\u1ef1c hi\u1ec7n ch\u01b0\u01a1ng tr\u00ecnh \u0111\u00e0o t\u1ea1o, b\u1ed3i d\u01b0\u1ee1ng, chu\u1ea9n h\u00f3a tr\u00ecnh \u0111\u1ed9. C\u00f4ng \u0111o\u00e0n c\u0169ng \u0111\u00e3 v\u1eadn \u0111\u1ed9ng gi\u00e1o vi\u00ean n\u00e2ng cao ch\u1ea5t l\u01b0\u1ee3ng gi\u00e1o d\u1ee5c \u2013 \u0111\u00e0o t\u1ea1o qua vi\u1ec7c t\u00edch c\u1ef1c nghi\u00ean c\u1ee9u khoa h\u1ecdc v\u00e0 c\u1eadp nh\u1eadt ki\u1ebfn th\u1ee9c chuy\u00ean m\u00f4n m\u1edbi, bi\u00ean so\u1ea1n gi\u00e1o tr\u00ecnh v\u00e0 t\u00e0i li\u1ec7u h\u1ecdc t\u1eadp cho h\u1ecdc sinh c\u00e1c h\u1ec7.<\/li>\n<\/ul>\n<p>&#8211; C\u00f4ng \u0111o\u00e0n c\u0169ng \u0111\u00e3 \u0111a d\u1ea1ng h\u00f3a c\u00e1c h\u00ecnh th\u1ee9c tuy\u00ean truy\u1ec1n, gi\u00e1o d\u1ee5c nh\u1eb1m qu\u00e1n tri\u1ec7t c\u00e1c quan \u0111i\u1ec3m \u0111\u1ed5i m\u1edbi gi\u00e1o d\u1ee5c \u2013 \u0111\u00e0o t\u1ea1o, c\u00e1c ngh\u1ecb quy\u1ebft c\u1ee7a \u0110\u1ea3ng, ch\u1ee7 tr\u01b0\u01a1ng, ch\u00ednh s\u00e1ch c\u1ee7a Nh\u00e0 n\u01b0\u1edbc nh\u1eb1m n\u00e2ng cao nh\u1eadn th\u1ee9c trong c\u00e1n b\u1ed9 \u2013 vi\u00ean ch\u1ee9c v\u1ec1 truy\u1ec1n th\u1ed1ng t\u1ed1t \u0111\u1eb9p c\u1ee7a Nh\u00e0 gi\u00e1o Vi\u1ec7t Nam.<\/p>\n<p>&#8211; C\u00f4ng \u0111o\u00e0n Tr\u01b0\u1eddng \u0111\u00e3 th\u1ef1c hi\u1ec7n t\u1ed1t hi\u1ec7m v\u1ee5 ch\u0103m lo, quan t\u00e2m \u0111\u1ebfn \u0111\u1eddi s\u1ed1ng v\u1eadt ch\u1ea5t, tinh th\u1ea7n c\u1ee7a ng\u01b0\u1eddi lao \u0111\u1ed9ng. H\u1eb1ng n\u0103m C\u00f4ng \u0111o\u00e0n t\u1ed5 ch\u1ee9c nhi\u1ec1u ho\u1ea1t \u0111\u1ed9ng th\u1ec3 thao, v\u0103n ngh\u1ec7 nh\u00e2n k\u1ef7 ni\u1ec7m c\u00e1c ng\u00e0y l\u1ec5 l\u1edbn trong n\u0103m, mang \u0111\u1ebfn nh\u1eefng gi\u1edd ph\u00fat vui t\u01b0\u01a1i, tho\u1ea3i m\u00e1i th\u1eadt s\u1ef1 cho c\u00e1n b\u1ed9 \u2013 vi\u00ean ch\u1ee9c c\u1ee7a Tr\u01b0\u1eddng. Th\u0103m h\u1ecfi k\u1ecbp th\u1eddi \u0111\u1ebfn vi\u00ean ch\u1ee9c \u2013 ng\u01b0\u1eddi lao \u0111\u1ed9ng khi \u1ed1m \u0111au, b\u1ec7nh t\u1eadt, quan t\u00e2m, chia s\u1ebb khi vi\u00ean ch\u1ee9c \u2013 ng\u01b0\u1eddi lao \u0111\u1ed9ng c\u00f3 hi\u1ebfu h\u1ec9, ma chay.<\/p>\n<p>&#8211; Ngo\u00e0i c\u00e1c ho\u1ea1t \u0111\u1ed9ng t\u1ea1i Tr\u01b0\u1eddng, C\u00f4ng \u0111o\u00e0n c\u00f2n v\u1eadn \u0111\u1ed9ng c\u00f4ng \u0111o\u00e0n vi\u00ean t\u00edch c\u1ef1c tham gia c\u00e1c ho\u1ea1t \u0111\u1ed9ng x\u00e3 h\u1ed9i, c\u1ee9u tr\u1ee3 l\u0169 l\u1ee5t, \u0111\u00f3ng g\u00f3p cho qu\u1ef9 v\u00ec ng\u01b0\u1eddi ngh\u00e8o, g\u00f3p \u0111\u00e1 x\u00e2y Tr\u01b0\u1eddng Sa\u2026<\/p>\n<p>&#8211; Nh\u1eefng n\u0103m g\u1ea7n \u0111\u00e2y, C\u00f4ng \u0111o\u00e0n m\u1edf r\u1ed9ng m\u1ed1i quan h\u1ec7 giao l\u01b0u v\u1edbi c\u00e1c c\u00f4ng \u0111o\u00e0n tr\u01b0\u1eddng b\u1ea1n trong c\u00e1c Kh\u1ed1i thi \u0111ua c\u1ee7a Li\u00ean \u0111o\u00e0n lao \u0111\u1ed9ng Th\u00e0nh ph\u1ed1 H\u1ed3 Ch\u00ed Minh v\u00e0 C\u00f4ng \u0111o\u00e0n Gi\u00e1o d\u1ee5c Vi\u1ec7t Nam. Tham gia c\u00e1c ho\u1ea1t \u0111\u1ed9ng do Li\u00ean \u0111o\u00e0n Lao \u0111\u1ed9ng t\u1ed5 ch\u1ee9c nh\u01b0 H\u1ed9i thao kh\u1ed1i c\u00e1c tr\u01b0\u1eddng \u0111\u1ea1i h\u1ecdc, cao \u0111\u1eb3ng, TCCN v\u00e0 c\u00e1c \u0111\u01a1n v\u1ecb gi\u00e1o d\u1ee5c \u0111\u00e0o t\u1ea1o, H\u1ed9i thi \u1ea9m th\u1ef1c m\u1eebng ng\u00e0y Qu\u1ed1c t\u1ebf Ph\u1ee5 n\u1eef 8\/3\u2026<\/p>\n<p><img loading=\"lazy\" decoding=\"async\" class=\"wp-image-4275 aligncenter\" src=\"https:\/\/hcmpreu.edu.vn\/wp-content\/uploads\/2021\/11\/cdcs2-300x201.jpg\" alt=\"\" width=\"733\" height=\"491\" srcset=\"https:\/\/hcmpreu.edu.vn\/wp-content\/uploads\/2021\/11\/cdcs2-300x201.jpg 300w, https:\/\/hcmpreu.edu.vn\/wp-content\/uploads\/2021\/11\/cdcs2-1024x685.jpg 1024w, https:\/\/hcmpreu.edu.vn\/wp-content\/uploads\/2021\/11\/cdcs2-768x513.jpg 768w, https:\/\/hcmpreu.edu.vn\/wp-content\/uploads\/2021\/11\/cdcs2-200x134.jpg 200w, https:\/\/hcmpreu.edu.vn\/wp-content\/uploads\/2021\/11\/cdcs2-150x100.jpg 150w, https:\/\/hcmpreu.edu.vn\/wp-content\/uploads\/2021\/11\/cdcs2.jpg 1430w\" sizes=\"auto, (max-width: 733px) 100vw, 733px\" \/><\/p>\n<p>&#8211; Tham gia c\u00e1c ho\u1ea1t \u0111\u1ed9ng do Li\u00ean \u0111o\u00e0n Lao \u0111\u1ed9ng t\u1ed5 ch\u1ee9c nh\u01b0 H\u1ed9i thao kh\u1ed1i c\u00e1c tr\u01b0\u1eddng \u0111\u1ea1i h\u1ecdc, cao \u0111\u1eb3ng, TCCN v\u00e0 c\u00e1c \u0111\u01a1n v\u1ecb gi\u00e1o d\u1ee5c \u0111\u00e0o t\u1ea1o, H\u1ed9i thi \u1ea9m th\u1ef1c m\u1eebng ng\u00e0y Qu\u1ed1c t\u1ebf Ph\u1ee5 n\u1eef 8\/3\u2026<\/p>\n<p><img loading=\"lazy\" decoding=\"async\" class=\"wp-image-4276 aligncenter\" src=\"https:\/\/hcmpreu.edu.vn\/wp-content\/uploads\/2021\/11\/cdcs3-300x200.jpg\" alt=\"\" width=\"725\" height=\"483\" srcset=\"https:\/\/hcmpreu.edu.vn\/wp-content\/uploads\/2021\/11\/cdcs3-300x200.jpg 300w, https:\/\/hcmpreu.edu.vn\/wp-content\/uploads\/2021\/11\/cdcs3-200x133.jpg 200w, https:\/\/hcmpreu.edu.vn\/wp-content\/uploads\/2021\/11\/cdcs3-150x100.jpg 150w, https:\/\/hcmpreu.edu.vn\/wp-content\/uploads\/2021\/11\/cdcs3.jpg 751w\" sizes=\"auto, (max-width: 725px) 100vw, 725px\" \/><\/p>\n<p>\u0110\u1ec3 ho\u00e0n th\u00e0nh t\u1ed1t vai tr\u00f2, ch\u1ee9c n\u0103ng c\u1ee7a m\u00ecnh, C\u00f4ng \u0111o\u00e0n Tr\u01b0\u1eddng lu\u00f4n ch\u00fa \u00fd x\u00e2y d\u1ef1ng t\u1ed5 ch\u1ee9c C\u00f4ng \u0111o\u00e0n v\u1eefng m\u1ea1nh b\u1eb1ng c\u00e1c ho\u1ea1t \u0111\u1ed9ng c\u1ee5 th\u1ec3 nh\u01b0 x\u00e2y d\u1ef1ng ch\u01b0\u01a1ng tr\u00ecnh ho\u1ea1t \u0111\u1ed9ng C\u00f4ng \u0111o\u00e0n trong t\u1eebng n\u0103m h\u1ecdc, c\u00f3 ch\u1ebf \u0111\u1ed9 \u0111\u00e3i ng\u1ed9 \u0111\u1ed1i v\u1edbi c\u00e1n b\u1ed9 C\u00f4ng \u0111o\u00e0n b\u00e1n chuy\u00ean tr\u00e1ch, \u0111\u1ed5i m\u1edbi n\u1ed9i dung v\u00e0 ho\u1ea1t \u0111\u1ed9ng C\u00f4ng \u0111o\u00e0n, th\u01b0\u1eddng xuy\u00ean l\u1eafng nghe \u00fd ki\u1ebfn \u0111\u00f3ng g\u00f3p t\u1eeb c\u00e1c t\u1ed5 C\u00f4ng \u0111o\u00e0n, t\u0103ng c\u01b0\u1eddng ho\u1ea1t \u0111\u1ed9ng c\u1ee7a \u1ee6y ban ki\u1ec3m tra C\u00f4ng \u0111o\u00e0n\u2026<\/p>\n<p><img loading=\"lazy\" decoding=\"async\" class=\"wp-image-4277 aligncenter\" src=\"https:\/\/hcmpreu.edu.vn\/wp-content\/uploads\/2021\/11\/cdcs4-300x200.jpg\" alt=\"\" width=\"717\" height=\"478\" srcset=\"https:\/\/hcmpreu.edu.vn\/wp-content\/uploads\/2021\/11\/cdcs4-300x200.jpg 300w, https:\/\/hcmpreu.edu.vn\/wp-content\/uploads\/2021\/11\/cdcs4-768x512.jpg 768w, https:\/\/hcmpreu.edu.vn\/wp-content\/uploads\/2021\/11\/cdcs4-200x133.jpg 200w, https:\/\/hcmpreu.edu.vn\/wp-content\/uploads\/2021\/11\/cdcs4-150x100.jpg 150w, https:\/\/hcmpreu.edu.vn\/wp-content\/uploads\/2021\/11\/cdcs4.jpg 936w\" sizes=\"auto, (max-width: 717px) 100vw, 717px\" \/><\/p>\n<p>Nh\u00ecn l\u1ea1i qu\u00e1 tr\u00ecnh 45 n\u0103m, C\u00f4ng \u0111o\u00e0n Tr\u01b0\u1eddng \u0111\u00e3 b\u01b0\u1edbc \u0111i nh\u1eefng b\u01b0\u1edbc r\u1ea5t d\u00e0i v\u00e0 ng\u00e0y c\u00e0ng v\u1eefng ch\u1eafc. \u0110\u1ec3 \u0111\u1ea1t \u0111\u01b0\u1ee3c nh\u1eefng th\u00e0nh t\u00edch, C\u00f4ng \u0111o\u00e0n \u0111\u00e3 th\u01b0\u1eddng xuy\u00ean ti\u1ebfn h\u00e0nh c\u00f4ng t\u00e1c ki\u1ec3m tra, \u0111\u00e1nh gi\u00e1, t\u1ed5ng k\u1ebft kinh nghi\u1ec7m, coi tr\u1ecdng nguy\u00ean t\u1eafc t\u1eadp trung d\u00e2n ch\u1ee7, ph\u00e1t huy s\u1ee9c m\u1ea1nh m\u1ea1nh t\u1eadp th\u1ec3 v\u00e0 n\u0103ng l\u1ef1c l\u00e0m ch\u1ee7 c\u1ee7a to\u00e0n th\u1ec3 \u0111o\u00e0n vi\u00ean c\u00f4ng \u0111o\u00e0n trong Tr\u01b0\u1eddng.<\/p>\n<p>C\u00f9ng v\u1edbi s\u1ef1 l\u1edbn m\u1ea1nh c\u1ee7a Nh\u00e0 tr\u01b0\u1eddng, d\u01b0\u1edbi s\u1ef1 ch\u1ec9 \u0111\u1ea1o c\u1ee7a Li\u00ean \u0111o\u00e0n Lao \u0111\u1ed9ng th\u00e0nh ph\u1ed1 H\u1ed3 Ch\u00ed Minh v\u00e0 C\u00f4ng \u0111o\u00e0n Gi\u00e1o d\u1ee5c Vi\u1ec7t Nam, s\u1ef1 l\u00e3nh \u0111\u1ea1o tr\u1ef1c ti\u1ebfp c\u1ee7a \u0110\u1ea3ng b\u1ed9 Nh\u00e0 tr\u01b0\u1eddng, C\u00f4ng \u0111o\u00e0n Tr\u01b0\u1eddng D\u1ef1 b\u1ecb \u0111\u1ea1i h\u1ecdc th\u00e0nh ph\u1ed1 H\u1ed3 Ch\u00ed Minh \u0111\u00e3 th\u1ef1c hi\u1ec7n t\u1ed1t 3 ch\u1ee9c n\u0103ng \u201cB\u1ea3o v\u1ec7 \u2013 Tham gia \u2013 Gi\u00e1o d\u1ee5c v\u1eadn \u0111\u1ed9ng\u201d, lu\u00f4n l\u00e0 h\u1ea1t nh\u00e2n \u0111\u1ed9ng vi\u00ean c\u00e1n b\u1ed9 \u2013 vi\u00ean ch\u1ee9c ho\u00e0n th\u00e0nh nhi\u1ec7m v\u1ee5 ch\u00ednh tr\u1ecb c\u1ee7a Nh\u00e0 tr\u01b0\u1eddng, x\u00e2y d\u1ef1ng t\u1eadp th\u1ec3 Nh\u00e0 tr\u01b0\u1eddng ng\u00e0y c\u00e0ng \u0111o\u00e0n k\u1ebft v\u00e0 v\u1eefng m\u1ea1nh h\u01a1n.<\/p>\n<p style=\"text-align: right;\"><strong>C\u00d4NG \u0110O\u00c0N TR\u01af\u1edcNG<\/strong><\/p>\n","protected":false},"excerpt":{"rendered":"<p>I. L\u1ecaCH S\u1eec H\u00ccNH TH\u00c0NH T\u1eeb ng\u00e0y th\u00e0nh l\u1eadp Tr\u01b0\u1eddng (06\/12\/1976) \u0111\u1ebfn nay, C\u00f4ng \u0111o\u00e0n Tr\u01b0\u1eddng D\u1ef1 b\u1ecb \u0111\u1ea1i h\u1ecdc th\u00e0nh ph\u1ed1 H\u1ed3 Ch\u00ed Minh \u0111\u00e3 tr\u00e3i qua 16\u00a0nhi\u1ec7m k\u1ef3. Hi\u1ec7n nay l\u00e0 nhi\u1ec7m k\u1ef3 XVI\u00a0(2017\u2013 2022). Qua ch\u1eb7ng \u0111\u01b0\u1eddng 45\u00a0n\u0103m, d\u01b0\u1edbi s\u1ef1 l\u00e3nh \u0111\u1ea1o c\u1ee7a \u0110\u1ea3ng \u1ee7y Nh\u00e0 tr\u01b0\u1eddng,\u00a0C\u00f4ng \u0111o\u00e0n th\u1ef1c hi\u1ec7n ch\u1ee9c n\u0103ng l\u00e0 m\u1ed9t t\u1ed5 ch\u1ee9c x\u00e3 h\u1ed9i ch\u0103m lo,\u00a0b\u1ea3o v\u1ec7\u00a0quy\u1ec1n v\u00e0\u00a0l\u1ee3i \u00edch h\u1ee3p ph\u00e1p c\u1ee7a vi\u00ean ch\u1ee9c v\u00e0 ng\u01b0\u1eddi lao \u0111\u1ed9ng. II. NH\u00c2N S\u1ef0 Nh\u00e2n s\u1ef1 BCH C\u00f4ng \u0111o\u00e0n nhi\u1ec7m k\u1ef3 2017 \u2013 2022 g\u1ed3m c\u00f3: C\u00f4 Nguy\u1ec5n Th\u1ecb Thanh H\u1ea3i \u2013 Ch\u1ee7 t\u1ecbch C\u00f4ng \u0111o\u00e0n\u2026<\/p>\n<p class=\"continue-reading-button\"> <a class=\"continue-reading-link\" href=\"https:\/\/hcmpreu.edu.vn\/?page_id=198\">\u0110\u1ecdc ti\u1ebfp<i class=\"crycon-right-dir\"><\/i><\/a><\/p>\n","protected":false},"author":3,"featured_media":0,"parent":0,"menu_order":0,"comment_status":"closed","ping_status":"closed","template":"","meta":{"footnotes":""},"class_list":["post-198","page","type-page","status-publish","hentry"],"yoast_head":"<!-- This site is optimized with the Yoast SEO plugin v27.4 - https:\/\/yoast.com\/product\/yoast-seo-wordpress\/ -->\n<title>C\u00f4ng \u0111o\u00e0n Tr\u01b0\u1eddng D\u1ef1 b\u1ecb \u0110\u1ea1i h\u1ecdc TP.HCM - TR\u01af\u1edcNG D\u1ef0 B\u1eca \u0110\u1ea0I H\u1eccC TP.HCM<\/title>\n<meta name=\"robots\" content=\"index, follow, max-snippet:-1, max-image-preview:large, max-video-preview:-1\" \/>\n<link rel=\"canonical\" href=\"https:\/\/hcmpreu.edu.vn\/?page_id=198\" \/>\n<meta property=\"og:locale\" content=\"en_US\" \/>\n<meta property=\"og:type\" content=\"article\" \/>\n<meta property=\"og:title\" content=\"C\u00f4ng \u0111o\u00e0n Tr\u01b0\u1eddng D\u1ef1 b\u1ecb \u0110\u1ea1i h\u1ecdc TP.HCM - TR\u01af\u1edcNG D\u1ef0 B\u1eca \u0110\u1ea0I H\u1eccC TP.HCM\" \/>\n<meta property=\"og:description\" content=\"I. L\u1ecaCH S\u1eec H\u00ccNH TH\u00c0NH T\u1eeb ng\u00e0y th\u00e0nh l\u1eadp Tr\u01b0\u1eddng (06\/12\/1976) \u0111\u1ebfn nay, C\u00f4ng \u0111o\u00e0n Tr\u01b0\u1eddng D\u1ef1 b\u1ecb \u0111\u1ea1i h\u1ecdc th\u00e0nh ph\u1ed1 H\u1ed3 Ch\u00ed Minh \u0111\u00e3 tr\u00e3i qua 16\u00a0nhi\u1ec7m k\u1ef3. Hi\u1ec7n nay l\u00e0 nhi\u1ec7m k\u1ef3 XVI\u00a0(2017\u2013 2022). Qua ch\u1eb7ng \u0111\u01b0\u1eddng 45\u00a0n\u0103m, d\u01b0\u1edbi s\u1ef1 l\u00e3nh \u0111\u1ea1o c\u1ee7a \u0110\u1ea3ng \u1ee7y Nh\u00e0 tr\u01b0\u1eddng,\u00a0C\u00f4ng \u0111o\u00e0n th\u1ef1c hi\u1ec7n ch\u1ee9c n\u0103ng l\u00e0 m\u1ed9t t\u1ed5 ch\u1ee9c x\u00e3 h\u1ed9i ch\u0103m lo,\u00a0b\u1ea3o v\u1ec7\u00a0quy\u1ec1n v\u00e0\u00a0l\u1ee3i \u00edch h\u1ee3p ph\u00e1p c\u1ee7a vi\u00ean ch\u1ee9c v\u00e0 ng\u01b0\u1eddi lao \u0111\u1ed9ng. II. NH\u00c2N S\u1ef0 Nh\u00e2n s\u1ef1 BCH C\u00f4ng \u0111o\u00e0n nhi\u1ec7m k\u1ef3 2017 \u2013 2022 g\u1ed3m c\u00f3: C\u00f4 Nguy\u1ec5n Th\u1ecb Thanh H\u1ea3i \u2013 Ch\u1ee7 t\u1ecbch C\u00f4ng \u0111o\u00e0n\u2026 \u0110\u1ecdc ti\u1ebfp\" \/>\n<meta property=\"og:url\" content=\"https:\/\/hcmpreu.edu.vn\/?page_id=198\" \/>\n<meta property=\"og:site_name\" content=\"TR\u01af\u1edcNG D\u1ef0 B\u1eca \u0110\u1ea0I H\u1eccC TP.HCM\" \/>\n<meta property=\"article:modified_time\" content=\"2021-11-18T15:55:58+00:00\" \/>\n<meta property=\"og:image\" content=\"https:\/\/hcmpreu.edu.vn\/wp-content\/uploads\/2021\/11\/cdcs1.jpg-206x300.jpg\" \/>\n<meta name=\"twitter:card\" content=\"summary_large_image\" \/>\n<meta name=\"twitter:label1\" content=\"Est. reading time\" \/>\n\t<meta name=\"twitter:data1\" content=\"6 minutes\" \/>\n<script type=\"application\/ld+json\" class=\"yoast-schema-graph\">{\"@context\":\"https:\\\/\\\/schema.org\",\"@graph\":[{\"@type\":\"WebPage\",\"@id\":\"https:\\\/\\\/hcmpreu.edu.vn\\\/?page_id=198\",\"url\":\"https:\\\/\\\/hcmpreu.edu.vn\\\/?page_id=198\",\"name\":\"C\u00f4ng \u0111o\u00e0n Tr\u01b0\u1eddng D\u1ef1 b\u1ecb \u0110\u1ea1i h\u1ecdc TP.HCM - TR\u01af\u1edcNG D\u1ef0 B\u1eca \u0110\u1ea0I H\u1eccC TP.HCM\",\"isPartOf\":{\"@id\":\"https:\\\/\\\/hcmpreu.edu.vn\\\/#website\"},\"primaryImageOfPage\":{\"@id\":\"https:\\\/\\\/hcmpreu.edu.vn\\\/?page_id=198#primaryimage\"},\"image\":{\"@id\":\"https:\\\/\\\/hcmpreu.edu.vn\\\/?page_id=198#primaryimage\"},\"thumbnailUrl\":\"https:\\\/\\\/hcmpreu.edu.vn\\\/wp-content\\\/uploads\\\/2021\\\/11\\\/cdcs1.jpg-206x300.jpg\",\"datePublished\":\"2017-11-08T01:54:00+00:00\",\"dateModified\":\"2021-11-18T15:55:58+00:00\",\"breadcrumb\":{\"@id\":\"https:\\\/\\\/hcmpreu.edu.vn\\\/?page_id=198#breadcrumb\"},\"inLanguage\":\"en-US\",\"potentialAction\":[{\"@type\":\"ReadAction\",\"target\":[\"https:\\\/\\\/hcmpreu.edu.vn\\\/?page_id=198\"]}]},{\"@type\":\"ImageObject\",\"inLanguage\":\"en-US\",\"@id\":\"https:\\\/\\\/hcmpreu.edu.vn\\\/?page_id=198#primaryimage\",\"url\":\"https:\\\/\\\/hcmpreu.edu.vn\\\/wp-content\\\/uploads\\\/2021\\\/11\\\/cdcs1.jpg.jpg\",\"contentUrl\":\"https:\\\/\\\/hcmpreu.edu.vn\\\/wp-content\\\/uploads\\\/2021\\\/11\\\/cdcs1.jpg.jpg\",\"width\":748,\"height\":1090},{\"@type\":\"BreadcrumbList\",\"@id\":\"https:\\\/\\\/hcmpreu.edu.vn\\\/?page_id=198#breadcrumb\",\"itemListElement\":[{\"@type\":\"ListItem\",\"position\":1,\"name\":\"Home\",\"item\":\"https:\\\/\\\/hcmpreu.edu.vn\\\/\"},{\"@type\":\"ListItem\",\"position\":2,\"name\":\"C\u00f4ng \u0111o\u00e0n Tr\u01b0\u1eddng D\u1ef1 b\u1ecb \u0110\u1ea1i h\u1ecdc TP.HCM\"}]},{\"@type\":\"WebSite\",\"@id\":\"https:\\\/\\\/hcmpreu.edu.vn\\\/#website\",\"url\":\"https:\\\/\\\/hcmpreu.edu.vn\\\/\",\"name\":\"TR\u01af\u1edcNG D\u1ef0 B\u1eca \u0110\u1ea0I H\u1eccC TP.HCM\",\"description\":\"Pre-University\",\"potentialAction\":[{\"@type\":\"SearchAction\",\"target\":{\"@type\":\"EntryPoint\",\"urlTemplate\":\"https:\\\/\\\/hcmpreu.edu.vn\\\/?s={search_term_string}\"},\"query-input\":{\"@type\":\"PropertyValueSpecification\",\"valueRequired\":true,\"valueName\":\"search_term_string\"}}],\"inLanguage\":\"en-US\"}]}<\/script>\n<!-- \/ Yoast SEO plugin. -->","yoast_head_json":{"title":"C\u00f4ng \u0111o\u00e0n Tr\u01b0\u1eddng D\u1ef1 b\u1ecb \u0110\u1ea1i h\u1ecdc TP.HCM - TR\u01af\u1edcNG D\u1ef0 B\u1eca \u0110\u1ea0I H\u1eccC TP.HCM","robots":{"index":"index","follow":"follow","max-snippet":"max-snippet:-1","max-image-preview":"max-image-preview:large","max-video-preview":"max-video-preview:-1"},"canonical":"https:\/\/hcmpreu.edu.vn\/?page_id=198","og_locale":"en_US","og_type":"article","og_title":"C\u00f4ng \u0111o\u00e0n Tr\u01b0\u1eddng D\u1ef1 b\u1ecb \u0110\u1ea1i h\u1ecdc TP.HCM - TR\u01af\u1edcNG D\u1ef0 B\u1eca \u0110\u1ea0I H\u1eccC TP.HCM","og_description":"I. L\u1ecaCH S\u1eec H\u00ccNH TH\u00c0NH T\u1eeb ng\u00e0y th\u00e0nh l\u1eadp Tr\u01b0\u1eddng (06\/12\/1976) \u0111\u1ebfn nay, C\u00f4ng \u0111o\u00e0n Tr\u01b0\u1eddng D\u1ef1 b\u1ecb \u0111\u1ea1i h\u1ecdc th\u00e0nh ph\u1ed1 H\u1ed3 Ch\u00ed Minh \u0111\u00e3 tr\u00e3i qua 16\u00a0nhi\u1ec7m k\u1ef3. Hi\u1ec7n nay l\u00e0 nhi\u1ec7m k\u1ef3 XVI\u00a0(2017\u2013 2022). Qua ch\u1eb7ng \u0111\u01b0\u1eddng 45\u00a0n\u0103m, d\u01b0\u1edbi s\u1ef1 l\u00e3nh \u0111\u1ea1o c\u1ee7a \u0110\u1ea3ng \u1ee7y Nh\u00e0 tr\u01b0\u1eddng,\u00a0C\u00f4ng \u0111o\u00e0n th\u1ef1c hi\u1ec7n ch\u1ee9c n\u0103ng l\u00e0 m\u1ed9t t\u1ed5 ch\u1ee9c x\u00e3 h\u1ed9i ch\u0103m lo,\u00a0b\u1ea3o v\u1ec7\u00a0quy\u1ec1n v\u00e0\u00a0l\u1ee3i \u00edch h\u1ee3p ph\u00e1p c\u1ee7a vi\u00ean ch\u1ee9c v\u00e0 ng\u01b0\u1eddi lao \u0111\u1ed9ng. II. NH\u00c2N S\u1ef0 Nh\u00e2n s\u1ef1 BCH C\u00f4ng \u0111o\u00e0n nhi\u1ec7m k\u1ef3 2017 \u2013 2022 g\u1ed3m c\u00f3: C\u00f4 Nguy\u1ec5n Th\u1ecb Thanh H\u1ea3i \u2013 Ch\u1ee7 t\u1ecbch C\u00f4ng \u0111o\u00e0n\u2026 \u0110\u1ecdc ti\u1ebfp","og_url":"https:\/\/hcmpreu.edu.vn\/?page_id=198","og_site_name":"TR\u01af\u1edcNG D\u1ef0 B\u1eca \u0110\u1ea0I H\u1eccC TP.HCM","article_modified_time":"2021-11-18T15:55:58+00:00","og_image":[{"url":"https:\/\/hcmpreu.edu.vn\/wp-content\/uploads\/2021\/11\/cdcs1.jpg-206x300.jpg","type":"","width":"","height":""}],"twitter_card":"summary_large_image","twitter_misc":{"Est. reading time":"6 minutes"},"schema":{"@context":"https:\/\/schema.org","@graph":[{"@type":"WebPage","@id":"https:\/\/hcmpreu.edu.vn\/?page_id=198","url":"https:\/\/hcmpreu.edu.vn\/?page_id=198","name":"C\u00f4ng \u0111o\u00e0n Tr\u01b0\u1eddng D\u1ef1 b\u1ecb \u0110\u1ea1i h\u1ecdc TP.HCM - TR\u01af\u1edcNG D\u1ef0 B\u1eca \u0110\u1ea0I H\u1eccC TP.HCM","isPartOf":{"@id":"https:\/\/hcmpreu.edu.vn\/#website"},"primaryImageOfPage":{"@id":"https:\/\/hcmpreu.edu.vn\/?page_id=198#primaryimage"},"image":{"@id":"https:\/\/hcmpreu.edu.vn\/?page_id=198#primaryimage"},"thumbnailUrl":"https:\/\/hcmpreu.edu.vn\/wp-content\/uploads\/2021\/11\/cdcs1.jpg-206x300.jpg","datePublished":"2017-11-08T01:54:00+00:00","dateModified":"2021-11-18T15:55:58+00:00","breadcrumb":{"@id":"https:\/\/hcmpreu.edu.vn\/?page_id=198#breadcrumb"},"inLanguage":"en-US","potentialAction":[{"@type":"ReadAction","target":["https:\/\/hcmpreu.edu.vn\/?page_id=198"]}]},{"@type":"ImageObject","inLanguage":"en-US","@id":"https:\/\/hcmpreu.edu.vn\/?page_id=198#primaryimage","url":"https:\/\/hcmpreu.edu.vn\/wp-content\/uploads\/2021\/11\/cdcs1.jpg.jpg","contentUrl":"https:\/\/hcmpreu.edu.vn\/wp-content\/uploads\/2021\/11\/cdcs1.jpg.jpg","width":748,"height":1090},{"@type":"BreadcrumbList","@id":"https:\/\/hcmpreu.edu.vn\/?page_id=198#breadcrumb","itemListElement":[{"@type":"ListItem","position":1,"name":"Home","item":"https:\/\/hcmpreu.edu.vn\/"},{"@type":"ListItem","position":2,"name":"C\u00f4ng \u0111o\u00e0n Tr\u01b0\u1eddng D\u1ef1 b\u1ecb \u0110\u1ea1i h\u1ecdc TP.HCM"}]},{"@type":"WebSite","@id":"https:\/\/hcmpreu.edu.vn\/#website","url":"https:\/\/hcmpreu.edu.vn\/","name":"TR\u01af\u1edcNG D\u1ef0 B\u1eca \u0110\u1ea0I H\u1eccC TP.HCM","description":"Pre-University","potentialAction":[{"@type":"SearchAction","target":{"@type":"EntryPoint","urlTemplate":"https:\/\/hcmpreu.edu.vn\/?s={search_term_string}"},"query-input":{"@type":"PropertyValueSpecification","valueRequired":true,"valueName":"search_term_string"}}],"inLanguage":"en-US"}]}},"_links":{"self":[{"href":"https:\/\/hcmpreu.edu.vn\/index.php?rest_route=\/wp\/v2\/pages\/198","targetHints":{"allow":["GET"]}}],"collection":[{"href":"https:\/\/hcmpreu.edu.vn\/index.php?rest_route=\/wp\/v2\/pages"}],"about":[{"href":"https:\/\/hcmpreu.edu.vn\/index.php?rest_route=\/wp\/v2\/types\/page"}],"author":[{"embeddable":true,"href":"https:\/\/hcmpreu.edu.vn\/index.php?rest_route=\/wp\/v2\/users\/3"}],"replies":[{"embeddable":true,"href":"https:\/\/hcmpreu.edu.vn\/index.php?rest_route=%2Fwp%2Fv2%2Fcomments&post=198"}],"version-history":[{"count":8,"href":"https:\/\/hcmpreu.edu.vn\/index.php?rest_route=\/wp\/v2\/pages\/198\/revisions"}],"predecessor-version":[{"id":4279,"href":"https:\/\/hcmpreu.edu.vn\/index.php?rest_route=\/wp\/v2\/pages\/198\/revisions\/4279"}],"wp:attachment":[{"href":"https:\/\/hcmpreu.edu.vn\/index.php?rest_route=%2Fwp%2Fv2%2Fmedia&parent=198"}],"curies":[{"name":"wp","href":"https:\/\/api.w.org\/{rel}","templated":true}]}}