{"id":208,"date":"2017-11-08T01:58:16","date_gmt":"2017-11-08T01:58:16","guid":{"rendered":"http:\/\/www1.hcmpreu.edu.vn\/?page_id=208"},"modified":"2019-03-25T08:59:58","modified_gmt":"2019-03-25T01:59:58","slug":"chi-hoi-cuu-chien-binh","status":"publish","type":"page","link":"https:\/\/hcmpreu.edu.vn\/?page_id=208","title":{"rendered":"Chi h\u1ed9i c\u1ef1u chi\u1ebfn binh"},"content":{"rendered":"<p><img decoding=\"async\" class=\"aligncenter\" src=\"http:\/\/www1.hcmpreu.edu.vn\/images\/stories\/headers\/head_ccb.png\" alt=\"\"><\/p>\n<p><span class=\"dropcap\">C<\/span>\u00f9ng v\u1edbi s\u1ef1 ph\u00e1t tri\u1ec3n c\u1ee7a \u0111\u1ea5t n\u01b0\u1edbc, nh\u1eefng ng\u01b0\u1eddi l\u00ednh sau khi ho\u00e0n th\u00e0nh nhi\u1ec7m v\u1ee5 tr\u00ean m\u1eb7t tr\u1eadn chi\u1ebfn \u0111\u1ea5u v\u00e0 b\u1ea3o v\u1ec7 t\u1ed5 qu\u1ed1c, tr\u1edf v\u1ec1 v\u1edbi \u0111\u1eddi th\u01b0\u1eddng, v\u1edbi c\u00f4ng vi\u1ec7c m\u1edbi c\u1ee7a \u0110\u1ea3ng v\u00e0 nh\u00e0 n\u01b0\u1edbc giao ph\u00f3 \u2013 \u0111\u00f3 l\u00e0 nh\u1eefng C\u1ef1u chi\u1ebfn binh Vi\u1ec7t Nam (CCB.VN).<\/p>\n<div class=\"img_caption left\">\n<p><img decoding=\"async\" class=\"caption\" title=\"B\u00c1C S\u0128 \u0110\u1ed6 NG\u1eccC V\u0102N (CHI H\u1ed8I TR\u01af\u1edeNG)\" src=\"http:\/\/www1.hcmpreu.edu.vn\/images\/stories\/doan_the\/ccb\/ccb40_01.png\" alt=\"\" align=\"left\" hspace=\"4\" vspace=\"4\"><\/p>\n<p class=\"img_caption\">B\u00c1C S\u0128 \u0110\u1ed6 NG\u1eccC V\u0102N (CHI H\u1ed8I TR\u01af\u1edeNG)<\/p>\n<\/div>\n<p>\u0110\u00e1p \u1ee9ng y\u00eau c\u1ea7u nhi\u1ec7m v\u1ee5 c\u00e1ch m\u1ea1ng v\u00e0 nguy\u1ec7n v\u1ecdng c\u1ee7a c\u00e1c CCB, ng\u00e0y 06\/12\/1989 B\u1ed9 ch\u00ednh tr\u1ecb Ban ch\u1ea5p h\u00e0nh Trung \u01b0\u01a1ng \u0110\u1ea3ng c\u1ed9ng s\u1ea3n Vi\u1ec7t Nam \u0111\u00e3 ra ngh\u1ecb quy\u1ebft th\u00e0nh l\u1eadp H\u1ed9i c\u1ef1u chi\u1ebfn binh Vi\u1ec7t Nam.<\/p>\n<p>T\u1eeb ng\u00e0y th\u00e0nh l\u1eadp \u0111\u1ebfn nay, d\u01b0\u1edbi s\u1ef1 l\u00e3nh \u0111\u1ea1o c\u1ee7a \u0110\u1ea3ng, H\u1ed9i \u0111\u00e3 tr\u01b0\u1edfng th\u00e0nh nhanh ch\u00f3ng v\u00e0 t\u1eebng b\u01b0\u1edbc v\u1eefng ch\u1eafc, ho\u1ea1t \u0111\u1ed9ng \u0111\u00fang h\u01b0\u1edbng v\u00e0 \u0111\u1ea1t nhi\u1ec1u k\u1ebft qu\u1ea3, x\u1ee9ng \u0111\u00e1ng l\u00e0 m\u1ed9t \u0111o\u00e0n th\u1ec3 ch\u00ednh tr\u1ecb &#8211; x\u00e3 h\u1ed9i, l\u00e0 ch\u1ed7 d\u1ef1a tin c\u1eady c\u1ee7a c\u00e1c c\u1ea5p \u1ee7y \u0110\u1ea3ng, ch\u00ednh quy\u1ec1n c\u00e1c c\u1ea5p, nh\u1ea5t l\u00e0 c\u01a1 s\u1edf.<\/p>\n<p>Tr\u01b0\u1eddng D\u1ef1 b\u1ecb \u0111\u1ea1i h\u1ecdc TP. H\u1ed3 Ch\u00ed Minh (DB\u0110H TP.HCM) t\u1eeb ng\u00e0y th\u00e0nh l\u1eadp \u0111\u00e3 ti\u1ebfp nh\u1eadn v\u00e0 \u0111\u00e0o t\u1ea1o r\u1ea5t nhi\u1ec1u c\u00e1c th\u1ebf h\u1ec7 h\u1ecdc vi\u00ean l\u00e0 nh\u1eefng ng\u01b0\u1eddi l\u00ednh tr\u1edf v\u1ec1 sau chi\u1ebfn tranh c\u0169ng nh\u01b0 trong th\u1eddi b\u00ecnh. Trong \u0111\u1ed9i ng\u0169 c\u00e1n b\u1ed9, c\u00f4ng nh\u00e2n vi\u00ean c\u1ee7a nh\u00e0 tr\u01b0\u1eddng c\u0169ng c\u00f3 m\u1ed9t s\u1ed1 xu\u1ea5t th\u00e2n t\u1eeb nh\u1eefng ng\u01b0\u1eddi l\u00ednh sau khi ho\u00e0n th\u00e0nh nhi\u1ec7m v\u1ee5 tr\u1edf v\u1ec1 Tr\u01b0\u1eddng c\u00f4ng t\u00e1c.<\/p>\n<p>Tr\u01b0\u1edbc t\u00ecnh h\u00ecnh \u0111\u00f3, c\u0103n c\u1ee9 \u0111i\u1ec1u l\u1ec7 c\u1ee7a H\u1ed9i CCB, ch\u1ec9 th\u1ecb 487\/TTg ng\u00e0y 03\/07\/1997 c\u1ee7a Th\u1ee7 t\u01b0\u1edbng ch\u00ednh ph\u1ee7 v\u00e0 \u0111\u1ec1 ngh\u1ecb c\u1ee7a H\u1ed9i CCB ph\u01b0\u1eddng 9, qu\u1eadn 5, Ban ch\u1ea5p h\u00e0nh H\u1ed9i CCB qu\u1eadn 5, TP.HCM \u0111\u00e3 ra quy\u1ebft \u0111\u1ecbnh s\u1ed1 19\/Q\u0110-CCB ng\u00e0y 07\/03\/2006 v\u1ec1 vi\u1ec7c th\u00e0nh l\u1eadp Chi h\u1ed9i CCB.VN Tr\u01b0\u1eddng DB\u0110H TP.HCM, v\u00e0 c\u1eed B\u00e1c s\u1ef9 \u0110\u1ed7 Ng\u1ecdc V\u0103n l\u00e0m Chi h\u1ed9i tr\u01b0\u1edfng, ph\u1ee5 tr\u00e1ch Chi h\u1ed9i g\u1ed3m c\u00f3 3 \u0111\u1ed3ng ch\u00ed:<\/p>\n<ul>\n<li>\u0110\u1ed3ng ch\u00ed \u0110\u1ed7 Ng\u1ecdc V\u0103n, b\u00e1c s\u1ef9, gi\u00e1m \u0111\u1ed1c K\u00fd t\u00fac x\u00e1, Chi h\u1ed9i tr\u01b0\u1edfng.<\/li>\n<li>\u0110\u1ed3ng ch\u00ed Nguy\u1ec5n \u0110\u1ee9c Ph\u01b0\u1edbc, gi\u1ea3ng vi\u00ean m\u00f4n gi\u00e1o d\u1ee5c th\u1ec3 ch\u1ea5t, h\u1ed9i vi\u00ean.<\/li>\n<li>\u0110\u1ed3ng ch\u00ed V\u0169 \u0110\u00ecnh Th\u1ef1c, k\u1ef9 s\u01b0 ph\u00f2ng Qu\u1ea3n tr\u1ecb &#8211; thi\u1ebft b\u1ecb, h\u1ed9i vi\u00ean.<\/li>\n<\/ul>\n<p><img decoding=\"async\" class=\"aligncenter\" src=\"http:\/\/www1.hcmpreu.edu.vn\/images\/stories\/doan_the\/ccb\/ccb40_02.png\" alt=\"\"><\/p>\n<p>Trong d\u1ecbp k\u1ef7 ni\u1ec7m 40 n\u0103m Ng\u00e0y th\u00e0nh l\u1eadp Tr\u01b0\u1eddng DB\u0110H TP.HCM, c\u0169ng l\u00e0 10 n\u0103m k\u1ef7 ni\u1ec7m ng\u00e0y th\u00e0nh l\u1eadp Chi h\u1ed9i CCB Vi\u1ec7t Nam Tr\u01b0\u1eddng DB\u0110H TP.HCM. Nh\u00ecn l\u1ea1i 10 n\u0103m qua, v\u1edbi kho\u1ea3ng th\u1eddi gian r\u1ea5t ng\u1eafn so v\u1edbi s\u1ef1 ph\u00e1t tri\u1ec3n v\u00e0 tr\u01b0\u1edfng th\u00e0nh c\u1ee7a nh\u00e0 tr\u01b0\u1eddng, nh\u01b0ng Chi h\u1ed9i c\u0169ng \u0111\u00e3 t\u1eebng b\u01b0\u1edbc \u1ed5n \u0111\u1ecbnh, c\u00f3 nh\u1eefng \u0111\u00f3ng g\u00f3p nh\u1ea5t \u0111\u1ecbnh v\u00e0o s\u1ef1 ph\u00e1t tri\u1ec3n c\u1ee7a H\u1ed9i CCB ph\u01b0\u1eddng 9, qu\u1eadn 5 (l\u00e0 \u0111\u01a1n v\u1ecb ch\u1ee7 qu\u1ea3n) v\u00e0 s\u1ef1 ph\u00e1t tri\u1ec3n c\u1ee7a nh\u00e0 tr\u01b0\u1eddng. Chi h\u1ed9i c\u00f3 2 \u0111\u1ed3ng ch\u00ed l\u00e0 nh\u1eefng ng\u01b0\u1eddi l\u00ednh \u0111\u00e3 t\u1eebng tham gia chi\u1ebfn \u0111\u1ea5u t\u1ea1i chi\u1ebfn tr\u01b0\u1eddng Campuchia trong th\u1eddi k\u1ef3 chi\u1ebfn tranh bi\u00ean gi\u1edbi T\u00e2y Nam (1978 -1989), nay \u0111ang \u0111\u1ea3m nh\u1eadn c\u00f4ng vi\u1ec7c l\u00e0 gi\u1ea3ng d\u1ea1y, l\u00e0 b\u00e1c s\u0129, c\u00e1n b\u1ed9 qu\u1ea3n l\u00fd, nh\u00e2n vi\u00ean ph\u00f2ng ban. T\u1ea5t c\u1ea3 \u0111\u1ec1u c\u00f3 chung m\u1ed9t nhi\u1ec7t huy\u1ebft, nhi\u1ec7t t\u00ecnh, \u0111am m\u00ea c\u00f4ng vi\u1ec7c, v\u00e0 lu\u00f4n gi\u1eef v\u1eefng b\u1ea3n ch\u1ea5t c\u1ee7a ng\u01b0\u1eddi l\u00ednh b\u1ed9 \u0111\u1ed9i C\u1ee5 H\u1ed3 n\u0103m x\u01b0a.<\/p>\n<div class=\"img_caption none\">\n<p><img decoding=\"async\" class=\"caption aligncenter\" title=\"K\u1ef6 NI\u1ec6M 20 N\u0102M NG\u00c0Y TH\u00c0NH L\u1eacP H\u1ed8I CCB VI\u1ec6T NAM\" src=\"http:\/\/www1.hcmpreu.edu.vn\/images\/stories\/doan_the\/ccb\/ccb40_03.png\" alt=\"\"><\/p>\n<p class=\"img_caption\">K\u1ef6 NI\u1ec6M 20 N\u0102M NG\u00c0Y TH\u00c0NH L\u1eacP H\u1ed8I CCB VI\u1ec6T NAM<\/p>\n<\/div>\n<p>To\u00e0n th\u1ec3 h\u1ed9i vi\u00ean tham gia t\u00edch c\u1ef1c c\u00e1c ho\u1ea1t \u0111\u1ed9ng v\u00e0 phong tr\u00e0o c\u1ee7a H\u1ed9i CCB ph\u01b0\u1eddng 9, v\u00e0 H\u1ed9i CCB qu\u1eadn 5, TPHCM; \u0111o\u00e0n k\u1ebft, g\u01b0\u01a1ng m\u1eabu trong c\u00f4ng t\u00e1c, quan h\u1ec7 v\u1edbi c\u00e1n b\u1ed9, gi\u1ea3ng vi\u00ean, c\u00f4ng nh\u00e2n vi\u00ean trong nh\u00e0 tr\u01b0\u1eddng v\u00e0 sinh ho\u1ea1t t\u1ea1i \u0111\u1ecba ph\u01b0\u01a1ng n\u01a1i c\u01b0 tr\u00fa.<\/p>\n<div class=\"img_caption none\">\n<p><img decoding=\"async\" class=\"caption aligncenter\" title=\"TH\u0102M X\u00c3 M\u00c3 \u0110\u00c0, CHI\u1ebeN KHU D, T\u1ec8NH \u0110\u1ed2NG NAI\" src=\"http:\/\/www1.hcmpreu.edu.vn\/images\/stories\/doan_the\/ccb\/ccb40_04.png\" alt=\"\"><\/p>\n<p class=\"img_caption\">TH\u0102M X\u00c3 M\u00c3 \u0110\u00c0, CHI\u1ebeN KHU D, T\u1ec8NH \u0110\u1ed2NG NAI<\/p>\n<\/div>\n<p>Trong 10 n\u0103m qua t\u1eeb ng\u00e0y th\u00e0nh l\u1eadp, Chi h\u1ed9i \u0111\u00e3 b\u1ed1n l\u1ea7n \u0111\u01b0\u1ee3c H\u1ed9i CCB qu\u1eadn 5, \u1ee6y ban nh\u00e2n d\u00e2n ph\u01b0\u1eddng 9, qu\u1eadn 5 t\u1eb7ng gi\u1ea5y khen v\u00e0 b\u1eb1ng khen; c\u00f3 hai h\u1ed9i vi\u00ean \u0111\u01b0\u1ee3c t\u1eb7ng b\u1eb1ng khen, gi\u1ea5y khen.<\/p>\n<p style=\"text-align: right;\"><strong>CHI H\u1ed8I C\u1ef0U CHI\u1ebeN BINH<\/strong><\/p>\n","protected":false},"excerpt":{"rendered":"<p>C\u00f9ng v\u1edbi s\u1ef1 ph\u00e1t tri\u1ec3n c\u1ee7a \u0111\u1ea5t n\u01b0\u1edbc, nh\u1eefng ng\u01b0\u1eddi l\u00ednh sau khi ho\u00e0n th\u00e0nh nhi\u1ec7m v\u1ee5 tr\u00ean m\u1eb7t tr\u1eadn chi\u1ebfn \u0111\u1ea5u v\u00e0 b\u1ea3o v\u1ec7 t\u1ed5 qu\u1ed1c, tr\u1edf v\u1ec1 v\u1edbi \u0111\u1eddi th\u01b0\u1eddng, v\u1edbi c\u00f4ng vi\u1ec7c m\u1edbi c\u1ee7a \u0110\u1ea3ng v\u00e0 nh\u00e0 n\u01b0\u1edbc giao ph\u00f3 \u2013 \u0111\u00f3 l\u00e0 nh\u1eefng C\u1ef1u chi\u1ebfn binh Vi\u1ec7t Nam (CCB.VN). B\u00c1C S\u0128 \u0110\u1ed6 NG\u1eccC V\u0102N (CHI H\u1ed8I TR\u01af\u1edeNG) \u0110\u00e1p \u1ee9ng y\u00eau c\u1ea7u nhi\u1ec7m v\u1ee5 c\u00e1ch m\u1ea1ng v\u00e0 nguy\u1ec7n v\u1ecdng c\u1ee7a c\u00e1c CCB, ng\u00e0y 06\/12\/1989 B\u1ed9 ch\u00ednh tr\u1ecb Ban ch\u1ea5p h\u00e0nh Trung \u01b0\u01a1ng \u0110\u1ea3ng c\u1ed9ng s\u1ea3n Vi\u1ec7t Nam \u0111\u00e3 ra ngh\u1ecb quy\u1ebft th\u00e0nh l\u1eadp H\u1ed9i c\u1ef1u chi\u1ebfn binh\u2026<\/p>\n<p class=\"continue-reading-button\"> <a class=\"continue-reading-link\" href=\"https:\/\/hcmpreu.edu.vn\/?page_id=208\">\u0110\u1ecdc ti\u1ebfp<i class=\"crycon-right-dir\"><\/i><\/a><\/p>\n","protected":false},"author":1,"featured_media":0,"parent":0,"menu_order":0,"comment_status":"closed","ping_status":"closed","template":"","meta":{"footnotes":""},"class_list":["post-208","page","type-page","status-publish","hentry"],"yoast_head":"<!-- This site is optimized with the Yoast SEO plugin v27.4 - https:\/\/yoast.com\/product\/yoast-seo-wordpress\/ -->\n<title>Chi h\u1ed9i c\u1ef1u chi\u1ebfn binh - TR\u01af\u1edcNG D\u1ef0 B\u1eca \u0110\u1ea0I H\u1eccC TP.HCM<\/title>\n<meta name=\"robots\" content=\"index, follow, max-snippet:-1, max-image-preview:large, max-video-preview:-1\" \/>\n<link rel=\"canonical\" href=\"https:\/\/hcmpreu.edu.vn\/?page_id=208\" \/>\n<meta property=\"og:locale\" content=\"en_US\" \/>\n<meta property=\"og:type\" content=\"article\" \/>\n<meta property=\"og:title\" content=\"Chi h\u1ed9i c\u1ef1u chi\u1ebfn binh - TR\u01af\u1edcNG D\u1ef0 B\u1eca \u0110\u1ea0I H\u1eccC TP.HCM\" \/>\n<meta property=\"og:description\" content=\"C\u00f9ng v\u1edbi s\u1ef1 ph\u00e1t tri\u1ec3n c\u1ee7a \u0111\u1ea5t n\u01b0\u1edbc, nh\u1eefng ng\u01b0\u1eddi l\u00ednh sau khi ho\u00e0n th\u00e0nh nhi\u1ec7m v\u1ee5 tr\u00ean m\u1eb7t tr\u1eadn chi\u1ebfn \u0111\u1ea5u v\u00e0 b\u1ea3o v\u1ec7 t\u1ed5 qu\u1ed1c, tr\u1edf v\u1ec1 v\u1edbi \u0111\u1eddi th\u01b0\u1eddng, v\u1edbi c\u00f4ng vi\u1ec7c m\u1edbi c\u1ee7a \u0110\u1ea3ng v\u00e0 nh\u00e0 n\u01b0\u1edbc giao ph\u00f3 \u2013 \u0111\u00f3 l\u00e0 nh\u1eefng C\u1ef1u chi\u1ebfn binh Vi\u1ec7t Nam (CCB.VN). B\u00c1C S\u0128 \u0110\u1ed6 NG\u1eccC V\u0102N (CHI H\u1ed8I TR\u01af\u1edeNG) \u0110\u00e1p \u1ee9ng y\u00eau c\u1ea7u nhi\u1ec7m v\u1ee5 c\u00e1ch m\u1ea1ng v\u00e0 nguy\u1ec7n v\u1ecdng c\u1ee7a c\u00e1c CCB, ng\u00e0y 06\/12\/1989 B\u1ed9 ch\u00ednh tr\u1ecb Ban ch\u1ea5p h\u00e0nh Trung \u01b0\u01a1ng \u0110\u1ea3ng c\u1ed9ng s\u1ea3n Vi\u1ec7t Nam \u0111\u00e3 ra ngh\u1ecb quy\u1ebft th\u00e0nh l\u1eadp H\u1ed9i c\u1ef1u chi\u1ebfn binh\u2026 \u0110\u1ecdc ti\u1ebfp\" \/>\n<meta property=\"og:url\" content=\"https:\/\/hcmpreu.edu.vn\/?page_id=208\" \/>\n<meta property=\"og:site_name\" content=\"TR\u01af\u1edcNG D\u1ef0 B\u1eca \u0110\u1ea0I H\u1eccC TP.HCM\" \/>\n<meta property=\"article:modified_time\" content=\"2019-03-25T01:59:58+00:00\" \/>\n<meta property=\"og:image\" content=\"http:\/\/www1.hcmpreu.edu.vn\/images\/stories\/headers\/head_ccb.png\" \/>\n<meta name=\"twitter:card\" content=\"summary_large_image\" \/>\n<meta name=\"twitter:label1\" content=\"Est. reading time\" \/>\n\t<meta name=\"twitter:data1\" content=\"5 minutes\" \/>\n<script type=\"application\/ld+json\" class=\"yoast-schema-graph\">{\"@context\":\"https:\\\/\\\/schema.org\",\"@graph\":[{\"@type\":\"WebPage\",\"@id\":\"https:\\\/\\\/hcmpreu.edu.vn\\\/?page_id=208\",\"url\":\"https:\\\/\\\/hcmpreu.edu.vn\\\/?page_id=208\",\"name\":\"Chi h\u1ed9i c\u1ef1u chi\u1ebfn binh - TR\u01af\u1edcNG D\u1ef0 B\u1eca \u0110\u1ea0I H\u1eccC TP.HCM\",\"isPartOf\":{\"@id\":\"https:\\\/\\\/hcmpreu.edu.vn\\\/#website\"},\"primaryImageOfPage\":{\"@id\":\"https:\\\/\\\/hcmpreu.edu.vn\\\/?page_id=208#primaryimage\"},\"image\":{\"@id\":\"https:\\\/\\\/hcmpreu.edu.vn\\\/?page_id=208#primaryimage\"},\"thumbnailUrl\":\"http:\\\/\\\/www1.hcmpreu.edu.vn\\\/images\\\/stories\\\/headers\\\/head_ccb.png\",\"datePublished\":\"2017-11-08T01:58:16+00:00\",\"dateModified\":\"2019-03-25T01:59:58+00:00\",\"breadcrumb\":{\"@id\":\"https:\\\/\\\/hcmpreu.edu.vn\\\/?page_id=208#breadcrumb\"},\"inLanguage\":\"en-US\",\"potentialAction\":[{\"@type\":\"ReadAction\",\"target\":[\"https:\\\/\\\/hcmpreu.edu.vn\\\/?page_id=208\"]}]},{\"@type\":\"ImageObject\",\"inLanguage\":\"en-US\",\"@id\":\"https:\\\/\\\/hcmpreu.edu.vn\\\/?page_id=208#primaryimage\",\"url\":\"http:\\\/\\\/www1.hcmpreu.edu.vn\\\/images\\\/stories\\\/headers\\\/head_ccb.png\",\"contentUrl\":\"http:\\\/\\\/www1.hcmpreu.edu.vn\\\/images\\\/stories\\\/headers\\\/head_ccb.png\"},{\"@type\":\"BreadcrumbList\",\"@id\":\"https:\\\/\\\/hcmpreu.edu.vn\\\/?page_id=208#breadcrumb\",\"itemListElement\":[{\"@type\":\"ListItem\",\"position\":1,\"name\":\"Home\",\"item\":\"https:\\\/\\\/hcmpreu.edu.vn\\\/\"},{\"@type\":\"ListItem\",\"position\":2,\"name\":\"Chi h\u1ed9i c\u1ef1u chi\u1ebfn binh\"}]},{\"@type\":\"WebSite\",\"@id\":\"https:\\\/\\\/hcmpreu.edu.vn\\\/#website\",\"url\":\"https:\\\/\\\/hcmpreu.edu.vn\\\/\",\"name\":\"TR\u01af\u1edcNG D\u1ef0 B\u1eca \u0110\u1ea0I H\u1eccC TP.HCM\",\"description\":\"Pre-University\",\"potentialAction\":[{\"@type\":\"SearchAction\",\"target\":{\"@type\":\"EntryPoint\",\"urlTemplate\":\"https:\\\/\\\/hcmpreu.edu.vn\\\/?s={search_term_string}\"},\"query-input\":{\"@type\":\"PropertyValueSpecification\",\"valueRequired\":true,\"valueName\":\"search_term_string\"}}],\"inLanguage\":\"en-US\"}]}<\/script>\n<!-- \/ Yoast SEO plugin. -->","yoast_head_json":{"title":"Chi h\u1ed9i c\u1ef1u chi\u1ebfn binh - TR\u01af\u1edcNG D\u1ef0 B\u1eca \u0110\u1ea0I H\u1eccC TP.HCM","robots":{"index":"index","follow":"follow","max-snippet":"max-snippet:-1","max-image-preview":"max-image-preview:large","max-video-preview":"max-video-preview:-1"},"canonical":"https:\/\/hcmpreu.edu.vn\/?page_id=208","og_locale":"en_US","og_type":"article","og_title":"Chi h\u1ed9i c\u1ef1u chi\u1ebfn binh - TR\u01af\u1edcNG D\u1ef0 B\u1eca \u0110\u1ea0I H\u1eccC TP.HCM","og_description":"C\u00f9ng v\u1edbi s\u1ef1 ph\u00e1t tri\u1ec3n c\u1ee7a \u0111\u1ea5t n\u01b0\u1edbc, nh\u1eefng ng\u01b0\u1eddi l\u00ednh sau khi ho\u00e0n th\u00e0nh nhi\u1ec7m v\u1ee5 tr\u00ean m\u1eb7t tr\u1eadn chi\u1ebfn \u0111\u1ea5u v\u00e0 b\u1ea3o v\u1ec7 t\u1ed5 qu\u1ed1c, tr\u1edf v\u1ec1 v\u1edbi \u0111\u1eddi th\u01b0\u1eddng, v\u1edbi c\u00f4ng vi\u1ec7c m\u1edbi c\u1ee7a \u0110\u1ea3ng v\u00e0 nh\u00e0 n\u01b0\u1edbc giao ph\u00f3 \u2013 \u0111\u00f3 l\u00e0 nh\u1eefng C\u1ef1u chi\u1ebfn binh Vi\u1ec7t Nam (CCB.VN). B\u00c1C S\u0128 \u0110\u1ed6 NG\u1eccC V\u0102N (CHI H\u1ed8I TR\u01af\u1edeNG) \u0110\u00e1p \u1ee9ng y\u00eau c\u1ea7u nhi\u1ec7m v\u1ee5 c\u00e1ch m\u1ea1ng v\u00e0 nguy\u1ec7n v\u1ecdng c\u1ee7a c\u00e1c CCB, ng\u00e0y 06\/12\/1989 B\u1ed9 ch\u00ednh tr\u1ecb Ban ch\u1ea5p h\u00e0nh Trung \u01b0\u01a1ng \u0110\u1ea3ng c\u1ed9ng s\u1ea3n Vi\u1ec7t Nam \u0111\u00e3 ra ngh\u1ecb quy\u1ebft th\u00e0nh l\u1eadp H\u1ed9i c\u1ef1u chi\u1ebfn binh\u2026 \u0110\u1ecdc ti\u1ebfp","og_url":"https:\/\/hcmpreu.edu.vn\/?page_id=208","og_site_name":"TR\u01af\u1edcNG D\u1ef0 B\u1eca \u0110\u1ea0I H\u1eccC TP.HCM","article_modified_time":"2019-03-25T01:59:58+00:00","og_image":[{"url":"http:\/\/www1.hcmpreu.edu.vn\/images\/stories\/headers\/head_ccb.png","type":"","width":"","height":""}],"twitter_card":"summary_large_image","twitter_misc":{"Est. reading time":"5 minutes"},"schema":{"@context":"https:\/\/schema.org","@graph":[{"@type":"WebPage","@id":"https:\/\/hcmpreu.edu.vn\/?page_id=208","url":"https:\/\/hcmpreu.edu.vn\/?page_id=208","name":"Chi h\u1ed9i c\u1ef1u chi\u1ebfn binh - TR\u01af\u1edcNG D\u1ef0 B\u1eca \u0110\u1ea0I H\u1eccC TP.HCM","isPartOf":{"@id":"https:\/\/hcmpreu.edu.vn\/#website"},"primaryImageOfPage":{"@id":"https:\/\/hcmpreu.edu.vn\/?page_id=208#primaryimage"},"image":{"@id":"https:\/\/hcmpreu.edu.vn\/?page_id=208#primaryimage"},"thumbnailUrl":"http:\/\/www1.hcmpreu.edu.vn\/images\/stories\/headers\/head_ccb.png","datePublished":"2017-11-08T01:58:16+00:00","dateModified":"2019-03-25T01:59:58+00:00","breadcrumb":{"@id":"https:\/\/hcmpreu.edu.vn\/?page_id=208#breadcrumb"},"inLanguage":"en-US","potentialAction":[{"@type":"ReadAction","target":["https:\/\/hcmpreu.edu.vn\/?page_id=208"]}]},{"@type":"ImageObject","inLanguage":"en-US","@id":"https:\/\/hcmpreu.edu.vn\/?page_id=208#primaryimage","url":"http:\/\/www1.hcmpreu.edu.vn\/images\/stories\/headers\/head_ccb.png","contentUrl":"http:\/\/www1.hcmpreu.edu.vn\/images\/stories\/headers\/head_ccb.png"},{"@type":"BreadcrumbList","@id":"https:\/\/hcmpreu.edu.vn\/?page_id=208#breadcrumb","itemListElement":[{"@type":"ListItem","position":1,"name":"Home","item":"https:\/\/hcmpreu.edu.vn\/"},{"@type":"ListItem","position":2,"name":"Chi h\u1ed9i c\u1ef1u chi\u1ebfn binh"}]},{"@type":"WebSite","@id":"https:\/\/hcmpreu.edu.vn\/#website","url":"https:\/\/hcmpreu.edu.vn\/","name":"TR\u01af\u1edcNG D\u1ef0 B\u1eca \u0110\u1ea0I H\u1eccC TP.HCM","description":"Pre-University","potentialAction":[{"@type":"SearchAction","target":{"@type":"EntryPoint","urlTemplate":"https:\/\/hcmpreu.edu.vn\/?s={search_term_string}"},"query-input":{"@type":"PropertyValueSpecification","valueRequired":true,"valueName":"search_term_string"}}],"inLanguage":"en-US"}]}},"_links":{"self":[{"href":"https:\/\/hcmpreu.edu.vn\/index.php?rest_route=\/wp\/v2\/pages\/208","targetHints":{"allow":["GET"]}}],"collection":[{"href":"https:\/\/hcmpreu.edu.vn\/index.php?rest_route=\/wp\/v2\/pages"}],"about":[{"href":"https:\/\/hcmpreu.edu.vn\/index.php?rest_route=\/wp\/v2\/types\/page"}],"author":[{"embeddable":true,"href":"https:\/\/hcmpreu.edu.vn\/index.php?rest_route=\/wp\/v2\/users\/1"}],"replies":[{"embeddable":true,"href":"https:\/\/hcmpreu.edu.vn\/index.php?rest_route=%2Fwp%2Fv2%2Fcomments&post=208"}],"version-history":[{"count":3,"href":"https:\/\/hcmpreu.edu.vn\/index.php?rest_route=\/wp\/v2\/pages\/208\/revisions"}],"predecessor-version":[{"id":1094,"href":"https:\/\/hcmpreu.edu.vn\/index.php?rest_route=\/wp\/v2\/pages\/208\/revisions\/1094"}],"wp:attachment":[{"href":"https:\/\/hcmpreu.edu.vn\/index.php?rest_route=%2Fwp%2Fv2%2Fmedia&parent=208"}],"curies":[{"name":"wp","href":"https:\/\/api.w.org\/{rel}","templated":true}]}}