{"id":301,"date":"2017-11-08T12:12:34","date_gmt":"2017-11-08T12:12:34","guid":{"rendered":"http:\/\/www1.hcmpreu.edu.vn\/?page_id=301"},"modified":"2017-11-11T02:04:15","modified_gmt":"2017-11-11T02:04:15","slug":"tin-giao-duc","status":"publish","type":"page","link":"https:\/\/hcmpreu.edu.vn\/?page_id=301","title":{"rendered":"Tin gi\u00e1o d\u1ee5c"},"content":{"rendered":"<p><strong>C\u1ed5ng th\u00f4ng tin B\u1ed9 gi\u00e1o d\u1ee5c &amp; \u0110\u00e0o t\u1ea1o<\/strong><\/p>\n<div class=\"feedzy-601f307309b8e76bfa1f2846d7cb30c1 feedzy-rss\"><ul>Feed has no items.<\/ul> <\/div>\n<div class=\"feedzy-589a48e5959bee8cef7b9e291e7aa356 feedzy-rss\"><ul>Feed has no items.<\/ul> <\/div>\n<div class=\"feedzy-86350f1c232c3bd92c91d5b1c98a3de3 feedzy-rss\"><ul>Feed has no items.<\/ul> <\/div>\n<p><strong>C\u1ed5ng th\u00f4ng tin b\u00e1o Vi\u1ec7t Nam Net<\/strong><\/p>\n<div class=\"feedzy-8fbc3a094f3d1174ffaef1c766eae1f9 feedzy-rss\"><ul><li  style=\"padding: 15px 0 25px\" class=\"rss_item\"><div class=\"rss_image\" style=\"height:150px;width:150px;\"><a href=\"https:\/\/vietnamnet.vn\/hoc-bong-s80-giai-con-khat-hoc-ielts-va-tieng-anh-giao-tiep-truc-tuyen-2479408.html\" target=\"framename\" rel=\" noopener\" title=\"H\u1ecdc b\u1ed5ng S80 gi\u1ea3i c\u01a1n kh\u00e1t h\u1ecdc IELTS v\u00e0 ti\u1ebfng Anh giao ti\u1ebfp tr\u1ef1c tuy\u1ebfn\" style=\"height:150px;width:150px;\"><img decoding=\"async\" src=\"https:\/\/static-images.vnncdn.net\/vps_images_publish\/000001\/000003\/2026\/1\/6\/hoc-bong-s80-giai-con-khat-hoc-ielts-va-tieng-anh-giao-tiep-truc-tuyen-2062.png?width=0&#038;s=Z-51qCdAExKbDaDZyoBUCA\" title=\"H\u1ecdc b\u1ed5ng S80 gi\u1ea3i c\u01a1n kh\u00e1t h\u1ecdc IELTS v\u00e0 ti\u1ebfng Anh giao ti\u1ebfp tr\u1ef1c tuy\u1ebfn\" style=\"height:150px;width:150px;\"><\/a><\/div><span class=\"title\"><a href=\"https:\/\/vietnamnet.vn\/hoc-bong-s80-giai-con-khat-hoc-ielts-va-tieng-anh-giao-tiep-truc-tuyen-2479408.html\" target=\"framename\" rel=\" noopener\">H\u1ecdc b\u1ed5ng S80 gi\u1ea3i c\u01a1n kh\u00e1t h\u1ecdc IELTS v\u00e0 ti\u1ebfng Anh giao ti\u1ebfp tr\u1ef1c tuy\u1ebfn<\/a><\/span><div class=\"rss_content\" style=\"\"><small>on 07\/04\/2026 at 9:58 am <\/small><p>H\u1ecdc b\u1ed5ng S80 \u0111\u00e3 ghi nh\u1eadn h\u01a1n 6.000 h\u1ed3 s\u01a1 \u0111\u0103ng k\u00fd, trong \u0111\u00f3 kho\u1ea3ng 4.000 h\u1ed3 s\u01a1 \u0111\u1ee7 \u0111i\u1ec1u ki\u1ec7n nh\u1eadn h\u1ed7 tr\u1ee3 h\u1ecdc ph\u00ed l\u00ean t\u1edbi 70%.<\/p><\/div><\/li><li  style=\"padding: 15px 0 25px\" class=\"rss_item\"><div class=\"rss_image\" style=\"height:150px;width:150px;\"><a href=\"https:\/\/vietnamnet.vn\/hoc-ba-trao-tay-2k8-nhan-ngay-hoc-bong-voi-uef-scholarship-tour-2026-2504286.html\" target=\"framename\" rel=\" noopener\" title=\"H\u1ecdc b\u1ea1 trao tay, 2k8 nh\u1eadn ngay h\u1ecdc b\u1ed5ng v\u1edbi \u2018UEF Scholarship Tour 2026\u2019\" style=\"height:150px;width:150px;\"><img decoding=\"async\" src=\"https:\/\/static-images.vnncdn.net\/vps_images_publish\/000001\/000003\/2026\/4\/7\/hoc-ba-trao-tay-2k8-nhan-ngay-hoc-bong-voi-uef-scholarship-tour-2026-1663.jpg?width=0&#038;s=Ha3NJC-WrILaVfpNtM2nZA\" title=\"H\u1ecdc b\u1ea1 trao tay, 2k8 nh\u1eadn ngay h\u1ecdc b\u1ed5ng v\u1edbi \u2018UEF Scholarship Tour 2026\u2019\" style=\"height:150px;width:150px;\"><\/a><\/div><span class=\"title\"><a href=\"https:\/\/vietnamnet.vn\/hoc-ba-trao-tay-2k8-nhan-ngay-hoc-bong-voi-uef-scholarship-tour-2026-2504286.html\" target=\"framename\" rel=\" noopener\">H\u1ecdc b\u1ea1 trao tay, 2k8 nh\u1eadn ngay h\u1ecdc b\u1ed5ng v\u1edbi \u2018UEF Scholarship Tour 2026\u2019<\/a><\/span><div class=\"rss_content\" style=\"\"><small>on 07\/04\/2026 at 9:15 am <\/small><p>Tr\u01b0\u1edbc th\u1ec1m k\u1ef3 thi t\u1ed1t nghi\u1ec7p THPT 2026, nhi\u1ec1u h\u1ecdc sinh l\u1edbp 12 \u0111\u00e3 \u201c\u0111i tr\u01b0\u1edbc m\u1ed9t b\u01b0\u1edbc\u201d khi ch\u1ee7 \u0111\u1ed9ng n\u1eafm b\u1eaft c\u01a1 h\u1ed9i nh\u1eadn h\u1ecdc b\u1ed5ng s\u1edbm \u0111\u1ec3 gi\u1ea3m \u00e1p l\u1ef1c v\u00e0 \u0111\u1ecbnh h\u00ecnh l\u1ed9 tr\u00ecnh v\u00e0o \u0111\u1ea1i h\u1ecdc.<\/p><\/div><\/li><li  style=\"padding: 15px 0 25px\" class=\"rss_item\"><div class=\"rss_image\" style=\"height:150px;width:150px;\"><a href=\"https:\/\/vietnamnet.vn\/khong-co-ban-do-nu-sinh-dat-9-42-tro-thanh-thu-khoa-ai-khoa-dau-tien-2503974.html\" target=\"framename\" rel=\" noopener\" title=\"Kh\u00f4ng c\u00f3 &amp;amp;apos;b\u1ea3n \u0111\u1ed3&amp;amp;apos;, n\u1eef sinh \u0111\u1ea1t 9,42 tr\u1edf th\u00e0nh th\u1ee7 khoa AI kh\u00f3a \u0111\u1ea7u ti\u00ean\" style=\"height:150px;width:150px;\"><img decoding=\"async\" src=\"https:\/\/static-images.vnncdn.net\/vps_images_publish\/000001\/000003\/2026\/4\/7\/khong-co-ban-do-nu-sinh-dat-942-tro-thanh-thu-khoa-ai-khoa-dau-tien-1427.jpg?width=0&#038;s=wLzfXet9cgm_gujvcjIlig\" title=\"Kh\u00f4ng c\u00f3 &amp;amp;apos;b\u1ea3n \u0111\u1ed3&amp;amp;apos;, n\u1eef sinh \u0111\u1ea1t 9,42 tr\u1edf th\u00e0nh th\u1ee7 khoa AI kh\u00f3a \u0111\u1ea7u ti\u00ean\" style=\"height:150px;width:150px;\"><\/a><\/div><span class=\"title\"><a href=\"https:\/\/vietnamnet.vn\/khong-co-ban-do-nu-sinh-dat-9-42-tro-thanh-thu-khoa-ai-khoa-dau-tien-2503974.html\" target=\"framename\" rel=\" noopener\">Kh\u00f4ng c\u00f3 &amp;apos;b\u1ea3n \u0111\u1ed3&amp;apos;, n\u1eef sinh \u0111\u1ea1t 9,42 tr\u1edf th\u00e0nh th\u1ee7 khoa AI kh\u00f3a \u0111\u1ea7u ti\u00ean<\/a><\/span><div class=\"rss_content\" style=\"\"><small>on 07\/04\/2026 at 8:38 am <\/small><p>V\u00f5 Thu Trang tr\u1edf th\u00e0nh Th\u1ee7 khoa ng\u00e0nh Tr\u00ed tu\u1ec7 nh\u00e2n t\u1ea1o (AI) Tr\u01b0\u1eddng \u0110H Khoa h\u1ecdc t\u1ef1 nhi\u00ean - \u0110H Qu\u1ed1c gia TPHCM v\u1edbi \u0111i\u1ec3m trung b\u00ecnh 9,42\/10. \u0110\u00e2y l\u00e0 m\u1ed9t trong nh\u1eefng kh\u00f3a AI \u0111\u1ea7u ti\u00ean \u0111\u01b0\u1ee3c \u0111\u00e0o t\u1ea1o b\u00e0i b\u1ea3n t\u1ea1i Vi\u1ec7t Nam.<\/p><\/div><\/li><li  style=\"padding: 15px 0 25px\" class=\"rss_item\"><div class=\"rss_image\" style=\"height:150px;width:150px;\"><a href=\"https:\/\/vietnamnet.vn\/xac-minh-co-giao-mam-non-tha-manh-danh-tre-o-hung-yen-2504228.html\" target=\"framename\" rel=\" noopener\" title=\"X\u00e1c minh c\u00f4 gi\u00e1o m\u1ea7m non th\u1ea3 m\u1ea1nh, \u0111\u00e1nh tr\u1ebb \u1edf H\u01b0ng Y\u00ean\" style=\"height:150px;width:150px;\"><img decoding=\"async\" src=\"https:\/\/static-images.vnncdn.net\/vps_images_publish\/000001\/000003\/2026\/4\/7\/xac-minh-co-giao-mam-non-tha-manh-danh-tre-o-hung-yen-1464.jpg?width=0&#038;s=xVckCu3GLCSPf9kBIese-Q\" title=\"X\u00e1c minh c\u00f4 gi\u00e1o m\u1ea7m non th\u1ea3 m\u1ea1nh, \u0111\u00e1nh tr\u1ebb \u1edf H\u01b0ng Y\u00ean\" style=\"height:150px;width:150px;\"><\/a><\/div><span class=\"title\"><a href=\"https:\/\/vietnamnet.vn\/xac-minh-co-giao-mam-non-tha-manh-danh-tre-o-hung-yen-2504228.html\" target=\"framename\" rel=\" noopener\">X\u00e1c minh c\u00f4 gi\u00e1o m\u1ea7m non th\u1ea3 m\u1ea1nh, \u0111\u00e1nh tr\u1ebb \u1edf H\u01b0ng Y\u00ean<\/a><\/span><div class=\"rss_content\" style=\"\"><small>on 07\/04\/2026 at 8:07 am <\/small><p>\u0110o\u1ea1n clip ghi l\u1ea1i c\u1ea3nh c\u00f4 gi\u00e1o m\u1ea7m non th\u1ea3 m\u1ea1nh, \u0111\u00e1nh tr\u1ebb t\u1ea1i H\u01b0ng Y\u00ean \u0111ang lan truy\u1ec1n tr\u00ean m\u1ea1ng, g\u00e2y b\u1ee9c x\u00fac. Ch\u00ednh quy\u1ec1n \u0111\u1ecba ph\u01b0\u01a1ng \u0111\u00e3 nhanh ch\u00f3ng v\u00e0o cu\u1ed9c x\u00e1c minh v\u1ee5 vi\u1ec7c.<\/p><\/div><\/li><li  style=\"padding: 15px 0 25px\" class=\"rss_item\"><div class=\"rss_image\" style=\"height:150px;width:150px;\"><a href=\"https:\/\/vietnamnet.vn\/phuong-dau-tien-o-ha-noi-diem-ten-truong-nhap-thit-lon-cua-cuong-phat-2502922.html\" target=\"framename\" rel=\" noopener\" title=\"Ph\u01b0\u1eddng \u0111\u1ea7u ti\u00ean \u1edf H\u00e0 N\u1ed9i &amp;amp;apos;\u0111i\u1ec3m t\u00ean&amp;amp;apos; tr\u01b0\u1eddng nh\u1eadp th\u1ecbt l\u1ee3n c\u1ee7a C\u01b0\u1eddng Ph\u00e1t\" style=\"height:150px;width:150px;\"><img decoding=\"async\" src=\"https:\/\/static-images.vnncdn.net\/vps_images_publish\/000001\/000003\/2026\/4\/3\/phuong-dau-tien-o-ha-noi-diem-ten-truong-nhap-thit-lon-cua-cuong-phat-170.jpg?width=0&#038;s=NiWhGE4Yxw-lXjxL29HhTA\" title=\"Ph\u01b0\u1eddng \u0111\u1ea7u ti\u00ean \u1edf H\u00e0 N\u1ed9i &amp;amp;apos;\u0111i\u1ec3m t\u00ean&amp;amp;apos; tr\u01b0\u1eddng nh\u1eadp th\u1ecbt l\u1ee3n c\u1ee7a C\u01b0\u1eddng Ph\u00e1t\" style=\"height:150px;width:150px;\"><\/a><\/div><span class=\"title\"><a href=\"https:\/\/vietnamnet.vn\/phuong-dau-tien-o-ha-noi-diem-ten-truong-nhap-thit-lon-cua-cuong-phat-2502922.html\" target=\"framename\" rel=\" noopener\">Ph\u01b0\u1eddng \u0111\u1ea7u ti\u00ean \u1edf H\u00e0 N\u1ed9i &amp;apos;\u0111i\u1ec3m t\u00ean&amp;apos; tr\u01b0\u1eddng nh\u1eadp th\u1ecbt l\u1ee3n c\u1ee7a C\u01b0\u1eddng Ph\u00e1t<\/a><\/span><div class=\"rss_content\" style=\"\"><small>on 07\/04\/2026 at 5:36 am <\/small><p>Ph\u01b0\u1eddng Thanh Li\u1ec7t (H\u00e0 N\u1ed9i) cho bi\u1ebft \u0111\u00e3 r\u00e0 so\u00e1t 17 tr\u01b0\u1eddng h\u1ecdc tr\u00ean \u0111\u1ecba b\u00e0n v\u00e0 ch\u1ec9 ph\u00e1t hi\u1ec7n 1 tr\u01b0\u1eddng c\u00f3 nh\u1eadp th\u1ecbt l\u1ee3n c\u1ee7a C\u01b0\u1eddng Ph\u00e1t.<\/p><\/div><\/li><\/ul> <\/div><style type=\"text\/css\" media=\"all\">.feedzy-rss .rss_item .rss_image{float:left;position:relative;border:none;text-decoration:none;max-width:100%}.feedzy-rss .rss_item .rss_image span{display:inline-block;position:absolute;width:100%;height:100%;background-position:50%;background-size:cover}.feedzy-rss .rss_item .rss_image{margin:.3em 1em 0 0;content-visibility:auto}.feedzy-rss ul{list-style:none}.feedzy-rss ul li{display:inline-block}<\/style>\n<p>&nbsp;<\/p>\n<p>&nbsp;<\/p>\n","protected":false},"excerpt":{"rendered":"<p>C\u1ed5ng th\u00f4ng tin B\u1ed9 gi\u00e1o d\u1ee5c &amp; \u0110\u00e0o t\u1ea1o C\u1ed5ng th\u00f4ng tin b\u00e1o Vi\u1ec7t Nam Net &nbsp; &nbsp;<\/p>\n<p class=\"continue-reading-button\"> <a class=\"continue-reading-link\" href=\"https:\/\/hcmpreu.edu.vn\/?page_id=301\">\u0110\u1ecdc ti\u1ebfp<i class=\"crycon-right-dir\"><\/i><\/a><\/p>\n","protected":false},"author":1,"featured_media":0,"parent":0,"menu_order":0,"comment_status":"closed","ping_status":"closed","template":"","meta":{"footnotes":""},"class_list":["post-301","page","type-page","status-publish","hentry"],"yoast_head":"<!-- This site is optimized with the Yoast SEO plugin v27.3 - https:\/\/yoast.com\/product\/yoast-seo-wordpress\/ -->\n<title>Tin gi\u00e1o d\u1ee5c - TR\u01af\u1edcNG D\u1ef0 B\u1eca \u0110\u1ea0I H\u1eccC TP.HCM<\/title>\n<meta name=\"robots\" content=\"index, follow, max-snippet:-1, max-image-preview:large, max-video-preview:-1\" \/>\n<link rel=\"canonical\" href=\"https:\/\/hcmpreu.edu.vn\/?page_id=301\" \/>\n<meta property=\"og:locale\" content=\"en_US\" \/>\n<meta property=\"og:type\" content=\"article\" \/>\n<meta property=\"og:title\" content=\"Tin gi\u00e1o d\u1ee5c - TR\u01af\u1edcNG D\u1ef0 B\u1eca \u0110\u1ea0I H\u1eccC TP.HCM\" \/>\n<meta property=\"og:description\" content=\"C\u1ed5ng th\u00f4ng tin B\u1ed9 gi\u00e1o d\u1ee5c &amp; \u0110\u00e0o t\u1ea1o C\u1ed5ng th\u00f4ng tin b\u00e1o Vi\u1ec7t Nam Net &nbsp; &nbsp; \u0110\u1ecdc ti\u1ebfp\" \/>\n<meta property=\"og:url\" content=\"https:\/\/hcmpreu.edu.vn\/?page_id=301\" \/>\n<meta property=\"og:site_name\" content=\"TR\u01af\u1edcNG D\u1ef0 B\u1eca \u0110\u1ea0I H\u1eccC TP.HCM\" \/>\n<meta property=\"article:modified_time\" content=\"2017-11-11T02:04:15+00:00\" \/>\n<meta name=\"twitter:card\" content=\"summary_large_image\" \/>\n<meta name=\"twitter:label1\" content=\"Est. reading time\" \/>\n\t<meta name=\"twitter:data1\" content=\"1 minute\" \/>\n<script type=\"application\/ld+json\" class=\"yoast-schema-graph\">{\"@context\":\"https:\\\/\\\/schema.org\",\"@graph\":[{\"@type\":\"WebPage\",\"@id\":\"https:\\\/\\\/hcmpreu.edu.vn\\\/?page_id=301\",\"url\":\"https:\\\/\\\/hcmpreu.edu.vn\\\/?page_id=301\",\"name\":\"Tin gi\u00e1o d\u1ee5c - TR\u01af\u1edcNG D\u1ef0 B\u1eca \u0110\u1ea0I H\u1eccC TP.HCM\",\"isPartOf\":{\"@id\":\"https:\\\/\\\/hcmpreu.edu.vn\\\/#website\"},\"datePublished\":\"2017-11-08T12:12:34+00:00\",\"dateModified\":\"2017-11-11T02:04:15+00:00\",\"breadcrumb\":{\"@id\":\"https:\\\/\\\/hcmpreu.edu.vn\\\/?page_id=301#breadcrumb\"},\"inLanguage\":\"en-US\",\"potentialAction\":[{\"@type\":\"ReadAction\",\"target\":[\"https:\\\/\\\/hcmpreu.edu.vn\\\/?page_id=301\"]}]},{\"@type\":\"BreadcrumbList\",\"@id\":\"https:\\\/\\\/hcmpreu.edu.vn\\\/?page_id=301#breadcrumb\",\"itemListElement\":[{\"@type\":\"ListItem\",\"position\":1,\"name\":\"Home\",\"item\":\"https:\\\/\\\/hcmpreu.edu.vn\\\/\"},{\"@type\":\"ListItem\",\"position\":2,\"name\":\"Tin gi\u00e1o d\u1ee5c\"}]},{\"@type\":\"WebSite\",\"@id\":\"https:\\\/\\\/hcmpreu.edu.vn\\\/#website\",\"url\":\"https:\\\/\\\/hcmpreu.edu.vn\\\/\",\"name\":\"TR\u01af\u1edcNG D\u1ef0 B\u1eca \u0110\u1ea0I H\u1eccC TP.HCM\",\"description\":\"Pre-University\",\"potentialAction\":[{\"@type\":\"SearchAction\",\"target\":{\"@type\":\"EntryPoint\",\"urlTemplate\":\"https:\\\/\\\/hcmpreu.edu.vn\\\/?s={search_term_string}\"},\"query-input\":{\"@type\":\"PropertyValueSpecification\",\"valueRequired\":true,\"valueName\":\"search_term_string\"}}],\"inLanguage\":\"en-US\"}]}<\/script>\n<!-- \/ Yoast SEO plugin. -->","yoast_head_json":{"title":"Tin gi\u00e1o d\u1ee5c - TR\u01af\u1edcNG D\u1ef0 B\u1eca \u0110\u1ea0I H\u1eccC TP.HCM","robots":{"index":"index","follow":"follow","max-snippet":"max-snippet:-1","max-image-preview":"max-image-preview:large","max-video-preview":"max-video-preview:-1"},"canonical":"https:\/\/hcmpreu.edu.vn\/?page_id=301","og_locale":"en_US","og_type":"article","og_title":"Tin gi\u00e1o d\u1ee5c - TR\u01af\u1edcNG D\u1ef0 B\u1eca \u0110\u1ea0I H\u1eccC TP.HCM","og_description":"C\u1ed5ng th\u00f4ng tin B\u1ed9 gi\u00e1o d\u1ee5c &amp; \u0110\u00e0o t\u1ea1o C\u1ed5ng th\u00f4ng tin b\u00e1o Vi\u1ec7t Nam Net &nbsp; &nbsp; \u0110\u1ecdc ti\u1ebfp","og_url":"https:\/\/hcmpreu.edu.vn\/?page_id=301","og_site_name":"TR\u01af\u1edcNG D\u1ef0 B\u1eca \u0110\u1ea0I H\u1eccC TP.HCM","article_modified_time":"2017-11-11T02:04:15+00:00","twitter_card":"summary_large_image","twitter_misc":{"Est. reading time":"1 minute"},"schema":{"@context":"https:\/\/schema.org","@graph":[{"@type":"WebPage","@id":"https:\/\/hcmpreu.edu.vn\/?page_id=301","url":"https:\/\/hcmpreu.edu.vn\/?page_id=301","name":"Tin gi\u00e1o d\u1ee5c - TR\u01af\u1edcNG D\u1ef0 B\u1eca \u0110\u1ea0I H\u1eccC TP.HCM","isPartOf":{"@id":"https:\/\/hcmpreu.edu.vn\/#website"},"datePublished":"2017-11-08T12:12:34+00:00","dateModified":"2017-11-11T02:04:15+00:00","breadcrumb":{"@id":"https:\/\/hcmpreu.edu.vn\/?page_id=301#breadcrumb"},"inLanguage":"en-US","potentialAction":[{"@type":"ReadAction","target":["https:\/\/hcmpreu.edu.vn\/?page_id=301"]}]},{"@type":"BreadcrumbList","@id":"https:\/\/hcmpreu.edu.vn\/?page_id=301#breadcrumb","itemListElement":[{"@type":"ListItem","position":1,"name":"Home","item":"https:\/\/hcmpreu.edu.vn\/"},{"@type":"ListItem","position":2,"name":"Tin gi\u00e1o d\u1ee5c"}]},{"@type":"WebSite","@id":"https:\/\/hcmpreu.edu.vn\/#website","url":"https:\/\/hcmpreu.edu.vn\/","name":"TR\u01af\u1edcNG D\u1ef0 B\u1eca \u0110\u1ea0I H\u1eccC TP.HCM","description":"Pre-University","potentialAction":[{"@type":"SearchAction","target":{"@type":"EntryPoint","urlTemplate":"https:\/\/hcmpreu.edu.vn\/?s={search_term_string}"},"query-input":{"@type":"PropertyValueSpecification","valueRequired":true,"valueName":"search_term_string"}}],"inLanguage":"en-US"}]}},"_links":{"self":[{"href":"https:\/\/hcmpreu.edu.vn\/index.php?rest_route=\/wp\/v2\/pages\/301","targetHints":{"allow":["GET"]}}],"collection":[{"href":"https:\/\/hcmpreu.edu.vn\/index.php?rest_route=\/wp\/v2\/pages"}],"about":[{"href":"https:\/\/hcmpreu.edu.vn\/index.php?rest_route=\/wp\/v2\/types\/page"}],"author":[{"embeddable":true,"href":"https:\/\/hcmpreu.edu.vn\/index.php?rest_route=\/wp\/v2\/users\/1"}],"replies":[{"embeddable":true,"href":"https:\/\/hcmpreu.edu.vn\/index.php?rest_route=%2Fwp%2Fv2%2Fcomments&post=301"}],"version-history":[{"count":15,"href":"https:\/\/hcmpreu.edu.vn\/index.php?rest_route=\/wp\/v2\/pages\/301\/revisions"}],"predecessor-version":[{"id":522,"href":"https:\/\/hcmpreu.edu.vn\/index.php?rest_route=\/wp\/v2\/pages\/301\/revisions\/522"}],"wp:attachment":[{"href":"https:\/\/hcmpreu.edu.vn\/index.php?rest_route=%2Fwp%2Fv2%2Fmedia&parent=301"}],"curies":[{"name":"wp","href":"https:\/\/api.w.org\/{rel}","templated":true}]}}