{"id":425,"date":"2017-09-21T17:50:58","date_gmt":"2017-09-21T10:50:58","guid":{"rendered":"http:\/\/www1.hcmpreu.edu.vn\/?page_id=425"},"modified":"2021-11-18T23:07:51","modified_gmt":"2021-11-18T16:07:51","slug":"bo-mon-tin-hoc","status":"publish","type":"page","link":"https:\/\/hcmpreu.edu.vn\/?page_id=425","title":{"rendered":"B\u1ed9 m\u00f4n Tin h\u1ecdc"},"content":{"rendered":"\n<p><strong><span class=\"dropcap\">S<\/span>\u01a0 L\u01af\u1ee2C \u0110\u1eb6C \u0110I\u1ec2M T\u00ccNH H\u00ccNH<\/strong><\/p>\n\n\n\n<p>Tr\u00ean \u0111\u01b0\u1eddng c\u00f4ng nghi\u1ec7p h\u00f3a, hi\u1ec7n \u0111\u1ea1i h\u00f3a, m\u1ecdi qu\u1ed1c gia \u0111\u1ec1u kh\u00f4ng th\u1ec3 kh\u00f4ng ch\u00fa \u00fd \u0111\u1ebfn c\u00f4ng ngh\u1ec7 th\u00f4ng tin (CNTT). T\u1eeb quan \u0111i\u1ec3m \u0111\u00f3, Tr\u01b0\u1eddng D\u1ef1 b\u1ecb \u0111\u1ea1i h\u1ecdc TP. H\u1ed3 Ch\u00ed Minh ch\u00ednh th\u1ee9c \u0111\u01b0a m\u00f4n Tin h\u1ecdc v\u00e0o ch\u01b0\u01a1ng tr\u00ecnh gi\u1ea3ng d\u1ea1y t\u1eeb n\u0103m h\u1ecdc 1994-1995 nh\u1eb1m c\u1ee7ng c\u1ed1 ki\u1ebfn th\u1ee9c CNTT cho h\u1ecdc sinh d\u1ef1 b\u1ecb \u0111\u1ea1i h\u1ecdc, \u0111\u1ed3ng th\u1eddi gi\u00fap c\u00e1c em ti\u1ebfp c\u1eadn ki\u1ebfn th\u1ee9c CNTT \u1edf b\u1eadc \u0111\u1ea1i h\u1ecdc trong nh\u1eefng n\u0103m ti\u1ebfp theo.<\/p>\n\n\n\n<p>Vi\u1ec7c gi\u1ea3ng d\u1ea1y Tin h\u1ecdc \u0111\u01b0\u1ee3c B\u1ed9 m\u00f4n To\u00e1n \u2013 Tin h\u1ecdc \u0111\u1ea3m nhi\u1ec7m cho \u0111\u1ebfn n\u0103m 2007. \u0110\u1ea7u n\u0103m 2008 l\u00e0 th\u1eddi \u0111i\u1ec3m ch\u00edn mu\u1ed3i \u0111\u1ec3 ti\u1ebfn \u0111\u1ebfn h\u00ecnh th\u00e0nh B\u1ed9 m\u00f4n Tin h\u1ecdc. Ng\u00e0y 28\/02\/2008, B\u1ed9 m\u00f4n Tin h\u1ecdc c\u1ee7a Tr\u01b0\u1eddng \u0111\u01b0\u1ee3c th\u00e0nh l\u1eadp theo Quy\u1ebft \u0111\u1ecbnh s\u1ed1 37\/Q\u0110-DBDH d\u1ef1a tr\u00ean c\u01a1 s\u1edf nh\u00e2n s\u1ef1 \u0111\u01b0\u1ee3c t\u00e1ch t\u1eeb B\u1ed9 m\u00f4n To\u00e1n \u2013 Tin h\u1ecdc.<\/p>\n\n\n\n<div class=\"wp-block-image\"><figure class=\"alignright\"><img loading=\"lazy\" decoding=\"async\" width=\"200\" height=\"300\" src=\"https:\/\/hcmpreu.edu.vn\/wp-content\/uploads\/2020\/03\/tin40_01.png\" alt=\"\" class=\"wp-image-2359\" srcset=\"https:\/\/hcmpreu.edu.vn\/wp-content\/uploads\/2020\/03\/tin40_01.png 200w, https:\/\/hcmpreu.edu.vn\/wp-content\/uploads\/2020\/03\/tin40_01-133x200.png 133w, https:\/\/hcmpreu.edu.vn\/wp-content\/uploads\/2020\/03\/tin40_01-100x150.png 100w\" sizes=\"auto, (max-width: 200px) 100vw, 200px\" \/><\/figure><\/div>\n\n\n\n<p>B\u1ed9 m\u00f4n ch\u1ecbu tr\u00e1ch nhi\u1ec7m gi\u1ea3ng d\u1ea1y Tin h\u1ecdc cho kh\u1ed1i h\u1ecdc sinh d\u1ef1 b\u1ecb \u0111\u1ea1i h\u1ecdc, d\u1ef1 b\u1ecb \u0111\u1ea1i h\u1ecdc D\u00e2n t\u1ed9c, d\u1ef1 b\u1ecb \u0111\u1ea1i h\u1ecdc C\u1eed tuy\u1ec3n v\u00e0 kh\u1ed1i L\u01b0u h\u1ecdc sinh. Ngo\u00e0i ra, B\u1ed9 m\u00f4n c\u00f2n tham m\u01b0u cho Ban gi\u00e1m hi\u1ec7u v\u1ec1 \u1ee9ng d\u1ee5ng v\u00e0 tri\u1ec3n khai c\u00f4ng ngh\u1ec7 th\u00f4ng tin trong qu\u1ea3n l\u00fd v\u00e0 gi\u1ea3ng d\u1ea1y t\u1ea1i Tr\u01b0\u1eddng, ch\u1ecbu tr\u00e1ch nhi\u1ec7m tr\u01b0\u1edbc Nh\u00e0 tr\u01b0\u1eddng v\u1ec1 b\u1ea3o \u0111\u1ea3m an ninh h\u1ec7 th\u1ed1ng m\u1ea1ng v\u00e0 x\u00e2y d\u1ef1ng trang Web.<\/p>\n\n\n\n<p>Gi\u1ea3ng vi\u00ean trong B\u1ed9 m\u00f4n \u0111\u1ec1u t\u1ed1t nghi\u1ec7p chuy\u00ean ng\u00e0nh CNTT, h\u1ea7u h\u1ebft c\u00f2n kh\u00e1 tr\u1ebb. C\u00e1c gi\u1ea3ng vi\u00ean lu\u00f4n n\u0103ng n\u1ed5, t\u00e2m huy\u1ebft v\u1edbi ngh\u1ec1, t\u00e2m huy\u1ebft v\u1edbi s\u1ef1 nghi\u1ec7p gi\u00e1o d\u1ee5c. Hi\u1ec7n nay B\u1ed9 m\u00f4n c\u00f3 04 gi\u1ea3ng vi\u00ean, trong \u0111\u00f3 c\u00f3 03 gi\u1ea3ng vi\u00ean \u0111\u1ea1t tr\u00ecnh \u0111\u1ed9 th\u1ea1c s\u1ef9, 02 gi\u1ea3ng vi\u00ean \u0111ang l\u00e0 nghi\u00ean c\u1ee9u sinh chuy\u00ean ng\u00e0nh Khoa h\u1ecdc m\u00e1y t\u00ednh.<\/p>\n\n\n\n<p><strong>TH\u00c0NH T\u00cdCH \u0110\u1ea0T \u0110\u01af\u1ee2C<\/strong><\/p>\n\n\n\n<p>Xu\u1ea5t ph\u00e1t t\u1eeb \u0111\u1eb7c th\u00f9 c\u1ee7a m\u00f4n h\u1ecdc, B\u1ed9 m\u00f4n \u0111\u00e3 ph\u1ea5n \u0111\u1ea5u 100% gi\u1ea3ng vi\u00ean s\u1eed d\u1ee5ng b\u00e0i gi\u1ea3ng \u0111i\u1ec7n t\u1eed trong gi\u1edd d\u1ea1y l\u00fd thuy\u1ebft. Do \u0111\u00f3, hi\u1ec7u qu\u1ea3 gi\u1ea3ng d\u1ea1y n\u00e2ng cao. Trong g\u1ea7n 10 n\u0103m th\u1ef1c hi\u1ec7n l\u1ea5y \u00fd ki\u1ebfn ph\u1ea3n h\u1ed3i t\u1eeb ng\u01b0\u1eddi h\u1ecdc, c\u00e1c gi\u1ea3ng vi\u00ean lu\u00f4n \u0111\u01b0\u1ee3c h\u1ecdc sinh \u0111\u00e1nh gi\u00e1 t\u1eeb kh\u00e1 tr\u1edf l\u00ean.<\/p>\n\n\n\n<p>B\u1ed9 m\u00f4n \u0111\u00e3 ho\u00e0n th\u00e0nh b\u1ed9 b\u00e0i gi\u1ea3ng \u0111i\u1ec7n t\u1eed cho Ch\u01b0\u01a1ng tr\u00ecnh Tin h\u1ecdc V\u0103n ph\u00f2ng tr\u00ean Windows. C\u00e1c gi\u00e1o tr\u00ecnh \u0111\u00e3 bi\u00ean so\u1ea1n g\u1ed3m:<\/p>\n\n\n\n<ul class=\"wp-block-list\"><li>Gi\u00e1o tr\u00ecnh Tin h\u1ecdc c\u0103n b\u1ea3n<\/li><li>Gi\u00e1o tr\u00ecnh Tin h\u1ecdc v\u0103n ph\u00f2ng (Ph\u1ea7n 1, 2)<\/li><li>Gi\u00e1o tr\u00ecnh Open Office<\/li><li>Gi\u00e1o tr\u00ecnh Pascal<\/li><\/ul>\n\n\n\n<p>Hi\u1ec7n nay B\u1ed9 m\u00f4n \u0111ang bi\u00ean so\u1ea1n h\u1ec7 th\u1ed1ng b\u00e0i gi\u1ea3ng \u0111i\u1ec7n t\u1eed m\u1edbi cho Ch\u01b0\u01a1ng tr\u00ecnh Tin h\u1ecdc m\u1edbi theo Quy ch\u1ebf 25 do B\u1ed9 Gi\u00e1o d\u1ee5c v\u00e0 \u0110\u00e0o t\u1ea1o ban h\u00e0nh.<\/p>\n\n\n\n<figure class=\"wp-block-image\"><img loading=\"lazy\" decoding=\"async\" width=\"1024\" height=\"741\" src=\"https:\/\/hcmpreu.edu.vn\/wp-content\/uploads\/2021\/03\/IMG_8248-1024x741.jpg\" alt=\"\" class=\"wp-image-3723\" srcset=\"https:\/\/hcmpreu.edu.vn\/wp-content\/uploads\/2021\/03\/IMG_8248-1024x741.jpg 1024w, https:\/\/hcmpreu.edu.vn\/wp-content\/uploads\/2021\/03\/IMG_8248-300x217.jpg 300w, https:\/\/hcmpreu.edu.vn\/wp-content\/uploads\/2021\/03\/IMG_8248-768x556.jpg 768w, https:\/\/hcmpreu.edu.vn\/wp-content\/uploads\/2021\/03\/IMG_8248-1536x1112.jpg 1536w, https:\/\/hcmpreu.edu.vn\/wp-content\/uploads\/2021\/03\/IMG_8248-2048x1482.jpg 2048w, https:\/\/hcmpreu.edu.vn\/wp-content\/uploads\/2021\/03\/IMG_8248-200x145.jpg 200w, https:\/\/hcmpreu.edu.vn\/wp-content\/uploads\/2021\/03\/IMG_8248-150x109.jpg 150w\" sizes=\"auto, (max-width: 1024px) 100vw, 1024px\" \/><\/figure>\n\n\n\n<p><strong>NGHI\u00caN C\u1ee8U KHOA H\u1eccC<\/strong><\/p>\n\n\n\n<p>Ngo\u00e0i vi\u1ec7c gi\u1ea3ng d\u1ea1y, B\u1ed9 m\u00f4n c\u0169ng lu\u00f4n ch\u00fa tr\u1ecdng vi\u1ec7c nghi\u00ean c\u1ee9u khoa h\u1ecdc. M\u1ed9t s\u1ed1 \u0111\u1ec1 t\u00e0i nghi\u00ean c\u1ee9u khoa h\u1ecdc c\u1ea5p Tr\u01b0\u1eddng trong 5 n\u0103m qua:<\/p>\n\n\n\n<p><strong>N\u0103m h\u1ecdc 2011-2012<\/strong><\/p>\n\n\n\n<ul class=\"wp-block-list\"><li>X\u00e2y d\u1ef1ng T\u1ed5ng \u0111\u00e0i Voip t\u1ea1i Tr\u01b0\u1eddng D\u1ef1 b\u1ecb \u0111\u1ea1i h\u1ecdc TP.HCM (Gi\u1ea3ng vi\u00ean Nguy\u1ec5n Kim Tu\u1ea5n)<\/li><li>X\u00e2y d\u1ef1ng module qu\u1ea3n l\u00fd \u0111i\u1ec3m trong ph\u1ea7n m\u1ec1m qu\u1ea3n l\u00fd \u0111\u00e0o t\u1ea1o t\u1ea1i Tr\u01b0\u1eddng D\u1ef1 b\u1ecb \u0111\u1ea1i h\u1ecdc TP.HCM (Gi\u1ea3ng vi\u00ean V\u0169 \u0110\u00ecnh \u00c1i)<\/li><li>S\u1eed d\u1ee5ng Adobe Presenter trong so\u1ea1n th\u1ea3o b\u00e0i gi\u1ea3ng \u0111i\u1ec7n t\u1eed m\u00f4n Tin h\u1ecdc \u0111\u1ea1i c\u01b0\u01a1ng (Gi\u1ea3ng vi\u00ean \u0110o\u00e0n Th\u1ecb Minh Khoa)<\/li><\/ul>\n\n\n\n<p><strong>N\u0103m h\u1ecdc 2012-2013<\/strong><\/p>\n\n\n\n<ul class=\"wp-block-list\"><li>S\u1ef1 kh\u00e1c nhau c\u01a1 b\u1ea3n trong c\u00e1ch s\u1eed d\u1ee5ng Calc v\u00e0 Excel (Gi\u1ea3ng vi\u00ean \u0110o\u00e0n Th\u1ecb Minh Khoa)<\/li><li>X\u00e2y d\u1ef1ng h\u1ec7 th\u1ed1ng t\u01b0 li\u1ec7u c\u1ed9ng \u0111\u1ed3ng 54 d\u00e2n t\u1ed9c Vi\u1ec7t Nam (Gi\u1ea3ng vi\u00ean Nguy\u1ec5n \u0110\u1eafc Dz\u1ef1 Tr\u00ecnh)<\/li><li>C\u00f4ng ngh\u1ec7 \u1ea3o ho\u00e1 v\u00e0 \u1ee9ng d\u1ee5ng c\u00f4ng ngh\u1ec7 \u1ea3o ho\u00e1 t\u1ea1i Tr\u01b0\u1eddng d\u1ef1 b\u1ecb \u0111\u1ea1i h\u1ecdc TP.HCM (Gi\u1ea3ng vi\u00ean Nguy\u1ec5n Kim Tu\u1ea5n)<\/li><\/ul>\n\n\n\n<div class=\"wp-block-image\"><figure class=\"aligncenter\"><img loading=\"lazy\" decoding=\"async\" width=\"300\" height=\"201\" src=\"https:\/\/hcmpreu.edu.vn\/wp-content\/uploads\/2020\/03\/tin40_04-300x201.png\" alt=\"\" class=\"wp-image-2362\" srcset=\"https:\/\/hcmpreu.edu.vn\/wp-content\/uploads\/2020\/03\/tin40_04-300x201.png 300w, https:\/\/hcmpreu.edu.vn\/wp-content\/uploads\/2020\/03\/tin40_04-200x134.png 200w, https:\/\/hcmpreu.edu.vn\/wp-content\/uploads\/2020\/03\/tin40_04-150x100.png 150w, https:\/\/hcmpreu.edu.vn\/wp-content\/uploads\/2020\/03\/tin40_04.png 742w\" sizes=\"auto, (max-width: 300px) 100vw, 300px\" \/><\/figure><\/div>\n\n\n\n<p><strong>N\u0103m h\u1ecdc 2013-2014<\/strong><\/p>\n\n\n\n<ul class=\"wp-block-list\"><li>L\u1eadp b\u1ea3n \u0111\u1ed3 t\u01b0 duy b\u1eb1ng ph\u1ea7n m\u1ec1m MindJet (Gi\u1ea3ng vi\u00ean \u0110o\u00e0n Th\u1ecb Minh Khoa)<\/li><li>X\u00e2y d\u1ef1ng H\u1ec7 th\u1ed1ng qu\u1ea3n l\u00fd th\u00f4ng b\u00e1o SMS t\u1ea1i Tr\u01b0\u1eddng d\u1ef1 b\u1ecb \u0111\u1ea1i h\u1ecdc TP.HCM (Gi\u1ea3ng vi\u00ean Nguy\u1ec5n Kim Tu\u1ea5n)<\/li><\/ul>\n\n\n\n<p><strong>N\u0103m h\u1ecdc 2014-2015<\/strong><\/p>\n\n\n\n<ul class=\"wp-block-list\"><li>X\u00e2y d\u1ef1ng v\u00e0 tri\u1ec3n khai h\u1ec7 th\u1ed1ng Wifi Mesh Network t\u1ea1i tr\u01b0\u1eddng D\u1ef1 b\u1ecb \u0111\u1ea1i h\u1ecdc TP.HCM (Gi\u1ea3ng vi\u00ean Nguy\u1ec5n Kim Tu\u1ea5n)<\/li><li>Socrative \u2013 C\u00f4ng c\u1ee5 \u0111\u00e1nh gi\u00e1 tr\u1ef1c tuy\u1ebfn trong gi\u00e1o d\u1ee5c (Gi\u1ea3ng vi\u00ean Tr\u1ea7n Th\u1ecb Thu Thu\u1ef7)<\/li><\/ul>\n\n\n\n<p><strong>N\u0103m h\u1ecdc 2015-2016<\/strong><\/p>\n\n\n\n<ul class=\"wp-block-list\"><li>\u0110\u1ec1 xu\u1ea5t gi\u1ea3i ph\u00e1p truy\u1ec1n h\u00ecnh \u0111\u1ed9 n\u00e9t cao cho L\u1ec5 k\u1ef7 ni\u1ec7m 40 N\u0103m th\u00e0nh l\u1eadp Tr\u01b0\u1eddng D\u1ef1 b\u1ecb \u0111\u1ea1i h\u1ecdc TP.HCM (Gi\u1ea3ng vi\u00ean Nguy\u1ec5n Kim Tu\u1ea5n)<\/li><li>X\u00e2y d\u1ef1ng \u1ee9ng d\u1ee5ng di \u0111\u1ed9ng tr\u00ean n\u1ec1n IOS \u0111\u1ec3 l\u1ea5y tin t\u1ee9c t\u1eeb trang ch\u1ee7 Tr\u01b0\u1eddng D\u1ef1 b\u1ecb \u0111\u1ea1i h\u1ecdc TP.HCM (Gi\u1ea3ng vi\u00ean Nguy\u1ec5n \u0110\u1eafc Dz\u1ef1 Tr\u00ecnh)<\/li><li>T\u1ed5ng quan Pivot Table trong Calc (Gi\u1ea3ng vi\u00ean \u0110o\u00e0n Th\u1ecb Minh Khoa)<\/li><li>S\u1eed d\u1ee5ng Microsoft Sway \u0111\u1ec3 thuy\u1ebft tr\u00ecnh trong d\u1ea1y h\u1ecdc (Gi\u1ea3ng vi\u00ean Tr\u1ea7n Th\u1ecb Thu Thu\u1ef7)<\/li><\/ul>\n\n\n\n<p>Trong nh\u1eefng n\u0103m h\u1ecdc qua, B\u1ed9 m\u00f4n Tin h\u1ecdc c\u00f3 nh\u1eefng \u0111\u00f3ng g\u00f3p kh\u00f4ng nh\u1ecf trong qu\u00e1 tr\u00ecnh ph\u00e1t tri\u1ec3n c\u1ee7a Nh\u00e0 tr\u01b0\u1eddng. B\u1ed9 m\u00f4n \u0111\u1ea3m b\u1ea3o \u0111\u01b0\u1ee3c s\u1ef1 \u1ed5n \u0111\u1ecbnh c\u1ee7a h\u1ec7 th\u1ed1ng m\u1ea1ng internet c\u1ee7a Tr\u01b0\u1eddng, ch\u1eb7n \u0111\u1ee9ng \u0111\u01b0\u1ee3c c\u00e1c \u0111\u1ee3t t\u1ea5n c\u00f4ng c\u1ee7a tin t\u1eb7c t\u1eeb n\u01b0\u1edbc ngo\u00e0i. B\u1ed9 m\u00f4n g\u00f3p ph\u1ea7n c\u00f9ng v\u1edbi nh\u00e0 tr\u01b0\u1eddng thi\u1ebft k\u1ebft, x\u00e2y d\u1ef1ng, thi c\u00f4ng h\u1ec7 th\u1ed1ng m\u1ea1ng, k\u1ebft n\u1ed1i Internet cho Tr\u01b0\u1eddng Cao \u0111\u1eb3ng T\u00e0i ch\u00ednh Nam L\u00e0o, l\u00e0 tr\u01b0\u1eddng k\u1ebft ngh\u0129a v\u1edbi Tr\u01b0\u1eddng D\u1ef1 b\u1ecb \u0111\u1ea1i h\u1ecdc TP. HCM, g\u00f3p ph\u1ea7n th\u1eaft ch\u1eb7t t\u00ecnh h\u1eefu ngh\u1ecb Vi\u1ec7t \u2013 L\u00e0o.<\/p>\n\n\n\n<p>Ngo\u00e0i c\u00f4ng t\u00e1c chuy\u00ean m\u00f4n, B\u1ed9 m\u00f4n c\u00f2n tham gia c\u00e1c phong tr\u00e0o v\u0103n ngh\u1ec7, th\u1ec3 d\u1ee5c th\u1ec3 thao, tham gia c\u1ee9u tr\u1ee3 \u0111\u1ed3ng b\u00e0o l\u0169 l\u1ee5t Mi\u1ec1n Trung, tham gia c\u1ee9u tr\u1ee3 th\u1ea3m h\u1ecda \u0111\u1ed9ng \u0111\u1ea5t, s\u00f3ng th\u1ea7n t\u1ea1i Nh\u1eadt B\u1ea3n, tham gia g\u00f3p qu\u1ef9 v\u00ec ng\u01b0\u1eddi ngh\u00e8o, x\u00e2y d\u1ef1ng nh\u00e0 t\u00ecnh ngh\u0129a t\u00ecnh th\u01b0\u01a1ng, qu\u1ef9 khuy\u1ebfn h\u1ecdc Nguy\u1ec5n \u0110\u1ee9c C\u1ea3nh.<\/p>\n\n\n\n<p>Trong th\u1eddi gian t\u1edbi, B\u1ed9 m\u00f4n s\u1ebd kh\u00f4ng ng\u1eebng ph\u1ea5n \u0111\u1ea5u \u0111\u1ec3 th\u1ef1c hi\u1ec7n t\u1ed1t h\u01a1n n\u1eefa nhi\u1ec7m v\u1ee5 c\u1ee7a m\u00ecnh, \u0111\u1eb7c bi\u1ec7t l\u00e0 trong c\u00f4ng t\u00e1c chuy\u00ean m\u00f4n, ch\u00fang t\u00f4i th\u01b0\u1eddng xuy\u00ean trao \u0111\u1ed5i, nghi\u00ean c\u1ee9u c\u00e1c gi\u1ea3i ph\u00e1p, ph\u01b0\u01a1ng ph\u00e1p gi\u1ea3ng d\u1ea1y m\u1edbi b\u1eb1ng m\u00e1y t\u00ednh, kh\u1ea3 thi nh\u1eb1m n\u00e2ng cao hi\u1ec7u qu\u1ea3 gi\u1ea3ng d\u1ea1y v\u00e0 h\u1ecdc t\u1eadp.<\/p>\n\n\n\n<div class=\"wp-block-image\"><figure class=\"aligncenter\"><img loading=\"lazy\" decoding=\"async\" width=\"300\" height=\"201\" src=\"https:\/\/hcmpreu.edu.vn\/wp-content\/uploads\/2020\/03\/tin40_05-300x201.png\" alt=\"\" class=\"wp-image-2363\" srcset=\"https:\/\/hcmpreu.edu.vn\/wp-content\/uploads\/2020\/03\/tin40_05-300x201.png 300w, https:\/\/hcmpreu.edu.vn\/wp-content\/uploads\/2020\/03\/tin40_05-200x134.png 200w, https:\/\/hcmpreu.edu.vn\/wp-content\/uploads\/2020\/03\/tin40_05-150x100.png 150w, https:\/\/hcmpreu.edu.vn\/wp-content\/uploads\/2020\/03\/tin40_05.png 742w\" sizes=\"auto, (max-width: 300px) 100vw, 300px\" \/><\/figure><\/div>\n\n\n\n<p>Trong 5 n\u0103m qua, B\u1ed9 m\u00f4n c\u00f3 05 gi\u1ea3ng vi\u00ean \u0111\u1ec1u \u0111\u1ea1t danh hi\u1ec7u Lao \u0111\u1ed9ng ti\u00ean ti\u1ebfn, trong \u0111\u00f3 c\u00f3 02 gi\u1ea3ng vi\u00ean 2 n\u0103m li\u1ec1n \u0111\u1ea1t \u0111\u1ea1t danh hi\u1ec7u Chi\u1ebfn s\u0129 thi \u0111ua c\u01a1 s\u1edf, m\u1ed9t gi\u1ea3ng vi\u00ean \u0111\u1ea1t danh hi\u1ec7u Chi\u1ebfn s\u0129 thi \u0111ua c\u01a1 s\u1edf 1 n\u0103m. V\u1ec1 t\u1eadp th\u1ec3 B\u1ed9 m\u00f4n Tin h\u1ecdc, H\u1ed9i \u0111\u1ed3ng thi \u0111ua khen th\u01b0\u1edfng Nh\u00e0 tr\u01b0\u1eddng c\u00f4ng nh\u1eadn danh hi\u1ec7u T\u1eadp th\u1ec3 lao \u0111\u1ed9ng xu\u1ea5t s\u1eafc n\u0103m h\u1ecdc 2011-2012. N\u0103m h\u1ecdc 2016-2017 B\u1ed9 m\u00f4n \u0111\u00e3 \u0111\u01b0\u1ee3c B\u1ed9 tr\u01b0\u1edfng, ch\u1ee7 nhi\u1ec7m \u1ee6y ban d\u00e2n t\u1ed9c t\u1eb7ng b\u1eb1ng khen v\u00ec \u0111\u00e3 c\u00f3 th\u00e0nh t\u00edch \u0111\u00f3ng g\u00f3p v\u00e0o s\u1ef1 nghi\u1ec7p ph\u00e1t tri\u00ean c\u00e1c d\u00e2n t\u1ed9c Vi\u1ec7t Nam.<\/p>\n\n\n\n<p>B\u1ed9 m\u00f4n Tin h\u1ecdc tuy c\u00f2n non tr\u1ebb so v\u1edbi truy\u1ec1n th\u1ed1ng 40 n\u0103m c\u1ee7a Tr\u01b0\u1eddng D\u1ef1 b\u1ecb \u0111\u1ea1i h\u1ecdc TP. HCM nh\u01b0ng c\u0169ng \u0111\u00e3 c\u00f3 nh\u1eefng \u0111\u00f3ng g\u00f3p t\u00edch c\u1ef1c cho vi\u1ec7c \u0111\u00e0o t\u1ea1o h\u1ecdc sinh D\u00e2n t\u1ed9c thi\u1ec3u s\u1ed1 \u0111\u1ebfn t\u1eeb v\u00f9ng s\u00e2u, v\u00f9ng xa, gi\u00fap cho c\u00e1c em c\u1ee7ng c\u1ed1 l\u1ea1i ki\u1ebfn th\u1ee9c Tin h\u1ecdc c\u01a1 b\u1ea3n \u0111\u1ec3 c\u00f3 th\u1ec3 v\u1eefng b\u01b0\u1edbc v\u00e0o c\u00e1c tr\u01b0\u1eddng \u0111\u1ea1i h\u1ecdc trong th\u1eddi k\u1ef3 c\u00f4ng nghi\u1ec7p h\u00f3a, hi\u1ec7n \u0111\u1ea1i h\u00f3a \u0111\u1ea5t n\u01b0\u1edbc hi\u1ec7n nay.<\/p>\n\n\n\n<p><strong>B\u1ed8 M\u00d4N TIN H\u1eccC<\/strong><\/p>\n","protected":false},"excerpt":{"rendered":"<p>S\u01a0 L\u01af\u1ee2C \u0110\u1eb6C \u0110I\u1ec2M T\u00ccNH H\u00ccNH Tr\u00ean \u0111\u01b0\u1eddng c\u00f4ng nghi\u1ec7p h\u00f3a, hi\u1ec7n \u0111\u1ea1i h\u00f3a, m\u1ecdi qu\u1ed1c gia \u0111\u1ec1u kh\u00f4ng th\u1ec3 kh\u00f4ng ch\u00fa \u00fd \u0111\u1ebfn c\u00f4ng ngh\u1ec7 th\u00f4ng tin (CNTT). T\u1eeb quan \u0111i\u1ec3m \u0111\u00f3, Tr\u01b0\u1eddng D\u1ef1 b\u1ecb \u0111\u1ea1i h\u1ecdc TP. H\u1ed3 Ch\u00ed Minh ch\u00ednh th\u1ee9c \u0111\u01b0a m\u00f4n Tin h\u1ecdc v\u00e0o ch\u01b0\u01a1ng tr\u00ecnh gi\u1ea3ng d\u1ea1y t\u1eeb n\u0103m h\u1ecdc 1994-1995 nh\u1eb1m c\u1ee7ng c\u1ed1 ki\u1ebfn th\u1ee9c CNTT cho h\u1ecdc sinh d\u1ef1 b\u1ecb \u0111\u1ea1i h\u1ecdc, \u0111\u1ed3ng th\u1eddi gi\u00fap c\u00e1c em ti\u1ebfp c\u1eadn ki\u1ebfn th\u1ee9c CNTT \u1edf b\u1eadc \u0111\u1ea1i h\u1ecdc trong nh\u1eefng n\u0103m ti\u1ebfp theo. Vi\u1ec7c gi\u1ea3ng d\u1ea1y Tin h\u1ecdc \u0111\u01b0\u1ee3c B\u1ed9 m\u00f4n To\u00e1n \u2013 Tin\u2026<\/p>\n<p class=\"continue-reading-button\"> <a class=\"continue-reading-link\" href=\"https:\/\/hcmpreu.edu.vn\/?page_id=425\">\u0110\u1ecdc ti\u1ebfp<i class=\"crycon-right-dir\"><\/i><\/a><\/p>\n","protected":false},"author":2,"featured_media":0,"parent":0,"menu_order":0,"comment_status":"closed","ping_status":"closed","template":"","meta":{"_acf_changed":false,"footnotes":""},"class_list":["post-425","page","type-page","status-publish","hentry"],"acf":[],"yoast_head":"<!-- This site is optimized with the Yoast SEO plugin v27.4 - https:\/\/yoast.com\/product\/yoast-seo-wordpress\/ -->\n<title>B\u1ed9 m\u00f4n Tin h\u1ecdc - TR\u01af\u1edcNG D\u1ef0 B\u1eca \u0110\u1ea0I H\u1eccC TP.HCM<\/title>\n<meta name=\"robots\" content=\"index, follow, max-snippet:-1, max-image-preview:large, max-video-preview:-1\" \/>\n<link rel=\"canonical\" href=\"https:\/\/hcmpreu.edu.vn\/?page_id=425\" \/>\n<meta property=\"og:locale\" content=\"en_US\" \/>\n<meta property=\"og:type\" content=\"article\" \/>\n<meta property=\"og:title\" content=\"B\u1ed9 m\u00f4n Tin h\u1ecdc - TR\u01af\u1edcNG D\u1ef0 B\u1eca \u0110\u1ea0I H\u1eccC TP.HCM\" \/>\n<meta property=\"og:description\" content=\"S\u01a0 L\u01af\u1ee2C \u0110\u1eb6C \u0110I\u1ec2M T\u00ccNH H\u00ccNH Tr\u00ean \u0111\u01b0\u1eddng c\u00f4ng nghi\u1ec7p h\u00f3a, hi\u1ec7n \u0111\u1ea1i h\u00f3a, m\u1ecdi qu\u1ed1c gia \u0111\u1ec1u kh\u00f4ng th\u1ec3 kh\u00f4ng ch\u00fa \u00fd \u0111\u1ebfn c\u00f4ng ngh\u1ec7 th\u00f4ng tin (CNTT). T\u1eeb quan \u0111i\u1ec3m \u0111\u00f3, Tr\u01b0\u1eddng D\u1ef1 b\u1ecb \u0111\u1ea1i h\u1ecdc TP. H\u1ed3 Ch\u00ed Minh ch\u00ednh th\u1ee9c \u0111\u01b0a m\u00f4n Tin h\u1ecdc v\u00e0o ch\u01b0\u01a1ng tr\u00ecnh gi\u1ea3ng d\u1ea1y t\u1eeb n\u0103m h\u1ecdc 1994-1995 nh\u1eb1m c\u1ee7ng c\u1ed1 ki\u1ebfn th\u1ee9c CNTT cho h\u1ecdc sinh d\u1ef1 b\u1ecb \u0111\u1ea1i h\u1ecdc, \u0111\u1ed3ng th\u1eddi gi\u00fap c\u00e1c em ti\u1ebfp c\u1eadn ki\u1ebfn th\u1ee9c CNTT \u1edf b\u1eadc \u0111\u1ea1i h\u1ecdc trong nh\u1eefng n\u0103m ti\u1ebfp theo. Vi\u1ec7c gi\u1ea3ng d\u1ea1y Tin h\u1ecdc \u0111\u01b0\u1ee3c B\u1ed9 m\u00f4n To\u00e1n \u2013 Tin\u2026 \u0110\u1ecdc ti\u1ebfp\" \/>\n<meta property=\"og:url\" content=\"https:\/\/hcmpreu.edu.vn\/?page_id=425\" \/>\n<meta property=\"og:site_name\" content=\"TR\u01af\u1edcNG D\u1ef0 B\u1eca \u0110\u1ea0I H\u1eccC TP.HCM\" \/>\n<meta property=\"article:modified_time\" content=\"2021-11-18T16:07:51+00:00\" \/>\n<meta property=\"og:image\" content=\"https:\/\/hcmpreu.edu.vn\/wp-content\/uploads\/2020\/03\/tin40_01.png\" \/>\n<meta name=\"twitter:card\" content=\"summary_large_image\" \/>\n<meta name=\"twitter:label1\" content=\"Est. reading time\" \/>\n\t<meta name=\"twitter:data1\" content=\"7 minutes\" \/>\n<script type=\"application\/ld+json\" class=\"yoast-schema-graph\">{\"@context\":\"https:\\\/\\\/schema.org\",\"@graph\":[{\"@type\":\"WebPage\",\"@id\":\"https:\\\/\\\/hcmpreu.edu.vn\\\/?page_id=425\",\"url\":\"https:\\\/\\\/hcmpreu.edu.vn\\\/?page_id=425\",\"name\":\"B\u1ed9 m\u00f4n Tin h\u1ecdc - TR\u01af\u1edcNG D\u1ef0 B\u1eca \u0110\u1ea0I H\u1eccC TP.HCM\",\"isPartOf\":{\"@id\":\"https:\\\/\\\/hcmpreu.edu.vn\\\/#website\"},\"primaryImageOfPage\":{\"@id\":\"https:\\\/\\\/hcmpreu.edu.vn\\\/?page_id=425#primaryimage\"},\"image\":{\"@id\":\"https:\\\/\\\/hcmpreu.edu.vn\\\/?page_id=425#primaryimage\"},\"thumbnailUrl\":\"https:\\\/\\\/hcmpreu.edu.vn\\\/wp-content\\\/uploads\\\/2020\\\/03\\\/tin40_01.png\",\"datePublished\":\"2017-09-21T10:50:58+00:00\",\"dateModified\":\"2021-11-18T16:07:51+00:00\",\"breadcrumb\":{\"@id\":\"https:\\\/\\\/hcmpreu.edu.vn\\\/?page_id=425#breadcrumb\"},\"inLanguage\":\"en-US\",\"potentialAction\":[{\"@type\":\"ReadAction\",\"target\":[\"https:\\\/\\\/hcmpreu.edu.vn\\\/?page_id=425\"]}]},{\"@type\":\"ImageObject\",\"inLanguage\":\"en-US\",\"@id\":\"https:\\\/\\\/hcmpreu.edu.vn\\\/?page_id=425#primaryimage\",\"url\":\"https:\\\/\\\/hcmpreu.edu.vn\\\/wp-content\\\/uploads\\\/2020\\\/03\\\/tin40_01.png\",\"contentUrl\":\"https:\\\/\\\/hcmpreu.edu.vn\\\/wp-content\\\/uploads\\\/2020\\\/03\\\/tin40_01.png\",\"width\":200,\"height\":300},{\"@type\":\"BreadcrumbList\",\"@id\":\"https:\\\/\\\/hcmpreu.edu.vn\\\/?page_id=425#breadcrumb\",\"itemListElement\":[{\"@type\":\"ListItem\",\"position\":1,\"name\":\"Home\",\"item\":\"https:\\\/\\\/hcmpreu.edu.vn\\\/\"},{\"@type\":\"ListItem\",\"position\":2,\"name\":\"B\u1ed9 m\u00f4n Tin h\u1ecdc\"}]},{\"@type\":\"WebSite\",\"@id\":\"https:\\\/\\\/hcmpreu.edu.vn\\\/#website\",\"url\":\"https:\\\/\\\/hcmpreu.edu.vn\\\/\",\"name\":\"TR\u01af\u1edcNG D\u1ef0 B\u1eca \u0110\u1ea0I H\u1eccC TP.HCM\",\"description\":\"Pre-University\",\"potentialAction\":[{\"@type\":\"SearchAction\",\"target\":{\"@type\":\"EntryPoint\",\"urlTemplate\":\"https:\\\/\\\/hcmpreu.edu.vn\\\/?s={search_term_string}\"},\"query-input\":{\"@type\":\"PropertyValueSpecification\",\"valueRequired\":true,\"valueName\":\"search_term_string\"}}],\"inLanguage\":\"en-US\"}]}<\/script>\n<!-- \/ Yoast SEO plugin. -->","yoast_head_json":{"title":"B\u1ed9 m\u00f4n Tin h\u1ecdc - TR\u01af\u1edcNG D\u1ef0 B\u1eca \u0110\u1ea0I H\u1eccC TP.HCM","robots":{"index":"index","follow":"follow","max-snippet":"max-snippet:-1","max-image-preview":"max-image-preview:large","max-video-preview":"max-video-preview:-1"},"canonical":"https:\/\/hcmpreu.edu.vn\/?page_id=425","og_locale":"en_US","og_type":"article","og_title":"B\u1ed9 m\u00f4n Tin h\u1ecdc - TR\u01af\u1edcNG D\u1ef0 B\u1eca \u0110\u1ea0I H\u1eccC TP.HCM","og_description":"S\u01a0 L\u01af\u1ee2C \u0110\u1eb6C \u0110I\u1ec2M T\u00ccNH H\u00ccNH Tr\u00ean \u0111\u01b0\u1eddng c\u00f4ng nghi\u1ec7p h\u00f3a, hi\u1ec7n \u0111\u1ea1i h\u00f3a, m\u1ecdi qu\u1ed1c gia \u0111\u1ec1u kh\u00f4ng th\u1ec3 kh\u00f4ng ch\u00fa \u00fd \u0111\u1ebfn c\u00f4ng ngh\u1ec7 th\u00f4ng tin (CNTT). T\u1eeb quan \u0111i\u1ec3m \u0111\u00f3, Tr\u01b0\u1eddng D\u1ef1 b\u1ecb \u0111\u1ea1i h\u1ecdc TP. H\u1ed3 Ch\u00ed Minh ch\u00ednh th\u1ee9c \u0111\u01b0a m\u00f4n Tin h\u1ecdc v\u00e0o ch\u01b0\u01a1ng tr\u00ecnh gi\u1ea3ng d\u1ea1y t\u1eeb n\u0103m h\u1ecdc 1994-1995 nh\u1eb1m c\u1ee7ng c\u1ed1 ki\u1ebfn th\u1ee9c CNTT cho h\u1ecdc sinh d\u1ef1 b\u1ecb \u0111\u1ea1i h\u1ecdc, \u0111\u1ed3ng th\u1eddi gi\u00fap c\u00e1c em ti\u1ebfp c\u1eadn ki\u1ebfn th\u1ee9c CNTT \u1edf b\u1eadc \u0111\u1ea1i h\u1ecdc trong nh\u1eefng n\u0103m ti\u1ebfp theo. Vi\u1ec7c gi\u1ea3ng d\u1ea1y Tin h\u1ecdc \u0111\u01b0\u1ee3c B\u1ed9 m\u00f4n To\u00e1n \u2013 Tin\u2026 \u0110\u1ecdc ti\u1ebfp","og_url":"https:\/\/hcmpreu.edu.vn\/?page_id=425","og_site_name":"TR\u01af\u1edcNG D\u1ef0 B\u1eca \u0110\u1ea0I H\u1eccC TP.HCM","article_modified_time":"2021-11-18T16:07:51+00:00","og_image":[{"url":"https:\/\/hcmpreu.edu.vn\/wp-content\/uploads\/2020\/03\/tin40_01.png","type":"","width":"","height":""}],"twitter_card":"summary_large_image","twitter_misc":{"Est. reading time":"7 minutes"},"schema":{"@context":"https:\/\/schema.org","@graph":[{"@type":"WebPage","@id":"https:\/\/hcmpreu.edu.vn\/?page_id=425","url":"https:\/\/hcmpreu.edu.vn\/?page_id=425","name":"B\u1ed9 m\u00f4n Tin h\u1ecdc - TR\u01af\u1edcNG D\u1ef0 B\u1eca \u0110\u1ea0I H\u1eccC TP.HCM","isPartOf":{"@id":"https:\/\/hcmpreu.edu.vn\/#website"},"primaryImageOfPage":{"@id":"https:\/\/hcmpreu.edu.vn\/?page_id=425#primaryimage"},"image":{"@id":"https:\/\/hcmpreu.edu.vn\/?page_id=425#primaryimage"},"thumbnailUrl":"https:\/\/hcmpreu.edu.vn\/wp-content\/uploads\/2020\/03\/tin40_01.png","datePublished":"2017-09-21T10:50:58+00:00","dateModified":"2021-11-18T16:07:51+00:00","breadcrumb":{"@id":"https:\/\/hcmpreu.edu.vn\/?page_id=425#breadcrumb"},"inLanguage":"en-US","potentialAction":[{"@type":"ReadAction","target":["https:\/\/hcmpreu.edu.vn\/?page_id=425"]}]},{"@type":"ImageObject","inLanguage":"en-US","@id":"https:\/\/hcmpreu.edu.vn\/?page_id=425#primaryimage","url":"https:\/\/hcmpreu.edu.vn\/wp-content\/uploads\/2020\/03\/tin40_01.png","contentUrl":"https:\/\/hcmpreu.edu.vn\/wp-content\/uploads\/2020\/03\/tin40_01.png","width":200,"height":300},{"@type":"BreadcrumbList","@id":"https:\/\/hcmpreu.edu.vn\/?page_id=425#breadcrumb","itemListElement":[{"@type":"ListItem","position":1,"name":"Home","item":"https:\/\/hcmpreu.edu.vn\/"},{"@type":"ListItem","position":2,"name":"B\u1ed9 m\u00f4n Tin h\u1ecdc"}]},{"@type":"WebSite","@id":"https:\/\/hcmpreu.edu.vn\/#website","url":"https:\/\/hcmpreu.edu.vn\/","name":"TR\u01af\u1edcNG D\u1ef0 B\u1eca \u0110\u1ea0I H\u1eccC TP.HCM","description":"Pre-University","potentialAction":[{"@type":"SearchAction","target":{"@type":"EntryPoint","urlTemplate":"https:\/\/hcmpreu.edu.vn\/?s={search_term_string}"},"query-input":{"@type":"PropertyValueSpecification","valueRequired":true,"valueName":"search_term_string"}}],"inLanguage":"en-US"}]}},"rttpg_featured_image_url":null,"rttpg_author":{"display_name":"Kim Tuan Nguyen","author_link":"https:\/\/hcmpreu.edu.vn\/?author=2"},"rttpg_comment":0,"rttpg_category":null,"rttpg_excerpt":"S\u01a0 L\u01af\u1ee2C \u0110\u1eb6C \u0110I\u1ec2M T\u00ccNH H\u00ccNH Tr\u00ean \u0111\u01b0\u1eddng c\u00f4ng nghi\u1ec7p h\u00f3a, hi\u1ec7n \u0111\u1ea1i h\u00f3a, m\u1ecdi qu\u1ed1c gia \u0111\u1ec1u kh\u00f4ng th\u1ec3 kh\u00f4ng ch\u00fa \u00fd \u0111\u1ebfn c\u00f4ng ngh\u1ec7 th\u00f4ng tin (CNTT). T\u1eeb quan \u0111i\u1ec3m \u0111\u00f3, Tr\u01b0\u1eddng D\u1ef1 b\u1ecb \u0111\u1ea1i h\u1ecdc TP. H\u1ed3 Ch\u00ed Minh ch\u00ednh th\u1ee9c \u0111\u01b0a m\u00f4n Tin h\u1ecdc v\u00e0o ch\u01b0\u01a1ng tr\u00ecnh gi\u1ea3ng d\u1ea1y t\u1eeb n\u0103m&hellip;","_links":{"self":[{"href":"https:\/\/hcmpreu.edu.vn\/index.php?rest_route=\/wp\/v2\/pages\/425","targetHints":{"allow":["GET"]}}],"collection":[{"href":"https:\/\/hcmpreu.edu.vn\/index.php?rest_route=\/wp\/v2\/pages"}],"about":[{"href":"https:\/\/hcmpreu.edu.vn\/index.php?rest_route=\/wp\/v2\/types\/page"}],"author":[{"embeddable":true,"href":"https:\/\/hcmpreu.edu.vn\/index.php?rest_route=\/wp\/v2\/users\/2"}],"replies":[{"embeddable":true,"href":"https:\/\/hcmpreu.edu.vn\/index.php?rest_route=%2Fwp%2Fv2%2Fcomments&post=425"}],"version-history":[{"count":10,"href":"https:\/\/hcmpreu.edu.vn\/index.php?rest_route=\/wp\/v2\/pages\/425\/revisions"}],"predecessor-version":[{"id":4287,"href":"https:\/\/hcmpreu.edu.vn\/index.php?rest_route=\/wp\/v2\/pages\/425\/revisions\/4287"}],"wp:attachment":[{"href":"https:\/\/hcmpreu.edu.vn\/index.php?rest_route=%2Fwp%2Fv2%2Fmedia&parent=425"}],"curies":[{"name":"wp","href":"https:\/\/api.w.org\/{rel}","templated":true}]}}